{"id":638347,"date":"2025-10-22T21:17:35","date_gmt":"2025-10-22T19:17:35","guid":{"rendered":"https:\/\/lucacastelli.com\/prodotto\/stihl-kohlefaser-verlaengerung-fuer-stange-ht-km-hl-km\/"},"modified":"2025-10-27T07:37:48","modified_gmt":"2025-10-27T06:37:48","slug":"stihl-kohlefaser-verlaengerung-fuer-stange-ht-km-hl-km","status":"publish","type":"product","link":"https:\/\/lucacastelli.com\/de\/produkt\/stihl-kohlefaser-verlaengerung-fuer-stange-ht-km-hl-km\/","title":{"rendered":"STIHL Kohlefaser-Verl\u00e4ngerung f\u00fcr HT-KM und HL-KM Schaft"},"content":{"rendered":"<h2 class=\"product-details__title\">Gr\u00f6\u00dfere Reichweite f\u00fcr HT-KM und HL-KM Kombi-Ger\u00e4te<\/h2>\n<div class=\"product-details__description richtexteditor\">Extra leichte Kohlefaser-Verl\u00e4ngerung f\u00fcr HT-KM und HL-KM Schaft. Hohlwelle: 1m. F\u00fcr das STIHL Kombi-System.  <\/div>\n","protected":false},"excerpt":{"rendered":"<p>Gr\u00f6\u00dfere Reichweite f\u00fcr HT-KM und HL-KM Kombi-Ger\u00e4te Extra leichte Kohlefaser-Verl\u00e4ngerung f\u00fcr HT-KM und HL-KM Schaft. Hohlwelle: 1m. F\u00fcr das STIHL<\/p>\n","protected":false},"featured_media":638055,"template":"","meta":{"_seopress_robots_primary_cat":"","_seopress_titles_title":"","_seopress_titles_desc":"","_seopress_robots_index":""},"product_brand":[3554],"product_cat":[169,1639,1640],"product_tag":[],"class_list":{"0":"post-638347","1":"product","2":"type-product","3":"status-publish","4":"has-post-thumbnail","6":"product_brand-stihl-de","7":"product_cat-maschinen","8":"product_cat-kombi-und-multi-systeme","9":"product_cat-zubehor-und-verbrauchsmaterial-de-5","10":"sws-gruppo-macchinari-de","11":"sws-conto-ricavi-merci-rivendita-macchinari-de","12":"sws-gruppo-iva-iva81-de","14":"first","15":"instock","16":"shipping-taxable","17":"purchasable","18":"product-type-simple"},"_links":{"self":[{"href":"https:\/\/lucacastelli.com\/de\/wp-json\/wp\/v2\/product\/638347","targetHints":{"allow":["GET"]}}],"collection":[{"href":"https:\/\/lucacastelli.com\/de\/wp-json\/wp\/v2\/product"}],"about":[{"href":"https:\/\/lucacastelli.com\/de\/wp-json\/wp\/v2\/types\/product"}],"wp:featuredmedia":[{"embeddable":true,"href":"https:\/\/lucacastelli.com\/de\/wp-json\/wp\/v2\/media\/638055"}],"wp:attachment":[{"href":"https:\/\/lucacastelli.com\/de\/wp-json\/wp\/v2\/media?parent=638347"}],"wp:term":[{"taxonomy":"product_brand","embeddable":true,"href":"https:\/\/lucacastelli.com\/de\/wp-json\/wp\/v2\/product_brand?post=638347"},{"taxonomy":"product_cat","embeddable":true,"href":"https:\/\/lucacastelli.com\/de\/wp-json\/wp\/v2\/product_cat?post=638347"},{"taxonomy":"product_tag","embeddable":true,"href":"https:\/\/lucacastelli.com\/de\/wp-json\/wp\/v2\/product_tag?post=638347"}],"curies":[{"name":"wp","href":"https:\/\/api.w.org\/{rel}","templated":true}]}}