{"id":638322,"date":"2025-10-02T19:06:00","date_gmt":"2025-10-02T17:06:00","guid":{"rendered":"https:\/\/lucacastelli.com\/prodotto\/ortovox-swisswool-piz-duan-weste\/"},"modified":"2026-04-01T01:51:41","modified_gmt":"2026-03-31T23:51:41","slug":"ortovox-swisswool-piz-duan-weste","status":"publish","type":"product","link":"https:\/\/lucacastelli.com\/de\/produkt\/ortovox-swisswool-piz-duan-weste\/","title":{"rendered":"ORTOVOX SWISSWOOL PIZ DUAN WESTE"},"content":{"rendered":"<h3>Leichte, isolierende Weste mit Swisswool f\u00fcr vielseitigen Einsatz in den Bergen<\/h3>\n<p>Entwickelt f\u00fcr den vielseitigen Einsatz in den Bergen, 365 Tage im Jahr. Die PIZ DUAN WESTE kombiniert eine feuchtigkeitsregulierende SWISSWOOL-F\u00fcllung mit 60 g\/m\u00b2 mit einem wasserabweisenden und winddichten TEC-STRETCH-Au\u00dfenmaterial. Das Ergebnis? Ein ideales Gewichts-Isolations-Verh\u00e4ltnis mit geringem Packma\u00df.   <\/p>\n<p>Features wie die rucksackoptimierten Fronttaschen, die vorgeformte Kapuze sowie elastische \u00c4rmelb\u00fcndchen und Saum machen die PIZ DUAN WESTE zu einem zuverl\u00e4ssigen und funktionellen Begleiter. Das innovative Steppdesign und der Brustbereich mit diagonalen N\u00e4hten vervollst\u00e4ndigen dieses vielseitige Outdoor-Modell, das als Midlayer oder Outerlayer getragen werden kann. <\/p>\n<p>Bitte achten Sie besonders auf die Waschanleitung dieses Produkts.<\/p>\n<p>&nbsp;<\/p>\n<div id=\"pds__accordion-features-heading\" class=\"mb-4 mb-md-35\">\n<h3 class=\"pds__accordion-headline p-relative cursor-pointer p-0 m-0\"><span class=\"d-block p-0 accordion js-accordion-custom-toggle js-accordion-custom-toggle--hide-on-collapse\" role=\"button\" data-collapse=\"false\" data-target=\"#pds__accordion-features-wrapper\" data-multitarget-disabled-mobile=\"\" aria-expanded=\"true\" aria-controls=\"pds__accordion-features-wrapper\"><span class=\"d-flex justify-content-between align-items-center\"><span class=\"word-break-word\">Eigenschaften<\/span><i class=\"accordion__icon pds__accordion-icon icon\"><\/i><\/span><\/span><\/h3>\n<\/div>\n<div class=\"pds__accordion-wrapper\">\n<div id=\"pds__accordion-features-wrapper\" class=\"pds__accordion-features-multi-target collapse show\" data-partial-multi-target=\"true\" data-parent=\"#pds__accordion-features\">\n<div class=\"pb-4\">\n<div class=\"overflow-hidden\">\n<div class=\"wysiwyg\">\n<ul>\n<li>Voreingestellte Kapuze<\/li>\n<li>2 Fronttaschen<\/li>\n<li>Elastischer Saum<\/li>\n<li>Regular Fit<\/li>\n<\/ul>\n<p>&nbsp;<\/p>\n<\/div>\n<div class=\"row mb-100 mb-md-35\">\n<div class=\"col-12 col-md-10\">\n<h2 class=\"h3 pt-0 mb-4\">Idealer Einsatzbereich<\/h2>\n<div class=\"rating mb-3\">\n<div class=\"d-flex mb-2\"><\/div>\n<div class=\"rating__title text-uppercase pb-1\">Klettern 3\/5<\/div>\n<\/div>\n<div class=\"rating mb-3\">\n<div class=\"d-flex mb-2\"><\/div>\n<div class=\"rating__title text-uppercase pb-1\">Bergsteigen 5\/5<\/div>\n<\/div>\n<div class=\"rating mb-3\">\n<div class=\"d-flex mb-2\"><\/div>\n<div class=\"rating__title text-uppercase pb-1\">Schnelles Wandern 5\/5<\/div>\n<\/div>\n<div class=\"rating mb-3\">\n<div class=\"d-flex mb-2\"><\/div>\n<div class=\"rating__title text-uppercase pb-1\">Skitouren 5\/5<\/div>\n<\/div>\n<div class=\"rating\">\n<div class=\"d-flex mb-2\"><\/div>\n<div class=\"rating__title text-uppercase\">Freeride 3\/5<\/div>\n<\/div>\n<\/div>\n<\/div>\n<div id=\"pds__accordion-features\" class=\"mb-4 mb-md-35 accordion pds__accordion\">\n<div class=\"position-relative\">\n<div id=\"pds__accordion-features-heading\" class=\"mb-4 mb-md-35\">\n<h3 class=\"pds__accordion-headline p-relative cursor-pointer p-0 m-0\"><i class=\"accordion__icon pds__accordion-icon icon\"><\/i><span class=\"d-block p-0 accordion js-accordion-custom-toggle js-accordion-custom-toggle--hide-on-collapse\" role=\"button\" data-collapse=\"false\" data-target=\"#pds__accordion-features-wrapper\" data-multitarget-disabled-mobile=\"\" aria-expanded=\"true\" aria-controls=\"pds__accordion-features-wrapper\"><span class=\"d-flex justify-content-between align-items-center\"><span class=\"word-break-word\">Eigenschaften<\/span><i class=\"accordion__icon pds__accordion-icon icon\"><\/i><\/span><\/span><\/h3>\n<\/div>\n<div class=\"pds__accordion-wrapper\">\n<div id=\"pds__accordion-features-wrapper\" class=\"pds__accordion-features-multi-target collapse show\" data-partial-multi-target=\"true\" data-parent=\"#pds__accordion-features\">\n<div class=\"pb-4\">\n<div class=\"overflow-hidden\">\n<div class=\"wysiwyg\">\n<ul>\n<li>Voreingestellte Kapuze<\/li>\n<li>\n \t<\/li>\n<li>2 Fronttaschen<\/li>\n<li>Elastischer Saum<\/li>\n<li>Regular Fit<\/li>\n<\/ul>\n<\/div>\n<\/div>\n<\/div>\n<\/div>\n<\/div>\n<\/div>\n<\/div>\n<div id=\"pds__accordion-material-properties\" class=\"mb-4 mb-md-35 accordion pds__accordion\">\n<div class=\"position-relative\">\n<div id=\"pds__accordion-material-properties-heading\" class=\"mb-4 mb-md-35\">\n<h3 class=\"pds__accordion-headline p-relative cursor-pointer p-0 m-0\"><i class=\"accordion__icon pds__accordion-icon icon\"><\/i><span class=\"d-block p-0 accordion js-accordion-custom-toggle js-accordion-custom-toggle--hide-on-collapse\" role=\"button\" data-collapse=\"false\" data-target=\"#pds__accordion-material-properties-wrapper\" data-multitarget-disabled-mobile=\"\" aria-expanded=\"true\" aria-controls=\"pds__accordion-material-properties-wrapper\"><span class=\"d-flex justify-content-between align-items-center\"><span class=\"word-break-word\">Materialeigenschaften<\/span><i class=\"accordion__icon pds__accordion-icon icon\"><\/i><\/span><\/span><\/h3>\n<\/div>\n<div class=\"pds__accordion-wrapper\">\n<div id=\"pds__accordion-material-properties-wrapper\" class=\"pds__accordion-material-properties-multi-target collapse show\" data-partial-multi-target=\"true\" data-parent=\"#pds__accordion-material-properties\">\n<div class=\"pb-4\">\n<div class=\"overflow-hidden\">\n<div class=\"wysiwyg\">\n<ul>\n<li>TEC-STRETCH-AUSSENMATERIAL: elastisch, abriebfest, wasserabweisend und windabweisend<\/li>\n<li>SWISSWOOL: nachhaltig produziert, feuchtigkeitsregulierend (w\u00e4rmt auch im nassen Zustand), ideales Gewichts-Isolations-Verh\u00e4ltnis (60 g\/m\u00b2), geringes Packma\u00df<\/li>\n<\/ul>\n<p>HAUPTMATERIAL: 100 % Polyamid F\u00dcLLUNG: 80 % Schurwolle (SWISSWOOL) + 20 % Polylactid FUTTER: 100 % Polyamid<\/p>\n<\/div>\n<\/div>\n<\/div>\n<\/div>\n<\/div>\n<\/div>\n<\/div>\n<\/div>\n<\/div>\n<\/div>\n<\/div>\n","protected":false},"excerpt":{"rendered":"<p>Leichte, isolierende Weste mit Swisswool f\u00fcr vielseitigen Einsatz in den Bergen Entwickelt f\u00fcr den vielseitigen Einsatz in den Bergen, 365<\/p>\n","protected":false},"featured_media":638324,"template":"","meta":{"_seopress_robots_primary_cat":"none","_seopress_titles_title":"","_seopress_titles_desc":"","_seopress_robots_index":""},"product_brand":[3663],"product_cat":[974,975,82],"product_tag":[],"class_list":{"0":"post-638322","1":"product","2":"type-product","3":"status-publish","4":"has-post-thumbnail","6":"product_brand-ortovox-de","7":"product_cat-freizeitkleidung","8":"product_cat-herrenbekleidung","9":"product_cat-kleidung","10":"sws-gruppo-abb-libero-de","11":"sws-conto-ricavi-merci-rivendita-abbigliamento-de","12":"sws-gruppo-iva-iva81-de","14":"first","15":"instock","16":"shipping-taxable","17":"purchasable","18":"product-type-variable","19":"has-default-attributes"},"_links":{"self":[{"href":"https:\/\/lucacastelli.com\/de\/wp-json\/wp\/v2\/product\/638322","targetHints":{"allow":["GET"]}}],"collection":[{"href":"https:\/\/lucacastelli.com\/de\/wp-json\/wp\/v2\/product"}],"about":[{"href":"https:\/\/lucacastelli.com\/de\/wp-json\/wp\/v2\/types\/product"}],"wp:featuredmedia":[{"embeddable":true,"href":"https:\/\/lucacastelli.com\/de\/wp-json\/wp\/v2\/media\/638324"}],"wp:attachment":[{"href":"https:\/\/lucacastelli.com\/de\/wp-json\/wp\/v2\/media?parent=638322"}],"wp:term":[{"taxonomy":"product_brand","embeddable":true,"href":"https:\/\/lucacastelli.com\/de\/wp-json\/wp\/v2\/product_brand?post=638322"},{"taxonomy":"product_cat","embeddable":true,"href":"https:\/\/lucacastelli.com\/de\/wp-json\/wp\/v2\/product_cat?post=638322"},{"taxonomy":"product_tag","embeddable":true,"href":"https:\/\/lucacastelli.com\/de\/wp-json\/wp\/v2\/product_tag?post=638322"}],"curies":[{"name":"wp","href":"https:\/\/api.w.org\/{rel}","templated":true}]}}