{"id":638294,"date":"2025-10-21T17:39:33","date_gmt":"2025-10-21T15:39:33","guid":{"rendered":"https:\/\/lucacastelli.com\/prodotto\/helly-hansen-damen-val-disere-3-0-jacke\/"},"modified":"2026-04-01T01:51:24","modified_gmt":"2026-03-31T23:51:24","slug":"helly-hansen-damen-val-disere-3-0-jacke","status":"publish","type":"product","link":"https:\/\/lucacastelli.com\/de\/produkt\/helly-hansen-damen-val-disere-3-0-jacke\/","title":{"rendered":"HELLY HANSEN Val-d&#8217;Is\u00e8re 3.0 Jacke f\u00fcr Damen"},"content":{"rendered":"<p>F\u00fcr Skifahrerinnen, die eine Kombination aus Stil, Komfort und Leistung suchen, ist unsere Val-d&#8217;Is\u00e8re 3.0 Jacke die perfekte Wahl f\u00fcr Ihre Tage auf der Piste. Diese Jacke mit HELLY TECH\u00ae Performance Technologie ist wasserdicht, winddicht und atmungsaktiv und somit ideal zum Skifahren im tiefsten Winter. Wir haben die Passform am Oberk\u00f6rper verbessert, die Bewegungsfreiheit an den \u00c4rmeln erh\u00f6ht und die Kapuze mit einer weichen, flauschigen Krempe noch komfortabler gemacht. Die synthetische Daunenisolierung und 100 g PrimaLoft\u00ae BLACK Eco Isolierung sorgen f\u00fcr W\u00e4rme, w\u00e4hrend die vollst\u00e4ndig versiegelten N\u00e4hte Sie trocken halten. Wir haben sie so konzipiert, dass sie Ihnen alles bietet, was Sie auf der Piste brauchen, wie z. B. Handgelenkgamaschen, eine helmtaugliche Kapuze, Bel\u00fcftungsrei\u00dfverschl\u00fcsse unter den Armen und verschiedene Taschen, darunter gef\u00fctterte Handw\u00e4rmertaschen f\u00fcr zus\u00e4tzliche W\u00e4rme.    <\/p>\n<p>&nbsp;<\/p>\n<p>Fasergehalt:<br \/>\nObermaterial: 100 % Polyester \u2013 Futter: 100 % Polyamid (recycelt) \u2013 Futter 2: 90 % Polyester (recycelt), 10 % Polyester \u2013 Isolierung: 100 % Polyester (recycelt)<\/p>\n<p>Pflegehinweise:<br \/>\nVor dem Waschen die Rei\u00dfverschl\u00fcsse schlie\u00dfen. Nicht einweichen. Keinen Weichsp\u00fcler verwenden. Sofort aus der Waschmaschine nehmen. Im Trockner mit Trocknerb\u00e4llen trocknen. Im Trockner vollst\u00e4ndig trocknen.      Mit \u00e4hnlichen Farben waschen. Verwenden Sie ein spezielles Waschmittel f\u00fcr technische Kleidung. Trocknen Sie das Kleidungsst\u00fcck im Trockner, um die wasserabweisende Behandlung zu reaktivieren. <\/p>\n<p>&nbsp;<\/p>\n<ul>\n<li>HELLY TECH\u00ae PERFORMANCE<\/li>\n<li>RECCO\u00ae<\/li>\n<li>Produkt geeignet f\u00fcr SKI FREE<\/li>\n<li>Synthetische Daunenisolierung<\/li>\n<li>Vollst\u00e4ndig versiegelte Konstruktion<\/li>\n<li>2-lagige Konstruktion<\/li>\n<li>Handgelenksgamaschen<\/li>\n<li>Verstellbare Kapuze mit Kordelzug<\/li>\n<li>Kinnschutz<\/li>\n<li>Verstellbare Schneegamasche<\/li>\n<li>Bel\u00fcftungsrei\u00dfverschl\u00fcsse unter den Achseln<\/li>\n<li>Verstellbare Manschetten mit Verschluss<\/li>\n<li>Verstellbarer Kordelzug am Saum<\/li>\n<li>Innere Brusttasche mit Rei\u00dfverschluss<\/li>\n<li>Innentasche aus Netzstoff<\/li>\n<li>Skipass-Tasche<\/li>\n<li>Handw\u00e4rmertaschen mit geb\u00fcrstetem Futter<\/li>\n<li>Brusttasche mit sicherem Rei\u00dfverschluss<\/li>\n<li>Helmtaugliche Kapuze<\/li>\n<li>Recycelter Inhalt<\/li>\n<li>PFC-freie DWR<\/li>\n<\/ul>\n","protected":false},"excerpt":{"rendered":"<p>F\u00fcr Skifahrerinnen, die eine Kombination aus Stil, Komfort und Leistung suchen, ist unsere Val-d&#8217;Is\u00e8re 3.0 Jacke die perfekte Wahl f\u00fcr<\/p>\n","protected":false},"featured_media":638296,"template":"","meta":{"_seopress_robots_primary_cat":"none","_seopress_titles_title":"","_seopress_titles_desc":"","_seopress_robots_index":""},"product_brand":[3425],"product_cat":[21,189,200],"product_tag":[],"class_list":{"0":"post-638294","1":"product","2":"type-product","3":"status-publish","4":"has-post-thumbnail","6":"product_brand-helly-hansen","7":"product_cat-abbigliamento","8":"product_cat-abbigliamento-per-il-tempo-libero","9":"product_cat-abbigliamento-da-donna","10":"sws-gruppo-abb-libero-de","11":"sws-conto-ricavi-merci-rivendita-abbigliamento-de","12":"sws-gruppo-iva-iva81-de","14":"first","15":"instock","16":"shipping-taxable","17":"purchasable","18":"product-type-variable","19":"has-default-attributes"},"_links":{"self":[{"href":"https:\/\/lucacastelli.com\/de\/wp-json\/wp\/v2\/product\/638294","targetHints":{"allow":["GET"]}}],"collection":[{"href":"https:\/\/lucacastelli.com\/de\/wp-json\/wp\/v2\/product"}],"about":[{"href":"https:\/\/lucacastelli.com\/de\/wp-json\/wp\/v2\/types\/product"}],"wp:featuredmedia":[{"embeddable":true,"href":"https:\/\/lucacastelli.com\/de\/wp-json\/wp\/v2\/media\/638296"}],"wp:attachment":[{"href":"https:\/\/lucacastelli.com\/de\/wp-json\/wp\/v2\/media?parent=638294"}],"wp:term":[{"taxonomy":"product_brand","embeddable":true,"href":"https:\/\/lucacastelli.com\/de\/wp-json\/wp\/v2\/product_brand?post=638294"},{"taxonomy":"product_cat","embeddable":true,"href":"https:\/\/lucacastelli.com\/de\/wp-json\/wp\/v2\/product_cat?post=638294"},{"taxonomy":"product_tag","embeddable":true,"href":"https:\/\/lucacastelli.com\/de\/wp-json\/wp\/v2\/product_tag?post=638294"}],"curies":[{"name":"wp","href":"https:\/\/api.w.org\/{rel}","templated":true}]}}