{"id":638277,"date":"2025-10-02T16:11:10","date_gmt":"2025-10-02T14:11:10","guid":{"rendered":"https:\/\/lucacastelli.com\/prodotto\/ortovox-swisswool-piz-boe-jacket\/"},"modified":"2026-04-01T01:51:42","modified_gmt":"2026-03-31T23:51:42","slug":"ortovox-swisswool-piz-boe-jacket","status":"publish","type":"product","link":"https:\/\/lucacastelli.com\/de\/produkt\/ortovox-swisswool-piz-boe-jacket\/","title":{"rendered":"ORTOVOX SWISSWOOL PIZ BO\u00c8 JACKE"},"content":{"rendered":"<h3>Leichte, atmungsaktive Isolationsjacke mit Swisswool f\u00fcr Skitouren<\/h3>\n<p>&nbsp;<\/p>\n<p>Von den Rinnen der Dolomiten bis zu den unber\u00fchrten H\u00e4ngen des Arlbergs: Maximale Konzentration am Berg mit der SWISSWOOL PIZ BO\u00c8 JACKE f\u00fcr anspruchsvolle Skitourengeher.<\/p>\n<p>Dank der feuchtigkeitsregulierenden 60 g\/m\u00b2 Swisswool-F\u00fcllung bietet diese Jacke ein ideales Gewichts-Isolations-Verh\u00e4ltnis an kalten Bergtagen. Das robuste PERTEX\u00ae QUANTUM Au\u00dfenmaterial garantiert zuverl\u00e4ssigen Schutz vor Wind und N\u00e4sse. Die elastischen MERINO AIRSOLATION Stretch Eins\u00e4tze unter den Armen und am R\u00fccken sind hoch atmungsaktiv und bieten maximale Bewegungsfreiheit in anspruchsvollem Gel\u00e4nde auf dem Weg zum Gipfel.  <\/p>\n<p>Die zahlreichen Features sind f\u00fcr den Einsatz im alpinen Gel\u00e4nde konzipiert. Die strategisch platzierten Brusttaschen sind auch mit Rucksack oder Klettergurt leicht zug\u00e4nglich. Die vorgeformte Kapuze mit Softshell-Abschluss sowie die elastischen \u00c4rmelb\u00fcndchen und der Saum sch\u00fctzen dich vor Wind und K\u00e4lte auf eisigen Graten. Der athletische Schnitt und die neue, dreieckige Steppung perfektionieren das innovative Design der SWISSWOOL PIZ BO\u00c8 JACKE.   <\/p>\n<p>&nbsp;<\/p>\n<div id=\"pds__accordion-features-heading\" class=\"mb-4 mb-md-35\">\n<h3 class=\"pds__accordion-headline p-relative cursor-pointer p-0 m-0\"><span class=\"d-block p-0 accordion js-accordion-custom-toggle js-accordion-custom-toggle--hide-on-collapse\" role=\"button\" data-collapse=\"false\" data-target=\"#pds__accordion-features-wrapper\" data-multitarget-disabled-mobile=\"\" aria-expanded=\"true\" aria-controls=\"pds__accordion-features-wrapper\"><span class=\"d-flex justify-content-between align-items-center\"><span class=\"word-break-word\">Eigenschaften<\/span><i class=\"accordion__icon pds__accordion-icon icon\"><\/i><\/span><\/span><\/h3>\n<\/div>\n<div class=\"pds__accordion-wrapper\">\n<div id=\"pds__accordion-features-wrapper\" class=\"pds__accordion-features-multi-target collapse show\" data-partial-multi-target=\"true\" data-parent=\"#pds__accordion-features\">\n<div class=\"pb-4\">\n<div class=\"overflow-hidden\">\n<div class=\"wysiwyg\">\n<ul>\n<li>Kapuze mit elastischem Besatz<\/li>\n<li>Zwei Brusttaschen (Rucksack-optimiert)<\/li>\n<li>Mesh-Taschenfutter mit Bel\u00fcftungsfunktion<\/li>\n<li>Elastische Manschetten<\/li>\n<li>Ergonomischer Schnitt<\/li>\n<li>Elastischer Saum<\/li>\n<li>Athletic Fit<\/li>\n<\/ul>\n<\/div>\n<\/div>\n<\/div>\n<div id=\"pds__accordion-material-properties-heading\" class=\"mb-4 mb-md-35\">\n<h3 class=\"pds__accordion-headline p-relative cursor-pointer p-0 m-0\"><span class=\"d-block p-0 accordion js-accordion-custom-toggle js-accordion-custom-toggle--hide-on-collapse\" role=\"button\" data-collapse=\"false\" data-target=\"#pds__accordion-material-properties-wrapper\" data-multitarget-disabled-mobile=\"\" aria-expanded=\"true\" aria-controls=\"pds__accordion-material-properties-wrapper\"><span class=\"d-flex justify-content-between align-items-center\"><span class=\"word-break-word\">Materialeigenschaften<\/span><i class=\"accordion__icon pds__accordion-icon icon\"><\/i><\/span><\/span><\/h3>\n<\/div>\n<div class=\"pds__accordion-wrapper\">\n<div id=\"pds__accordion-material-properties-wrapper\" class=\"pds__accordion-material-properties-multi-target collapse show\" data-partial-multi-target=\"true\" data-parent=\"#pds__accordion-material-properties\">\n<div class=\"pb-4\">\n<div class=\"overflow-hidden\">\n<div class=\"wysiwyg\">\n<ul>\n<li>Wasserabweisend und winddicht<\/li>\n<li>Hohe Abriebfestigkeit: &gt; 50.000 Scheuertouren im Martindale-Test<\/li>\n<li>Atmungsaktivit\u00e4t<\/li>\n<li>Nachhaltig produzierte Naturfaser<\/li>\n<li>Reguliert die Feuchtigkeit<\/li>\n<li>Ideales Gewichts-Isolations-Verh\u00e4ltnis (60 g \/ m\u00b2)<\/li>\n<li>Kompaktes Packma\u00df<\/li>\n<li>Vier-Wege-Stretch-Gewebe<\/li>\n<li>Merinowolle auf der Haut<\/li>\n<li>Leicht<\/li>\n<li>Trocknet schnell<\/li>\n<li>PFC-frei: Wasser und Schmutz perlen ab<\/li>\n<\/ul>\n<\/div>\n<\/div>\n<p>AUSSEN: PERTEX\u00ae QUANTUM: 100 % Polyamid (recycelt) F\u00dcLLUNG: 80 % Schurwolle (Swisswool) + 20 % Polylactid FUTTER: 100 % Polyamid (recycelt) MERINO AIRSOLATION STRETCH EINS\u00c4TZE: 74 % Polyamid + 15 % Schurwolle (MERINO) + 11 % Elastan<\/p>\n<\/div>\n<\/div>\n<\/div>\n<\/div>\n<\/div>\n","protected":false},"excerpt":{"rendered":"<p>Leichte, atmungsaktive Isolationsjacke mit Swisswool f\u00fcr Skitouren &nbsp; Von den Rinnen der Dolomiten bis zu den unber\u00fchrten H\u00e4ngen des Arlbergs:<\/p>\n","protected":false},"featured_media":638278,"template":"","meta":{"_seopress_robots_primary_cat":"none","_seopress_titles_title":"","_seopress_titles_desc":"","_seopress_robots_index":""},"product_brand":[3663],"product_cat":[974,975,82],"product_tag":[],"class_list":{"0":"post-638277","1":"product","2":"type-product","3":"status-publish","4":"has-post-thumbnail","6":"product_brand-ortovox-de","7":"product_cat-freizeitkleidung","8":"product_cat-herrenbekleidung","9":"product_cat-kleidung","10":"sws-gruppo-abb-libero-de","11":"sws-conto-ricavi-merci-rivendita-abbigliamento-de","12":"sws-gruppo-iva-iva81-de","14":"first","15":"instock","16":"shipping-taxable","17":"purchasable","18":"product-type-variable","19":"has-default-attributes"},"_links":{"self":[{"href":"https:\/\/lucacastelli.com\/de\/wp-json\/wp\/v2\/product\/638277","targetHints":{"allow":["GET"]}}],"collection":[{"href":"https:\/\/lucacastelli.com\/de\/wp-json\/wp\/v2\/product"}],"about":[{"href":"https:\/\/lucacastelli.com\/de\/wp-json\/wp\/v2\/types\/product"}],"wp:featuredmedia":[{"embeddable":true,"href":"https:\/\/lucacastelli.com\/de\/wp-json\/wp\/v2\/media\/638278"}],"wp:attachment":[{"href":"https:\/\/lucacastelli.com\/de\/wp-json\/wp\/v2\/media?parent=638277"}],"wp:term":[{"taxonomy":"product_brand","embeddable":true,"href":"https:\/\/lucacastelli.com\/de\/wp-json\/wp\/v2\/product_brand?post=638277"},{"taxonomy":"product_cat","embeddable":true,"href":"https:\/\/lucacastelli.com\/de\/wp-json\/wp\/v2\/product_cat?post=638277"},{"taxonomy":"product_tag","embeddable":true,"href":"https:\/\/lucacastelli.com\/de\/wp-json\/wp\/v2\/product_tag?post=638277"}],"curies":[{"name":"wp","href":"https:\/\/api.w.org\/{rel}","templated":true}]}}