{"id":638253,"date":"2025-10-01T17:19:19","date_gmt":"2025-10-01T15:19:19","guid":{"rendered":"https:\/\/lucacastelli.com\/prodotto\/stihl-tsa-500\/"},"modified":"2025-10-27T07:41:16","modified_gmt":"2025-10-27T06:41:16","slug":"stihl-tsa-500","status":"publish","type":"product","link":"https:\/\/lucacastelli.com\/de\/produkt\/stihl-tsa-500\/","title":{"rendered":"STIHL TSA 500"},"content":{"rendered":"<h2 class=\"product-details__title\">Akku-Trennschleifer TSA 500 B: professionelles Hochleistungs-Akkuger\u00e4t mit HMI ADVANCE Plus<\/h2>\n<div class=\"product-details__description richtexteditor\">\n<p>Der leistungsstarke Akku-Trennschleifer STIHL TSA 500 B des STIHL AP Systems arbeitet mit 2 STIHL AP 500 S Akkus. Er ist vielseitig und ideal f\u00fcr Garten- und Landschaftsprofis, f\u00fcr den Hoch- und Tiefbau sowie f\u00fcr Rettungsdienste und Feuerwehren. Er erm\u00f6glicht das zuverl\u00e4ssige Schneiden verschiedener Materialien wie Stahl, Beton, Ziegel oder Naturstein. Dank des emissionsfreien Betriebs kann der Akku-Trennschleifer TSA 500 B auch in Geb\u00e4uden eingesetzt werden.  <\/p>\n<\/div>\n<p>&nbsp;<\/p>\n<table data-test-id=\"pdp-spec-tech-table\">\n<tbody>\n<tr>\n<td>Nennspannung<\/td>\n<td>72 V<\/td>\n<\/tr>\n<tr>\n<td>Leistungsaufnahme<\/td>\n<td>5 kW<\/td>\n<\/tr>\n<tr>\n<td>Leistung<\/td>\n<td>4,20 kW<\/td>\n<\/tr>\n<tr>\n<td>Akkusystem<\/td>\n<td>AP<\/td>\n<\/tr>\n<tr>\n<td>Empfohlener Akku<\/td>\n<td>AP 500 S<\/td>\n<\/tr>\n<tr>\n<td>Ger\u00e4tegewicht ohne Akku<\/td>\n<td>9,1 kg<\/td>\n<\/tr>\n<tr>\n<td>Trennscheibendurchmesser<\/td>\n<td>350 mm<\/td>\n<\/tr>\n<tr>\n<td>Maximale Schnitttiefe<\/td>\n<td>125 mm<\/td>\n<\/tr>\n<tr>\n<td>IP-Schutzgrad<\/td>\n<td>IPX4<\/td>\n<\/tr>\n<tr>\n<td>Minimale Betriebszeit Akku AP 200 S<\/td>\n<td>8 min<\/td>\n<\/tr>\n<tr>\n<td>Maximale Betriebszeit Akku AP 200 S<\/td>\n<td>16 min<\/td>\n<\/tr>\n<tr>\n<td>Minimale Betriebszeit Akku AP 300 S<\/td>\n<td>15 min<\/td>\n<\/tr>\n<tr>\n<td>Maximale Betriebszeit Akku AP 300 S<\/td>\n<td>30 min<\/td>\n<\/tr>\n<tr>\n<td>Minimale Betriebszeit Akku AP 500 S<\/td>\n<td>20 min<\/td>\n<\/tr>\n<tr>\n<td>Maximale Betriebszeit Akku AP 500 S<\/td>\n<td>40 min<\/td>\n<\/tr>\n<tr>\n<td>Ger\u00e4tel\u00e4nge mit Trennscheibe<\/td>\n<td>82,1 cm<\/td>\n<\/tr>\n<tr>\n<td>Schalldruckpegel<\/td>\n<td>106 dB(A)<\/td>\n<\/tr>\n<tr>\n<td>Schallleistungspegel<\/td>\n<td>117 dB(A)<\/td>\n<\/tr>\n<tr>\n<td>Vibrationswert links<\/td>\n<td>2,4 m\/s\u00b2<\/td>\n<\/tr>\n<tr>\n<td>Vibrationswert rechts<\/td>\n<td>2 m\/s\u00b2<\/td>\n<\/tr>\n<\/tbody>\n<\/table>\n","protected":false},"excerpt":{"rendered":"<p>Akku-Trennschleifer TSA 500 B: professionelles Hochleistungs-Akkuger\u00e4t mit HMI ADVANCE Plus Der leistungsstarke Akku-Trennschleifer STIHL TSA 500 B des STIHL AP<\/p>\n","protected":false},"featured_media":633942,"template":"","meta":{"_seopress_robots_primary_cat":"","_seopress_titles_title":"","_seopress_titles_desc":"","_seopress_robots_index":""},"product_brand":[3366],"product_cat":[29,495,496],"product_tag":[],"class_list":{"0":"post-638253","1":"product","2":"type-product","3":"status-publish","4":"has-post-thumbnail","6":"product_brand-stihl","7":"product_cat-macchinari","8":"product_cat-troncatrici-e-mototroncatrici","9":"product_cat-troncatrici","10":"sws-gruppo-macchinari-de","11":"sws-conto-ricavi-merci-rivendita-macchinari-de","12":"sws-gruppo-iva-iva81-de","14":"first","15":"instock","16":"shipping-taxable","17":"purchasable","18":"product-type-simple"},"_links":{"self":[{"href":"https:\/\/lucacastelli.com\/de\/wp-json\/wp\/v2\/product\/638253","targetHints":{"allow":["GET"]}}],"collection":[{"href":"https:\/\/lucacastelli.com\/de\/wp-json\/wp\/v2\/product"}],"about":[{"href":"https:\/\/lucacastelli.com\/de\/wp-json\/wp\/v2\/types\/product"}],"wp:featuredmedia":[{"embeddable":true,"href":"https:\/\/lucacastelli.com\/de\/wp-json\/wp\/v2\/media\/633942"}],"wp:attachment":[{"href":"https:\/\/lucacastelli.com\/de\/wp-json\/wp\/v2\/media?parent=638253"}],"wp:term":[{"taxonomy":"product_brand","embeddable":true,"href":"https:\/\/lucacastelli.com\/de\/wp-json\/wp\/v2\/product_brand?post=638253"},{"taxonomy":"product_cat","embeddable":true,"href":"https:\/\/lucacastelli.com\/de\/wp-json\/wp\/v2\/product_cat?post=638253"},{"taxonomy":"product_tag","embeddable":true,"href":"https:\/\/lucacastelli.com\/de\/wp-json\/wp\/v2\/product_tag?post=638253"}],"curies":[{"name":"wp","href":"https:\/\/api.w.org\/{rel}","templated":true}]}}