{"id":638238,"date":"2025-10-02T18:54:40","date_gmt":"2025-10-02T16:54:40","guid":{"rendered":"https:\/\/lucacastelli.com\/prodotto\/ortovox-fleecejacke\/"},"modified":"2026-04-01T01:51:41","modified_gmt":"2026-03-31T23:51:41","slug":"ortovox-fleecejacke","status":"publish","type":"product","link":"https:\/\/lucacastelli.com\/de\/produkt\/ortovox-fleecejacke\/","title":{"rendered":"ORTOVOX FLEECE JACKET"},"content":{"rendered":"<div class=\"wysiwyg wysiwyg--no-first-child-correction mb-4\">\n<h3>Warme Fleecejacke aus recyceltem Polyester und Merinowolle f\u00fcr k\u00fchle und trockene Tage<\/h3>\n<\/div>\n<div id=\"pds__accordion-additional-info-inner\" class=\" accordion pds__accordion\">\n<div class=\"position-relative\">\n<div class=\"pds__accordion-wrapper border-0\">\n<div id=\"pds__accordion-additional-info-inner-wrapper\" class=\"collapse seo-collapse disable-collapse-md\" data-parent=\"#pds__accordion-additional-info-inner\">\n<div class=\"pb-4\">\n<div class=\"overflow-hidden\">\n<div class=\"pb-md-3 pb-4\">\n<div class=\"border border-grey p-20 mb-4\">\n<p>Die FLEECE JACKET f\u00fcr Herren ist ein unverzichtbares Kleidungsst\u00fcck, das die Funktionalit\u00e4t, Bewegungsfreiheit und den nat\u00fcrlichen W\u00e4rmekomfort bietet, die in den Bergen an kalten Wintertagen unerl\u00e4sslich sind.<\/p>\n<p>Die innovative Stricktechnik dieser bew\u00e4hrten Fleecejacke verleiht ihr eine matte Oberfl\u00e4che, die den schlichten und sportlichen Look unterstreicht. Die exklusive Mischung aus weicher Merinowolle auf der Innenseite und recyceltem Polyester auf der Au\u00dfenseite macht die Jacke besonders strapazierf\u00e4hig und atmungsaktiv. <\/p>\n<p>Da das MERINO FLEECE sehr elastisch ist, passt sich die FLEECE JACKET f\u00fcr Herren optimal dem K\u00f6rper an und bietet maximale Bewegungsfreiheit. Die weiche Merinowolle, die auf nat\u00fcrliche Weise Feuchtigkeit und Temperatur reguliert, sorgt f\u00fcr eine optimale K\u00f6rpertemperatur und ist angenehm auf der Haut. <\/p>\n<p>Die beiden Seitentaschen mit traditionellem Loden der Firma STEINER halten die H\u00e4nde warm und bieten Platz f\u00fcr kleine, wichtige Gegenst\u00e4nde, die immer griffbereit sein m\u00fcssen. Dank der speziellen Verarbeitungstechnik schlie\u00dfen die Daumenl\u00f6cher optimal und verhindern so einen W\u00e4rmeverlust. So ist unsere FLEECE JACKET f\u00fcr Herren bereit f\u00fcr alle Ihre Winteraktivit\u00e4ten, sowohl in den Bergen als auch im Tal.  <\/p>\n<p>&nbsp;<\/p>\n<\/div>\n<div id=\"pds__accordion-features-heading\" class=\"mb-4 mb-md-35\">\n<h3 class=\"pds__accordion-headline p-relative cursor-pointer p-0 m-0\"><span class=\"d-block p-0 accordion js-accordion-custom-toggle js-accordion-custom-toggle--hide-on-collapse\" role=\"button\" data-collapse=\"false\" data-target=\"#pds__accordion-features-wrapper\" data-multitarget-disabled-mobile=\"\" aria-expanded=\"true\" aria-controls=\"pds__accordion-features-wrapper\"><span class=\"d-flex justify-content-between align-items-center\"><span class=\"word-break-word\">Eigenschaften<\/span><i class=\"accordion__icon pds__accordion-icon icon\"><\/i><\/span><\/span><\/h3>\n<\/div>\n<div class=\"pds__accordion-wrapper\">\n<div id=\"pds__accordion-features-wrapper\" class=\"pds__accordion-features-multi-target collapse show\" data-partial-multi-target=\"true\" data-parent=\"#pds__accordion-features\">\n<div class=\"pb-4\">\n<div class=\"overflow-hidden\">\n<div class=\"wysiwyg\">\n<ul>\n<li>Schutzkragen<\/li>\n<li>2 Fronttaschen<\/li>\n<li>Daumenschlaufen<\/li>\n<li>Regular Fit<\/li>\n<\/ul>\n<\/div>\n<\/div>\n<div id=\"pds__accordion-material-properties-heading\" class=\"mb-4 mb-md-35\">\n<h3 class=\"pds__accordion-headline p-relative cursor-pointer p-0 m-0\"><span class=\"d-block p-0 accordion js-accordion-custom-toggle js-accordion-custom-toggle--hide-on-collapse\" role=\"button\" data-collapse=\"false\" data-target=\"#pds__accordion-material-properties-wrapper\" data-multitarget-disabled-mobile=\"\" aria-expanded=\"true\" aria-controls=\"pds__accordion-material-properties-wrapper\"><span class=\"d-flex justify-content-between align-items-center\"><span class=\"word-break-word\">Materialeigenschaften<\/span><i class=\"accordion__icon pds__accordion-icon icon\"><\/i><\/span><\/span><\/h3>\n<\/div>\n<div class=\"pds__accordion-wrapper\">\n<div id=\"pds__accordion-material-properties-wrapper\" class=\"pds__accordion-material-properties-multi-target collapse show\" data-partial-multi-target=\"true\" data-parent=\"#pds__accordion-material-properties\">\n<div class=\"pb-4\">\n<div class=\"overflow-hidden\">\n<div class=\"wysiwyg\">\n<ul>\n<li>Merinowolle auf der Haut<\/li>\n<li>Hohe Atmungsaktivit\u00e4t<\/li>\n<li>Sehr elastisch<\/li>\n<li>Langlebigkeit und Robustheit<\/li>\n<li>Trocknet schnell<\/li>\n<li>Hoher Tragekomfort<\/li>\n<\/ul>\n<\/div>\n<p>HAUPTMATERIAL: 64 % Polyester (recycelt) + 30 % Schurwolle (OWP-Merino) + 6 % Elastan EINS\u00c4TZE: 100 % Schurwolle (OWP-MERINO)<\/p>\n<\/div>\n<\/div>\n<\/div>\n<\/div>\n<\/div>\n<\/div>\n<\/div>\n<\/div>\n<\/div>\n<\/div>\n<\/div>\n<\/div>\n<\/div>\n<\/div>\n","protected":false},"excerpt":{"rendered":"<p>Warme Fleecejacke aus recyceltem Polyester und Merinowolle f\u00fcr k\u00fchle und trockene Tage Die FLEECE JACKET f\u00fcr Herren ist ein unverzichtbares<\/p>\n","protected":false},"featured_media":638239,"template":"","meta":{"_seopress_robots_primary_cat":"none","_seopress_titles_title":"","_seopress_titles_desc":"","_seopress_robots_index":""},"product_brand":[3280],"product_cat":[21,189,190],"product_tag":[],"class_list":{"0":"post-638238","1":"product","2":"type-product","3":"status-publish","4":"has-post-thumbnail","6":"product_brand-ortovox","7":"product_cat-abbigliamento","8":"product_cat-abbigliamento-per-il-tempo-libero","9":"product_cat-abbigliamento-da-uomo","10":"sws-gruppo-abb-libero-de","11":"sws-conto-ricavi-merci-rivendita-abbigliamento-de","12":"sws-gruppo-iva-iva81-de","14":"first","15":"instock","16":"shipping-taxable","17":"purchasable","18":"product-type-variable","19":"has-default-attributes"},"_links":{"self":[{"href":"https:\/\/lucacastelli.com\/de\/wp-json\/wp\/v2\/product\/638238","targetHints":{"allow":["GET"]}}],"collection":[{"href":"https:\/\/lucacastelli.com\/de\/wp-json\/wp\/v2\/product"}],"about":[{"href":"https:\/\/lucacastelli.com\/de\/wp-json\/wp\/v2\/types\/product"}],"wp:featuredmedia":[{"embeddable":true,"href":"https:\/\/lucacastelli.com\/de\/wp-json\/wp\/v2\/media\/638239"}],"wp:attachment":[{"href":"https:\/\/lucacastelli.com\/de\/wp-json\/wp\/v2\/media?parent=638238"}],"wp:term":[{"taxonomy":"product_brand","embeddable":true,"href":"https:\/\/lucacastelli.com\/de\/wp-json\/wp\/v2\/product_brand?post=638238"},{"taxonomy":"product_cat","embeddable":true,"href":"https:\/\/lucacastelli.com\/de\/wp-json\/wp\/v2\/product_cat?post=638238"},{"taxonomy":"product_tag","embeddable":true,"href":"https:\/\/lucacastelli.com\/de\/wp-json\/wp\/v2\/product_tag?post=638238"}],"curies":[{"name":"wp","href":"https:\/\/api.w.org\/{rel}","templated":true}]}}