{"id":638214,"date":"2025-10-23T21:19:10","date_gmt":"2025-10-23T19:19:10","guid":{"rendered":"https:\/\/lucacastelli.com\/prodotto\/stihl-fsa-110-r-mit-2-ap-20\/"},"modified":"2025-10-27T07:36:52","modified_gmt":"2025-10-27T06:36:52","slug":"stihl-fsa-110-r-mit-2-ap-20","status":"publish","type":"product","link":"https:\/\/lucacastelli.com\/de\/produkt\/stihl-fsa-110-r-mit-2-ap-20\/","title":{"rendered":"STIHL FSA 110 R mit 2 AP 20"},"content":{"rendered":"<h2 class=\"product-details__title\">Akku Freischneider FSA 110 R: leise, leicht und leistungsstark f\u00fcr professionelle und anspruchsvolle Schneidearbeiten im Privatbereich<\/h2>\n<div class=\"product-details__description richtexteditor\">\n<p>Der leistungsstarke Akku Freischneider STIHL FSA 110 R aus dem <strong>STIHL AP-System<\/strong> eignet sich f\u00fcr professionelle M\u00e4harbeiten in kleineren Betrieben, z. B. in der Geb\u00e4udeverwaltung, sowie f\u00fcr anspruchsvolle Arbeiten im privaten Bereich. Er \u00fcberzeugt durch die Kombination aus guter Schnittleistung und geringem Gewicht, beispielsweise zum <strong>M\u00e4hen von mittelhohem Gras<\/strong>, zum Ausputzen schwer zug\u00e4nglicher Bereiche und zum Schneiden von Rasenkanten. Der STIHL FSA 110 R bietet besonderen Komfort durch das Rapid-Click-System, mit dem Sie den Schneidkopf einfach und schnell per Knopfdruck entfernen k\u00f6nnen. Mit Advanced EasySpool k\u00f6nnen Sie den Faden bequem von Hand in den Schneidkopf einwickeln.   <\/p>\n<p>Der b\u00fcrstenlose EC-Motor kann \u00fcber eine variable Geschwindigkeitsregelung mit 2 Geschwindigkeitsstufen direkt vom Griff aus gesteuert werden. F\u00fcr einfachere Aufgaben, wie das Trimmen von Rasenkanten, w\u00e4hlen Sie im ECO-Modus (Stufe 1) eine niedrigere Geschwindigkeit. Auf diese Weise haben Sie einen geringeren Energieverbrauch und k\u00f6nnen die Akkulaufzeit verl\u00e4ngern. F\u00fcr anspruchsvollere Arbeiten, wie das M\u00e4hen von dichtem Gras, k\u00f6nnen Sie durch einfaches Umschalten auf Stufe 2 \u00fcber den Schiebeschalter die maximale Geschwindigkeit nutzen. Die Geschwindigkeit passt sich automatisch an das montierte Schneidwerkzeug an und kann stufenlos reguliert werden. Dar\u00fcber hinaus erm\u00f6glicht die intelligente Elektronik dem FSA 110 R, unabh\u00e4ngig vom Ladezustand des Akkus, konstant mit hoher Leistung zu arbeiten.     <\/p>\n<p>Kompakt und gut ausbalanciert erm\u00f6glicht der STIHL FSA 110 R dank des Rundumgriffs mit weicher Komponente ein flexibles Arbeiten mit viel Bewegungsfreiheit. Dies zeigt sich besonders bei Ausputzarbeiten in beengten Verh\u00e4ltnissen, beim M\u00e4hen zwischen B\u00e4umen und Str\u00e4uchern oder in anderen engen Bereichen. Dar\u00fcber hinaus erm\u00f6glicht der werkzeuglos verstellbare Rundumgriff eine einfache Anpassung an Ihre K\u00f6rpergr\u00f6\u00dfe, wodurch Ihnen stets eine ergonomische Arbeitshaltung garantiert wird.  <\/p>\n<p>Der Akku Freischneider FSA 110 R ist so leise, dass er ohne Geh\u00f6rschutz und auch in l\u00e4rmsensiblen Bereichen wie Schulen, Krankenh\u00e4usern oder Stadtparks eingesetzt werden kann.<\/p>\n<p>F\u00fcr M\u00e4harbeiten empfehlen wir die Verwendung des runden Schneidfadens mit einem Durchmesser von 2,4 mm. Als optionales Zubeh\u00f6r ist auch der STIHL PolyCut 12-2 M\u00e4hkopf mit Kunststoffmessern erh\u00e4ltlich, der ebenfalls werkzeuglos ausgetauscht werden kann. Dank der praktischen Aufh\u00e4nge\u00f6se k\u00f6nnen Sie den STIHL FSA 110 R an die Wand h\u00e4ngen. <\/p>\n<p>Alle Akku-Ger\u00e4te des STIHL AP-Systems sind f\u00fcr den regelm\u00e4\u00dfigen professionellen Einsatz auch unter widrigen Wetterbedingungen ausgelegt. Daher sind sie mit einem gepr\u00fcften Spritzwasserschutz ausgestattet. Die Wirksamkeit wird durch strenge interne Tests nachgewiesen. Der Spritzwassertest basiert unter anderem auf der Norm IPX4. Der Akku Freischneider FSA 110 R ist zudem f\u00fcr Arbeiten im Regen geeignet.    <\/p>\n<\/div>\n<p>&nbsp;<\/p>\n<p>&nbsp;<\/p>\n<p>Set bestehend aus:<\/p>\n<p>1 Stk. Freischneider STIHL FSA 110 R<\/p>\n<p>2 Stk. Akku STIHL AP 20<\/p>\n<p>&nbsp;<\/p>\n<p>Arbeitszeit f\u00fcr 1 Akku AP 20: 25 bis 45 Minuten<\/p>\n","protected":false},"excerpt":{"rendered":"<p>Akku Freischneider FSA 110 R: leise, leicht und leistungsstark f\u00fcr professionelle und anspruchsvolle Schneidearbeiten im Privatbereich Der leistungsstarke Akku Freischneider<\/p>\n","protected":false},"featured_media":638215,"template":"","meta":{"_seopress_robots_primary_cat":"none","_seopress_titles_title":"","_seopress_titles_desc":"","_seopress_robots_index":""},"product_brand":[3554],"product_cat":[1609,1581,169],"product_tag":[],"class_list":{"0":"post-638214","1":"product","2":"type-product","3":"status-publish","4":"has-post-thumbnail","6":"product_brand-stihl-de","7":"product_cat-akkubetriebene-freischneider-und-trimmer","8":"product_cat-freischneider-und-trimmer","9":"product_cat-maschinen","10":"sws-gruppo-macchinari-de","11":"sws-conto-ricavi-merci-rivendita-macchinari-de","12":"sws-gruppo-iva-iva81-de","14":"first","15":"instock","16":"sale","17":"shipping-taxable","18":"purchasable","19":"product-type-simple"},"_links":{"self":[{"href":"https:\/\/lucacastelli.com\/de\/wp-json\/wp\/v2\/product\/638214","targetHints":{"allow":["GET"]}}],"collection":[{"href":"https:\/\/lucacastelli.com\/de\/wp-json\/wp\/v2\/product"}],"about":[{"href":"https:\/\/lucacastelli.com\/de\/wp-json\/wp\/v2\/types\/product"}],"wp:featuredmedia":[{"embeddable":true,"href":"https:\/\/lucacastelli.com\/de\/wp-json\/wp\/v2\/media\/638215"}],"wp:attachment":[{"href":"https:\/\/lucacastelli.com\/de\/wp-json\/wp\/v2\/media?parent=638214"}],"wp:term":[{"taxonomy":"product_brand","embeddable":true,"href":"https:\/\/lucacastelli.com\/de\/wp-json\/wp\/v2\/product_brand?post=638214"},{"taxonomy":"product_cat","embeddable":true,"href":"https:\/\/lucacastelli.com\/de\/wp-json\/wp\/v2\/product_cat?post=638214"},{"taxonomy":"product_tag","embeddable":true,"href":"https:\/\/lucacastelli.com\/de\/wp-json\/wp\/v2\/product_tag?post=638214"}],"curies":[{"name":"wp","href":"https:\/\/api.w.org\/{rel}","templated":true}]}}