{"id":638213,"date":"2025-10-02T19:14:29","date_gmt":"2025-10-02T17:14:29","guid":{"rendered":"https:\/\/lucacastelli.com\/prodotto\/ortovox-punta-berrino-weste\/"},"modified":"2026-04-01T01:51:41","modified_gmt":"2026-03-31T23:51:41","slug":"ortovox-punta-berrino-weste","status":"publish","type":"product","link":"https:\/\/lucacastelli.com\/de\/produkt\/ortovox-punta-berrino-weste\/","title":{"rendered":"ORTOVOX PUNTA BERRINO VEST"},"content":{"rendered":"<h2 id=\"toc-entry-target-1\" class=\"js-toc__title pds__detail-headline\">EIN VIELSEITIGES KLEIDUNGSST\u00dcCK F\u00dcR SCHNEE, EIS UND FELS<\/h2>\n<h3>Leichte und robuste Softshell-Weste f\u00fcr anspruchsvolle Skitouren<\/h3>\n<p>&nbsp;<\/p>\n<p>Von Feierabendtouren bis hin zu mehrt\u00e4gigen alpinen Abenteuern: Die PUNTA BERRINO WESTE ist eine funktionelle und leichte, minimalistische Weste. Vielseitig und minimalistisch konzipiert, um anspruchsvolle Anstiege und lange Abfahrten zu meistern. <\/p>\n<p>Das weiche MERINO AIRSOLATION Softshell-Material ist robust, atmungsaktiv, winddicht und wasserabweisend \u2013 f\u00fcr maximale Bewegungsfreiheit bei anstrengenden Touren. Innen reguliert die weiche Merinowolle die Feuchtigkeit und sorgt f\u00fcr eine leichte Isolation. <\/p>\n<p>Die zahlreichen Features der PUNTA BERRINO WESTE mit ihrem athletischen Schnitt sind auf anspruchsvolle Skitourengeher zugeschnitten: vom doppellagigen Kragen \u00fcber die rucksackkompatible Brusttasche mit Netzfutter bis hin zum elastischen Armausschnitt. Damit Sie sich schnell im Gebirge bewegen und sich voll und ganz auf den Aufstieg zum Gipfel konzentrieren k\u00f6nnen. <\/p>\n<p>&nbsp;<\/p>\n<div id=\"pds__accordion-features-heading\" class=\"mb-4 mb-md-35\">\n<h3 class=\"pds__accordion-headline p-relative cursor-pointer p-0 m-0\"><span class=\"d-block p-0 accordion js-accordion-custom-toggle js-accordion-custom-toggle--hide-on-collapse\" role=\"button\" data-collapse=\"false\" data-target=\"#pds__accordion-features-wrapper\" data-multitarget-disabled-mobile=\"\" aria-expanded=\"true\" aria-controls=\"pds__accordion-features-wrapper\"><span class=\"d-flex justify-content-between align-items-center\"><span class=\"word-break-word\">Eigenschaften<\/span><i class=\"accordion__icon pds__accordion-icon icon\"><\/i><\/span><\/span><\/h3>\n<\/div>\n<div class=\"pds__accordion-wrapper\">\n<div id=\"pds__accordion-features-wrapper\" class=\"pds__accordion-features-multi-target collapse show\" data-partial-multi-target=\"true\" data-parent=\"#pds__accordion-features\">\n<div class=\"pb-4\">\n<div class=\"overflow-hidden\">\n<div class=\"wysiwyg\">\n<ul>\n<li>Doppellagiger Kragen<\/li>\n<li>1 Brusttasche<\/li>\n<li>Mesh-Taschenfutter mit Bel\u00fcftungsfunktion<\/li>\n<li>Elastischer Armausschnitt mit optimalem Abschluss<\/li>\n<li>Verklebter Saum vorne, elastischer Einsatz am R\u00fccken<\/li>\n<li>Athletic Fit<\/li>\n<\/ul>\n<p>&nbsp;<\/p>\n<\/div>\n<\/div>\n<\/div>\n<\/div>\n<\/div>\n<div id=\"pds__accordion-material-properties-heading\" class=\"mb-4 mb-md-35\">\n<h3 class=\"pds__accordion-headline p-relative cursor-pointer p-0 m-0\"><span class=\"d-block p-0 accordion js-accordion-custom-toggle js-accordion-custom-toggle--hide-on-collapse\" role=\"button\" data-collapse=\"false\" data-target=\"#pds__accordion-material-properties-wrapper\" data-multitarget-disabled-mobile=\"\" aria-expanded=\"true\" aria-controls=\"pds__accordion-material-properties-wrapper\"><span class=\"d-flex justify-content-between align-items-center\"><span class=\"word-break-word\">Materialeigenschaften<\/span><i class=\"accordion__icon pds__accordion-icon icon\"><\/i><\/span><\/span><\/h3>\n<\/div>\n<div class=\"pds__accordion-wrapper\">\n<div id=\"pds__accordion-material-properties-wrapper\" class=\"pds__accordion-material-properties-multi-target collapse show\" data-partial-multi-target=\"true\" data-parent=\"#pds__accordion-material-properties\">\n<div class=\"pb-4\">\n<div class=\"overflow-hidden\">\n<div class=\"wysiwyg\">\n<ul>\n<li>Hohe Atmungsaktivit\u00e4t<\/li>\n<li>Wasserabweisend und winddicht<\/li>\n<li>Leicht<\/li>\n<li>Hohe Abriebfestigkeit<\/li>\n<li>Trocknet schnell<\/li>\n<li>2-Wege-Stretchmaterial<\/li>\n<li>Merinowolle auf der Haut<\/li>\n<\/ul>\n<\/div>\n<\/div>\n<p>HAUPTMATERIAL: MERINO AIRSOLATION: 79 % Polyamid + 11 % Schurwolle (MERINO) + 10 % Elastan<\/p>\n<\/div>\n<\/div>\n<\/div>\n","protected":false},"excerpt":{"rendered":"<p>EIN VIELSEITIGES KLEIDUNGSST\u00dcCK F\u00dcR SCHNEE, EIS UND FELS Leichte und robuste Softshell-Weste f\u00fcr anspruchsvolle Skitouren &nbsp; Von Feierabendtouren bis hin<\/p>\n","protected":false},"featured_media":638216,"template":"","meta":{"_seopress_robots_primary_cat":"none","_seopress_titles_title":"","_seopress_titles_desc":"","_seopress_robots_index":""},"product_brand":[3280],"product_cat":[21,189,190],"product_tag":[],"class_list":{"0":"post-638213","1":"product","2":"type-product","3":"status-publish","4":"has-post-thumbnail","6":"product_brand-ortovox","7":"product_cat-abbigliamento","8":"product_cat-abbigliamento-per-il-tempo-libero","9":"product_cat-abbigliamento-da-uomo","10":"sws-gruppo-abb-libero-de","11":"sws-conto-ricavi-merci-rivendita-abbigliamento-de","12":"sws-gruppo-iva-iva81-de","14":"first","15":"instock","16":"shipping-taxable","17":"purchasable","18":"product-type-variable","19":"has-default-attributes"},"_links":{"self":[{"href":"https:\/\/lucacastelli.com\/de\/wp-json\/wp\/v2\/product\/638213","targetHints":{"allow":["GET"]}}],"collection":[{"href":"https:\/\/lucacastelli.com\/de\/wp-json\/wp\/v2\/product"}],"about":[{"href":"https:\/\/lucacastelli.com\/de\/wp-json\/wp\/v2\/types\/product"}],"wp:featuredmedia":[{"embeddable":true,"href":"https:\/\/lucacastelli.com\/de\/wp-json\/wp\/v2\/media\/638216"}],"wp:attachment":[{"href":"https:\/\/lucacastelli.com\/de\/wp-json\/wp\/v2\/media?parent=638213"}],"wp:term":[{"taxonomy":"product_brand","embeddable":true,"href":"https:\/\/lucacastelli.com\/de\/wp-json\/wp\/v2\/product_brand?post=638213"},{"taxonomy":"product_cat","embeddable":true,"href":"https:\/\/lucacastelli.com\/de\/wp-json\/wp\/v2\/product_cat?post=638213"},{"taxonomy":"product_tag","embeddable":true,"href":"https:\/\/lucacastelli.com\/de\/wp-json\/wp\/v2\/product_tag?post=638213"}],"curies":[{"name":"wp","href":"https:\/\/api.w.org\/{rel}","templated":true}]}}