{"id":638181,"date":"2025-10-21T15:28:51","date_gmt":"2025-10-21T13:28:51","guid":{"rendered":"https:\/\/lucacastelli.com\/prodotto\/helly-hansen-addvis-regenmantel\/"},"modified":"2025-10-21T15:28:51","modified_gmt":"2025-10-21T13:28:51","slug":"helly-hansen-addvis-regenmantel","status":"publish","type":"product","link":"https:\/\/lucacastelli.com\/de\/produkt\/helly-hansen-addvis-regenmantel\/","title":{"rendered":"HELLY HANSEN ADDVIS REGENMANTEL"},"content":{"rendered":"<p>F\u00fcr umfassenden Schutz von Kopf bis Fu\u00df bei widrigsten und dunkelsten Wetterbedingungen w\u00e4hlen kluge Arbeiter den ADDVIS Regenmantel. Entwickelt und getestet, um internationale Standards f\u00fcr hohe Sichtbarkeit und Regenschutz zu erf\u00fcllen, h\u00e4lt dieser Regenmantel Sie trocken, sichtbar und sicher. Passen Sie die Passform mit verstellbaren Elementen an \u00c4rmelb\u00fcndchen, Saum und Kapuze an. Die \u00c4rmelb\u00fcndchen werden mit Druckkn\u00f6pfen geschlossen, und der Zwei-Wege-Frontrei\u00dfverschluss verf\u00fcgt \u00fcber eine doppelte Windschutzleiste und einen Kinnschutz. Die Eingrifftaschen sind mit Schutzklappen versehen, und die Kapuze ist abnehmbar, wenn das Wetter besser wird. Der ADDVIS Regenmantel erm\u00f6glicht es Ihnen, ein speziell entwickeltes Design und eine Konstruktion mit hochwertigen Komponenten wie YKK\u00ae-Rei\u00dfverschl\u00fcssen und AMANN Industriegarn zu genie\u00dfen.     <\/p>\n<p>Zusammensetzung:<\/p>\n<p>Au\u00dfenmaterial: 100 % Polyurethan, 170 g\/m\u00b2<\/p>\n<p>Pflegehinweise:<\/p>\n<p>Klettverschluss vor dem Waschen schlie\u00dfen. Rei\u00dfverschl\u00fcsse vor dem Waschen schlie\u00dfen. Keinen Weichsp\u00fcler verwenden.   Mit \u00e4hnlichen Farben waschen. Maschinenw\u00e4sche bei 40 \u00b0C. Nicht bleichen. Nicht im Trockner trocknen. Nicht b\u00fcgeln. Nicht chemisch reinigen.    <\/p>\n<ul>\n<li>EN ISO 20471:2013:3<\/li>\n<li>EN 343:2019: 4, 1, X<\/li>\n<li>AMANN Garne<\/li>\n<li>YKK\u00ae-Rei\u00dfverschluss<\/li>\n<li>Verstellbare Kapuze mit elastischem Kordelzug<\/li>\n<li>Abnehmbare Kapuze<\/li>\n<li>Doppelte Windschutzleiste vorne<\/li>\n<li>YKK\u00ae Zwei-Wege-Frontrei\u00dfverschluss mit Kinnschutz<\/li>\n<li>Handtaschen<\/li>\n<li>Verstellbare \u00c4rmelb\u00fcndchen mit Druckkn\u00f6pfen<\/li>\n<\/ul>\n","protected":false},"excerpt":{"rendered":"<p>F\u00fcr umfassenden Schutz von Kopf bis Fu\u00df bei widrigsten und dunkelsten Wetterbedingungen w\u00e4hlen kluge Arbeiter den ADDVIS Regenmantel. Entwickelt und<\/p>\n","protected":false},"featured_media":637825,"template":"","meta":{"_seopress_robots_primary_cat":"","_seopress_titles_title":"","_seopress_titles_desc":"","_seopress_robots_index":""},"product_brand":[4385],"product_cat":[21,284],"product_tag":[],"class_list":{"0":"post-638181","1":"product","2":"type-product","3":"status-publish","4":"has-post-thumbnail","6":"product_brand-helly-hansen-workwear","7":"product_cat-abbigliamento","8":"product_cat-abbigliamento-da-lavoro","9":"sws-gruppo-abb-libero-de","10":"sws-conto-ricavi-merci-rivendita-abbigliamento-de","11":"sws-gruppo-iva-iva81-de","13":"first","14":"instock","15":"shipping-taxable","16":"purchasable","17":"product-type-variable"},"_links":{"self":[{"href":"https:\/\/lucacastelli.com\/de\/wp-json\/wp\/v2\/product\/638181","targetHints":{"allow":["GET"]}}],"collection":[{"href":"https:\/\/lucacastelli.com\/de\/wp-json\/wp\/v2\/product"}],"about":[{"href":"https:\/\/lucacastelli.com\/de\/wp-json\/wp\/v2\/types\/product"}],"wp:featuredmedia":[{"embeddable":true,"href":"https:\/\/lucacastelli.com\/de\/wp-json\/wp\/v2\/media\/637825"}],"wp:attachment":[{"href":"https:\/\/lucacastelli.com\/de\/wp-json\/wp\/v2\/media?parent=638181"}],"wp:term":[{"taxonomy":"product_brand","embeddable":true,"href":"https:\/\/lucacastelli.com\/de\/wp-json\/wp\/v2\/product_brand?post=638181"},{"taxonomy":"product_cat","embeddable":true,"href":"https:\/\/lucacastelli.com\/de\/wp-json\/wp\/v2\/product_cat?post=638181"},{"taxonomy":"product_tag","embeddable":true,"href":"https:\/\/lucacastelli.com\/de\/wp-json\/wp\/v2\/product_tag?post=638181"}],"curies":[{"name":"wp","href":"https:\/\/api.w.org\/{rel}","templated":true}]}}