{"id":637194,"date":"2025-10-07T09:42:30","date_gmt":"2025-10-07T07:42:30","guid":{"rendered":"https:\/\/lucacastelli.com\/prodotto\/ortovox-peak-beanie\/"},"modified":"2025-10-27T08:12:48","modified_gmt":"2025-10-27T07:12:48","slug":"ortovox-peak-beanie","status":"publish","type":"product","link":"https:\/\/lucacastelli.com\/de\/produkt\/ortovox-peak-beanie\/","title":{"rendered":"ORTOVOX PEAK BEANIE"},"content":{"rendered":"<h2 id=\"toc-entry-target-1\" class=\"js-toc__title pds__detail-headline\" tabindex=\"-1\">DER BESTE KOPFSCHUTZ<\/h2>\n<h3>Sportliche Merinowolle-M\u00fctze f\u00fcr vielf\u00e4ltige Eins\u00e4tze in den Bergen<\/h3>\n<p>&nbsp;<\/p>\n<p>Den Kopf trotz intensiver Anstrengungen und eisiger Temperaturen warm halten: Die PEAK BEANIE wird Ihr idealer und nachhaltiger Begleiter in den Bergen sein. Au\u00dfen zeichnet sich die Merinowolle durch ihre temperatur- und feuchtigkeitsregulierenden Eigenschaften aus, w\u00e4hrend das weiche Innenfutter im Stirnband aus hochwertiger Merinowolle und Tencel-Fasern Sie vor Wind und K\u00e4lte sch\u00fctzt.<\/p>\n<p>Die eng anliegende PEAK BEANIE bietet daher den idealen W\u00e4rmeschutz f\u00fcr den Kopf, besonders bei Skitouren oder Freeride-Ausfl\u00fcgen.<\/p>\n<p>AUSSEN: 100 % Schurwolle, INNEN: 47 % Schurwolle (MERINO) + 47 % Modal + 6 % Polyamid<\/p>\n","protected":false},"excerpt":{"rendered":"<p>DER BESTE KOPFSCHUTZ Sportliche Merinowolle-M\u00fctze f\u00fcr vielf\u00e4ltige Eins\u00e4tze in den Bergen &nbsp; Den Kopf trotz intensiver Anstrengungen und eisiger Temperaturen<\/p>\n","protected":false},"featured_media":634536,"template":"","meta":{"_seopress_robots_primary_cat":"none","_seopress_titles_title":"","_seopress_titles_desc":"","_seopress_robots_index":""},"product_brand":[3280],"product_cat":[21,186],"product_tag":[],"class_list":{"0":"post-637194","1":"product","2":"type-product","3":"status-publish","4":"has-post-thumbnail","6":"product_brand-ortovox","7":"product_cat-abbigliamento","8":"product_cat-accessori-per-labbigliamento","9":"sws-gruppo-abb-libero-de","10":"sws-conto-ricavi-merci-rivendita-abbigliamento-de","11":"sws-gruppo-iva-iva81-de","13":"first","14":"instock","15":"shipping-taxable","16":"purchasable","17":"product-type-variable","18":"has-default-attributes"},"_links":{"self":[{"href":"https:\/\/lucacastelli.com\/de\/wp-json\/wp\/v2\/product\/637194","targetHints":{"allow":["GET"]}}],"collection":[{"href":"https:\/\/lucacastelli.com\/de\/wp-json\/wp\/v2\/product"}],"about":[{"href":"https:\/\/lucacastelli.com\/de\/wp-json\/wp\/v2\/types\/product"}],"wp:featuredmedia":[{"embeddable":true,"href":"https:\/\/lucacastelli.com\/de\/wp-json\/wp\/v2\/media\/634536"}],"wp:attachment":[{"href":"https:\/\/lucacastelli.com\/de\/wp-json\/wp\/v2\/media?parent=637194"}],"wp:term":[{"taxonomy":"product_brand","embeddable":true,"href":"https:\/\/lucacastelli.com\/de\/wp-json\/wp\/v2\/product_brand?post=637194"},{"taxonomy":"product_cat","embeddable":true,"href":"https:\/\/lucacastelli.com\/de\/wp-json\/wp\/v2\/product_cat?post=637194"},{"taxonomy":"product_tag","embeddable":true,"href":"https:\/\/lucacastelli.com\/de\/wp-json\/wp\/v2\/product_tag?post=637194"}],"curies":[{"name":"wp","href":"https:\/\/api.w.org\/{rel}","templated":true}]}}