{"id":637183,"date":"2025-10-07T09:51:25","date_gmt":"2025-10-07T07:51:25","guid":{"rendered":"https:\/\/lucacastelli.com\/prodotto\/ortovox-pro-beanie\/"},"modified":"2025-10-27T08:12:42","modified_gmt":"2025-10-27T07:12:42","slug":"ortovox-pro-beanie","status":"publish","type":"product","link":"https:\/\/lucacastelli.com\/de\/produkt\/ortovox-pro-beanie\/","title":{"rendered":"ORTOVOX PRO BEANIE"},"content":{"rendered":"<h2 id=\"toc-entry-target-1\" class=\"js-toc__title pds__detail-headline\" tabindex=\"-1\">W\u00c4RME GRIFFBEREIT<\/h2>\n<h3>Warme und weiche Merino-Wollm\u00fctze f\u00fcr kalte Bergtage<\/h3>\n<p>Warm und kompakt, die mitteldicke PRO BEANIE M\u00fctze ist perfekt zum Mitnehmen beim Skitouren, Bergsteigen oder Bergwandern, da sie die W\u00e4rme speichert und die Temperatur optimal reguliert. Au\u00dfen w\u00e4rmt sie dank 100% weicher Merinowolle und reguliert gleichzeitig Temperatur und Feuchtigkeit. Das Innenfutter aus Tencel\u2122 Modal-Fasern ist hautfreundlich und sch\u00fctzt effektiv vor K\u00e4lte und Wind.  <\/p>\n<p>&nbsp;<\/p>\n<div id=\"pds__accordion-features-heading\" class=\"mb-4 mb-md-35\">\n<h3 class=\"pds__accordion-headline p-relative cursor-pointer p-0 m-0\"><span class=\"d-block p-0 accordion js-accordion-custom-toggle js-accordion-custom-toggle--hide-on-collapse\" tabindex=\"0\" role=\"button\" data-collapse=\"false\" data-target=\"#pds__accordion-features-wrapper\" data-multitarget-disabled-mobile=\"\" aria-expanded=\"true\" aria-controls=\"pds__accordion-features-wrapper\"><span class=\"d-flex justify-content-between align-items-center\"><span class=\"word-break-word\">Eigenschaften<\/span><i class=\"accordion__icon pds__accordion-icon icon\"><\/i><\/span><\/span><\/h3>\n<\/div>\n<div class=\"pds__accordion-wrapper\">\n<div id=\"pds__accordion-features-wrapper\" class=\"pds__accordion-features-multi-target collapse show\" data-partial-multi-target=\"true\" data-parent=\"#pds__accordion-features\">\n<div class=\"pb-4\">\n<div class=\"overflow-hidden\">\n<div class=\"wysiwyg\">\n<ul>\n<li>Gr\u00f6\u00dfe 50-56 cm<\/li>\n<\/ul>\n<p>AUSSEN: 100% Schurwolle (OWP-Merino) INNEN: 68% Polyester + 24% Wolle (OWP-Merino) + 8% Polyamid<\/p>\n<\/div>\n<\/div>\n<\/div>\n<\/div>\n<\/div>\n","protected":false},"excerpt":{"rendered":"<p>W\u00c4RME GRIFFBEREIT Warme und weiche Merino-Wollm\u00fctze f\u00fcr kalte Bergtage Warm und kompakt, die mitteldicke PRO BEANIE M\u00fctze ist perfekt zum<\/p>\n","protected":false},"featured_media":634541,"template":"","meta":{"_seopress_robots_primary_cat":"none","_seopress_titles_title":"","_seopress_titles_desc":"","_seopress_robots_index":""},"product_brand":[3663],"product_cat":[1391,82],"product_tag":[],"class_list":{"0":"post-637183","1":"product","2":"type-product","3":"status-publish","4":"has-post-thumbnail","6":"product_brand-ortovox-de","7":"product_cat-bekleidungs-accessoires","8":"product_cat-kleidung","9":"sws-gruppo-abb-libero-de","10":"sws-conto-ricavi-merci-rivendita-abbigliamento-de","11":"sws-gruppo-iva-iva81-de","13":"first","14":"instock","15":"shipping-taxable","16":"purchasable","17":"product-type-variable","18":"has-default-attributes"},"_links":{"self":[{"href":"https:\/\/lucacastelli.com\/de\/wp-json\/wp\/v2\/product\/637183","targetHints":{"allow":["GET"]}}],"collection":[{"href":"https:\/\/lucacastelli.com\/de\/wp-json\/wp\/v2\/product"}],"about":[{"href":"https:\/\/lucacastelli.com\/de\/wp-json\/wp\/v2\/types\/product"}],"wp:featuredmedia":[{"embeddable":true,"href":"https:\/\/lucacastelli.com\/de\/wp-json\/wp\/v2\/media\/634541"}],"wp:attachment":[{"href":"https:\/\/lucacastelli.com\/de\/wp-json\/wp\/v2\/media?parent=637183"}],"wp:term":[{"taxonomy":"product_brand","embeddable":true,"href":"https:\/\/lucacastelli.com\/de\/wp-json\/wp\/v2\/product_brand?post=637183"},{"taxonomy":"product_cat","embeddable":true,"href":"https:\/\/lucacastelli.com\/de\/wp-json\/wp\/v2\/product_cat?post=637183"},{"taxonomy":"product_tag","embeddable":true,"href":"https:\/\/lucacastelli.com\/de\/wp-json\/wp\/v2\/product_tag?post=637183"}],"curies":[{"name":"wp","href":"https:\/\/api.w.org\/{rel}","templated":true}]}}