{"id":637182,"date":"2025-10-07T09:33:08","date_gmt":"2025-10-07T07:33:08","guid":{"rendered":"https:\/\/lucacastelli.com\/prodotto\/ortovox-120-tec-logo-neckwarmer\/"},"modified":"2025-10-27T08:07:32","modified_gmt":"2025-10-27T07:07:32","slug":"ortovox-120-tec-logo-neckwarmer","status":"publish","type":"product","link":"https:\/\/lucacastelli.com\/de\/produkt\/ortovox-120-tec-logo-neckwarmer\/","title":{"rendered":"ORTOVOX 120 TEC LOGO NECKWARMER"},"content":{"rendered":"<h2 id=\"toc-entry-target-1\" class=\"js-toc__title pds__detail-headline\" tabindex=\"-1\">DAS BESTE F\u00dcR DEN HALS<\/h2>\n<h3>Ultraleichter Halsw\u00e4rmer aus einem technischen Wollmix f\u00fcr Sommerwanderungen<\/h3>\n<p>Der 120 TEC LOGO NECKWARMER ist perfekt f\u00fcr Ihren Sommer in den Bergen: Dank der CORESPUN TECHNOLOGY BY \u00a9 S\u00dcDWOLLE GROUP ist das Gewebe aus Merinowolle und Polyamid extrem leicht und gleichzeitig sehr widerstandsf\u00e4hig. Das elastische und weiche Material sch\u00fctzt den Kopf, nimmt dank der tasmanischen Merinowolle schnell Feuchtigkeit auf und ist angenehm leicht. Ideal f\u00fcr Aktivit\u00e4ten, bei denen man zum Schwitzen neigt.  <\/p>\n<p>&nbsp;<\/p>\n<div id=\"pds__accordion-material-properties-heading\" class=\"mb-4 mb-md-35\">\n<h3 class=\"pds__accordion-headline p-relative cursor-pointer p-0 m-0\"><span class=\"d-block p-0 accordion js-accordion-custom-toggle js-accordion-custom-toggle--hide-on-collapse\" tabindex=\"0\" role=\"button\" data-collapse=\"false\" data-target=\"#pds__accordion-material-properties-wrapper\" data-multitarget-disabled-mobile=\"\" aria-expanded=\"true\" aria-controls=\"pds__accordion-material-properties-wrapper\"><span class=\"d-flex justify-content-between align-items-center\"><span class=\"word-break-word\">Materialeigenschaften<\/span><i class=\"accordion__icon pds__accordion-icon icon\"><\/i><\/span><\/span><\/h3>\n<\/div>\n<div class=\"pds__accordion-wrapper\">\n<div id=\"pds__accordion-material-properties-wrapper\" class=\"pds__accordion-material-properties-multi-target collapse show\" data-partial-multi-target=\"true\" data-parent=\"#pds__accordion-material-properties\">\n<div class=\"pb-4\">\n<div class=\"overflow-hidden\">\n<div class=\"wysiwyg\">\n<ul>\n<li>Elastisch<\/li>\n<li>Langlebig<\/li>\n<li>Geruchsneutral: 85% Merinowolle neutralisiert Ger\u00fcche<\/li>\n<li>CORESPUN TECHNOLOGY by \u00a9 S\u00fcdwolle Group: f\u00fcr mehr Stabilit\u00e4t<\/li>\n<li>Extrem leicht<\/li>\n<li>Widerstandsf\u00e4hig<\/li>\n<\/ul>\n<\/div>\n<p>MATERIAL:<\/p>\n<div id=\"pds__accordion-additional-info-wrapper\" class=\"pds__accordion-features-multi-target pds__accordion-material-properties-multi-target pds__accordion-materials-multi-target seo-collapse-md pds-collapse-md collapse show\" data-parent=\"#pds__accordion-additional-info\">\n<div class=\"pb-0\">\n<div class=\"row row--gutter-width-20\">\n<div class=\"col-12 col-md-6\">\n<div id=\"pds__accordion-materials\" class=\" accordion pds__accordion\">\n<div class=\"position-relative\">\n<div class=\"pds__accordion-wrapper\">\n<div id=\"pds__accordion-materials-wrapper\" class=\"pds__accordion-materials-multi-target collapse show\" data-partial-multi-target=\"true\" data-parent=\"#pds__accordion-materials\">\n<div class=\"pb-4\">\n<div class=\"wysiwyg mb-30\">\n<p>85 % Schurwolle (MERINO OWP) + 15 % Polyamid<\/p>\n<\/div>\n<\/div>\n<\/div>\n<\/div>\n<\/div>\n<\/div>\n<\/div>\n<\/div>\n<\/div>\n<\/div>\n<div id=\"pds__accordion-additional-info-toggle\" class=\"gradient-before d-none d-md-block\">\n<div class=\"mb-0 d-flex justify-content-center\"><\/div>\n<\/div>\n<\/div>\n<\/div>\n<\/div>\n<\/div>\n","protected":false},"excerpt":{"rendered":"<p>DAS BESTE F\u00dcR DEN HALS Ultraleichter Halsw\u00e4rmer aus einem technischen Wollmix f\u00fcr Sommerwanderungen Der 120 TEC LOGO NECKWARMER ist perfekt<\/p>\n","protected":false},"featured_media":634530,"template":"","meta":{"_seopress_robots_primary_cat":"none","_seopress_titles_title":"","_seopress_titles_desc":"","_seopress_robots_index":""},"product_brand":[3663],"product_cat":[82,1391],"product_tag":[],"class_list":{"0":"post-637182","1":"product","2":"type-product","3":"status-publish","4":"has-post-thumbnail","6":"product_brand-ortovox-de","7":"product_cat-kleidung","8":"product_cat-bekleidungs-accessoires","9":"sws-gruppo-abb-libero-de","10":"sws-conto-ricavi-merci-rivendita-abbigliamento-de","11":"sws-gruppo-iva-iva81-de","13":"first","14":"instock","15":"shipping-taxable","16":"purchasable","17":"product-type-variable","18":"has-default-attributes"},"_links":{"self":[{"href":"https:\/\/lucacastelli.com\/de\/wp-json\/wp\/v2\/product\/637182","targetHints":{"allow":["GET"]}}],"collection":[{"href":"https:\/\/lucacastelli.com\/de\/wp-json\/wp\/v2\/product"}],"about":[{"href":"https:\/\/lucacastelli.com\/de\/wp-json\/wp\/v2\/types\/product"}],"wp:featuredmedia":[{"embeddable":true,"href":"https:\/\/lucacastelli.com\/de\/wp-json\/wp\/v2\/media\/634530"}],"wp:attachment":[{"href":"https:\/\/lucacastelli.com\/de\/wp-json\/wp\/v2\/media?parent=637182"}],"wp:term":[{"taxonomy":"product_brand","embeddable":true,"href":"https:\/\/lucacastelli.com\/de\/wp-json\/wp\/v2\/product_brand?post=637182"},{"taxonomy":"product_cat","embeddable":true,"href":"https:\/\/lucacastelli.com\/de\/wp-json\/wp\/v2\/product_cat?post=637182"},{"taxonomy":"product_tag","embeddable":true,"href":"https:\/\/lucacastelli.com\/de\/wp-json\/wp\/v2\/product_tag?post=637182"}],"curies":[{"name":"wp","href":"https:\/\/api.w.org\/{rel}","templated":true}]}}