{"id":637155,"date":"2025-10-07T12:07:19","date_gmt":"2025-10-07T10:07:19","guid":{"rendered":"https:\/\/lucacastelli.com\/prodotto\/felco-611\/"},"modified":"2025-10-07T12:07:19","modified_gmt":"2025-10-07T10:07:19","slug":"felco-611","status":"publish","type":"product","link":"https:\/\/lucacastelli.com\/de\/produkt\/felco-611\/","title":{"rendered":"FELCO 611"},"content":{"rendered":"<p>Die Zugs\u00e4ge f\u00fcr den Baumschnitt FELCO 611 bietet eine schnelle und pr\u00e4zise Schneidwirkung, die Holz schneidet, ohne zu blockieren. Die gerade Form und die l\u00e4ngere 33 cm Klinge erm\u00f6glichen es Ihnen, jeden Ast zu erreichen. <\/p>\n<p>&nbsp;<\/p>\n<p>Praktisch, zuverl\u00e4ssig, effizient&#8230; drei Beschreibungen, die sich leicht auf die reibungsarme und konische Baumschnitts\u00e4ge FELCO 611 anwenden lassen, genau so leicht, wie die Klinge durch die \u00c4ste schneidet. Dank der schnellen Entfernung der S\u00e4gesp\u00e4ne von den geh\u00e4rteten Z\u00e4hnen bleibt Ihnen nur noch, den sauberen, gleichm\u00e4\u00dfigen und hochwertigen Schnitt zu bewundern. Die Stabilit\u00e4t und der Komfort des ergonomischen Griffs, sowohl f\u00fcr Rechts- als auch Linksh\u00e4nder, motivieren dazu, \u00fcberall dort weiterzuschneiden, wo Sie arbeiten. Nach getaner Arbeit kann die S\u00e4ge in einem Etui verstaut werden, das auf beiden Seiten am G\u00fcrtel befestigt werden kann.   <\/p>\n<p>&nbsp;<\/p>\n<p><span class=\"summary__title\"><span class=\"accordion__title\">Leistungsmerkmale<\/span><\/span><\/p>\n<div class=\"accordion__content custom__liquid-template--17659405435127__main rte\">\n<div>Werkzeugtyp: <span class=\"metafield-single_line_text_field\">Baumschnitts\u00e4gen<\/span><\/div>\n<div>Schnittdurchmesser: <span class=\"metafield-single_line_text_field\">100 mm<\/span><\/div>\n<\/div>\n<div><\/div>\n<div><\/div>\n<p><span class=\"summary__title\"><span class=\"accordion__title\">Eigenschaften<\/span><\/span><\/p>\n<div class=\"accordion__content custom__liquid-template--17659405435127__main rte\">\n<div>L\u00e4nge (netto): <span class=\"metafield-single_line_text_field\">500 mm<\/span><\/div>\n<div>Tiefe (netto): <span class=\"metafield-single_line_text_field\">48 mm<\/span><\/div>\n<div>Gewicht (netto): <span class=\"metafield-single_line_text_field\">0,37 kg<\/span><\/div>\n<div>Tiefe (brutto): <span class=\"metafield-single_line_text_field\">4,8 mm<\/span><\/div>\n<div>Gewicht (brutto): <span class=\"metafield-single_line_text_field\">0,56 kg<\/span><\/div>\n<div>Klingenl\u00e4nge (netto): <span class=\"metafield-single_line_text_field\">330 mm<\/span><\/div>\n<div>Angabe weicher Griff: Ja<\/div>\n<\/div>\n","protected":false},"excerpt":{"rendered":"<p>Die Zugs\u00e4ge f\u00fcr den Baumschnitt FELCO 611 bietet eine schnelle und pr\u00e4zise Schneidwirkung, die Holz schneidet, ohne zu blockieren. Die<\/p>\n","protected":false},"featured_media":634600,"template":"","meta":{"_seopress_robots_primary_cat":"","_seopress_titles_title":"","_seopress_titles_desc":"","_seopress_robots_index":""},"product_brand":[5061],"product_cat":[1700,169],"product_tag":[],"class_list":{"0":"post-637155","1":"product","2":"type-product","3":"status-publish","4":"has-post-thumbnail","6":"product_brand-felco-de","7":"product_cat-forstwirtschaftliche-werkzeuge-und-zubehor","8":"product_cat-maschinen","9":"sws-gruppo-macchinari-de","10":"sws-conto-ricavi-merci-rivendita-macchinari-de","11":"sws-gruppo-iva-iva81-de","13":"first","14":"instock","15":"shipping-taxable","16":"purchasable","17":"product-type-simple"},"_links":{"self":[{"href":"https:\/\/lucacastelli.com\/de\/wp-json\/wp\/v2\/product\/637155","targetHints":{"allow":["GET"]}}],"collection":[{"href":"https:\/\/lucacastelli.com\/de\/wp-json\/wp\/v2\/product"}],"about":[{"href":"https:\/\/lucacastelli.com\/de\/wp-json\/wp\/v2\/types\/product"}],"wp:featuredmedia":[{"embeddable":true,"href":"https:\/\/lucacastelli.com\/de\/wp-json\/wp\/v2\/media\/634600"}],"wp:attachment":[{"href":"https:\/\/lucacastelli.com\/de\/wp-json\/wp\/v2\/media?parent=637155"}],"wp:term":[{"taxonomy":"product_brand","embeddable":true,"href":"https:\/\/lucacastelli.com\/de\/wp-json\/wp\/v2\/product_brand?post=637155"},{"taxonomy":"product_cat","embeddable":true,"href":"https:\/\/lucacastelli.com\/de\/wp-json\/wp\/v2\/product_cat?post=637155"},{"taxonomy":"product_tag","embeddable":true,"href":"https:\/\/lucacastelli.com\/de\/wp-json\/wp\/v2\/product_tag?post=637155"}],"curies":[{"name":"wp","href":"https:\/\/api.w.org\/{rel}","templated":true}]}}