{"id":637098,"date":"2025-10-07T11:03:22","date_gmt":"2025-10-07T09:03:22","guid":{"rendered":"https:\/\/lucacastelli.com\/prodotto\/carzy-all-mountain-mid-socks\/"},"modified":"2025-10-27T07:57:40","modified_gmt":"2025-10-27T06:57:40","slug":"carzy-all-mountain-mid-socks","status":"publish","type":"product","link":"https:\/\/lucacastelli.com\/de\/produkt\/carzy-all-mountain-mid-socks\/","title":{"rendered":"CARZY ALL MOUNTAIN MID SOCKS"},"content":{"rendered":"<h2 id=\"toc-entry-target-1\" class=\"js-toc__title pds__detail-headline\" tabindex=\"-1\">W\u00e4rme und Komfort f\u00fcr die F\u00fc\u00dfe<\/h2>\n<h3>Technische und warme Socken aus einer Merinowolle-Mischung f\u00fcr maximalen Komfort<\/h3>\n<p>&nbsp;<\/p>\n<p>Bei langen Wanderungen in gro\u00dfer H\u00f6he f\u00fcrchten die robusten ALL MOUNTAIN MID SOCKS keine K\u00e4lte und halten die F\u00fc\u00dfe angenehm warm.<\/p>\n<p>Die feinste Merinowolle mit einer St\u00e4rke von 21,5 Mikron ist angenehm auf der Haut und macht die Socken elastisch und stabil. Die nat\u00fcrlichen Eigenschaften der Merinowolle erweisen sich besonders bei mehrt\u00e4gigen Touren mit \u00dcbernachtungen in H\u00fctten als wertvoll, da sie Temperatur und Feuchtigkeit nat\u00fcrlich reguliert, schnell trocknet und unangenehme Ger\u00fcche neutralisiert. <\/p>\n<p>Der bequeme Bund, der ergonomische Schnitt und die Unterst\u00fctzung f\u00fcr Kn\u00f6chel und Fu\u00dfgew\u00f6lbe sorgen f\u00fcr eine komfortable Passform, ohne Falten zu bilden oder zu rutschen, auch bei schweren Trekking- oder Bergsteigerstiefeln. Die Polsterung an Ferse und Zehen macht die Socke widerstandsf\u00e4hig und absorbiert kleine St\u00f6\u00dfe beim Bergauf- und Bergabgehen. <\/p>\n<p>Schlie\u00dflich macht das moderne und fr\u00f6hliche Design die ALL MOUNTAIN MID SOCKS ideal f\u00fcr lange Wanderungen in den Bergen und in gro\u00dfer H\u00f6he an kalten Tagen.<\/p>\n<p>&nbsp;<\/p>\n<div id=\"pds__accordion-features-heading\" class=\"mb-4 mb-md-35\">\n<h3 class=\"pds__accordion-headline p-relative cursor-pointer p-0 m-0\"><span class=\"d-block p-0 accordion js-accordion-custom-toggle js-accordion-custom-toggle--hide-on-collapse\" tabindex=\"0\" role=\"button\" data-collapse=\"false\" data-target=\"#pds__accordion-features-wrapper\" data-multitarget-disabled-mobile=\"\" aria-expanded=\"true\" aria-controls=\"pds__accordion-features-wrapper\"><span class=\"d-flex justify-content-between align-items-center\"><span class=\"word-break-word\">Eigenschaften<\/span><i class=\"accordion__icon pds__accordion-icon icon\"><\/i><\/span><\/span><\/h3>\n<\/div>\n<div class=\"pds__accordion-wrapper\">\n<div id=\"pds__accordion-features-wrapper\" class=\"pds__accordion-features-multi-target collapse show\" data-partial-multi-target=\"true\" data-parent=\"#pds__accordion-features\">\n<div class=\"pb-4\">\n<div class=\"overflow-hidden\">\n<div class=\"wysiwyg\">\n<ul>\n<li>Flachnaht an den Zehen<\/li>\n<li>360\u00b0-Mesh-System<\/li>\n<li>Optimierte ergonomische Passform rechts\/links<\/li>\n<li>Kn\u00f6chelstabilisierungszone<\/li>\n<li>Polsterung an Ferse und Zehen<\/li>\n<\/ul>\n<\/div>\n<p>42 % Polyamid + 41 % Schurwolle (MERINO) + 15 % Polyamid (recycelt) + 2 % Elastan<\/p>\n<\/div>\n<\/div>\n<\/div>\n<\/div>\n","protected":false},"excerpt":{"rendered":"<p>W\u00e4rme und Komfort f\u00fcr die F\u00fc\u00dfe Technische und warme Socken aus einer Merinowolle-Mischung f\u00fcr maximalen Komfort &nbsp; Bei langen Wanderungen<\/p>\n","protected":false},"featured_media":634576,"template":"","meta":{"_seopress_robots_primary_cat":"none","_seopress_titles_title":"","_seopress_titles_desc":"","_seopress_robots_index":""},"product_brand":[3663],"product_cat":[1391,82,175,1400],"product_tag":[],"class_list":{"0":"post-637098","1":"product","2":"type-product","3":"status-publish","4":"has-post-thumbnail","6":"product_brand-ortovox-de","7":"product_cat-bekleidungs-accessoires","8":"product_cat-kleidung","9":"product_cat-schuhe","10":"product_cat-zubehor-fur-schuhe","11":"sws-gruppo-abb-libero-de","12":"sws-conto-ricavi-merci-rivendita-abbigliamento-de","13":"sws-gruppo-iva-iva81-de","15":"first","16":"instock","17":"shipping-taxable","18":"purchasable","19":"product-type-variable"},"_links":{"self":[{"href":"https:\/\/lucacastelli.com\/de\/wp-json\/wp\/v2\/product\/637098","targetHints":{"allow":["GET"]}}],"collection":[{"href":"https:\/\/lucacastelli.com\/de\/wp-json\/wp\/v2\/product"}],"about":[{"href":"https:\/\/lucacastelli.com\/de\/wp-json\/wp\/v2\/types\/product"}],"wp:featuredmedia":[{"embeddable":true,"href":"https:\/\/lucacastelli.com\/de\/wp-json\/wp\/v2\/media\/634576"}],"wp:attachment":[{"href":"https:\/\/lucacastelli.com\/de\/wp-json\/wp\/v2\/media?parent=637098"}],"wp:term":[{"taxonomy":"product_brand","embeddable":true,"href":"https:\/\/lucacastelli.com\/de\/wp-json\/wp\/v2\/product_brand?post=637098"},{"taxonomy":"product_cat","embeddable":true,"href":"https:\/\/lucacastelli.com\/de\/wp-json\/wp\/v2\/product_cat?post=637098"},{"taxonomy":"product_tag","embeddable":true,"href":"https:\/\/lucacastelli.com\/de\/wp-json\/wp\/v2\/product_tag?post=637098"}],"curies":[{"name":"wp","href":"https:\/\/api.w.org\/{rel}","templated":true}]}}