{"id":636885,"date":"2025-10-07T11:12:43","date_gmt":"2025-10-07T09:12:43","guid":{"rendered":"https:\/\/lucacastelli.com\/prodotto\/ortovox-powder-rider-16-2\/"},"modified":"2026-03-27T17:49:34","modified_gmt":"2026-03-27T16:49:34","slug":"ortovox-powder-rider-16-2","status":"publish","type":"product","link":"https:\/\/lucacastelli.com\/de\/produkt\/ortovox-powder-rider-16-2\/","title":{"rendered":"ORTOVOX POWDER RIDER 16"},"content":{"rendered":"<h2 id=\"toc-entry-target-1\" class=\"js-toc__title pds__detail-headline\">Der kompakteste Begleiter im Pulverschnee<\/h2>\n<h3>Kleiner und auf das Minimum reduzierter Freeride-Rucksack f\u00fcr Tage im Powder<\/h3>\n<p>&nbsp;<\/p>\n<p>Der POWDER RIDER 16 wurde f\u00fcr kurze, adrenalinreiche Freeride-Ausfl\u00fcge im Pulverschnee konzipiert.<\/p>\n<p>Mit nur 660 Gramm ist der kleine Freeride-Rucksack ultraleicht und bietet dennoch hohe Kapazit\u00e4t f\u00fcr die notwendige Ausr\u00fcstung. Dank der internen Halterung f\u00fcr Schaufel und Sonde l\u00e4sst sich die Notfallausr\u00fcstung schnell erreichen. Au\u00dferdem sorgt das vorgeformte R\u00fcckensystem des POWDER RIDER 16 f\u00fcr komfortablen Sitz. Die schlanke Silhouette schmiegt sich an den K\u00f6rper an und sitzt somit bei jeder sportlichen Aktivit\u00e4t perfekt.    <\/p>\n<p>Dieser Freeride-Rucksack ist mit einer Vorbereitung f\u00fcr das Trinksystem f\u00fcr sportliche Aufstiege und adrenalinreiche Abfahrten, einem Helmnetz, einem Kartenfach und einem Brustgurt mit Notfallpfeife ausgestattet. Alles Notwendige f\u00fcr einen Tag in der H\u00f6he. <\/p>\n<p>Der POWDER RIDER 16 ist somit ein leichter und zuverl\u00e4ssiger Begleiter f\u00fcr adrenalinreiche Abenteuer im Pulverschnee!<\/p>\n<p>&nbsp;<\/p>\n<div id=\"pds__accordion-features-heading\" class=\"mb-4 mb-md-35\">\n<h3 class=\"pds__accordion-headline p-relative cursor-pointer p-0 m-0\"><span class=\"d-block p-0 accordion js-accordion-custom-toggle js-accordion-custom-toggle--hide-on-collapse\" role=\"button\" data-collapse=\"false\" data-target=\"#pds__accordion-features-wrapper\" data-multitarget-disabled-mobile=\"\" aria-expanded=\"true\" aria-controls=\"pds__accordion-features-wrapper\"><span class=\"d-flex justify-content-between align-items-center\"><span class=\"word-break-word\">Eigenschaften<\/span><i class=\"accordion__icon pds__accordion-icon icon\"><\/i><\/span><\/span><\/h3>\n<\/div>\n<div class=\"pds__accordion-wrapper\">\n<div id=\"pds__accordion-features-wrapper\" class=\"pds__accordion-features-multi-target collapse show\" data-partial-multi-target=\"true\" data-parent=\"#pds__accordion-features\">\n<div class=\"pb-4\">\n<div class=\"overflow-hidden\">\n<div class=\"wysiwyg\">\n<ul>\n<li>5 F\u00e4cher<\/li>\n<li>Zugang zum Hauptfach: Frontal<\/li>\n<li>Halterung f\u00fcr Sicherheitsausr\u00fcstung<\/li>\n<li>Kompatible Skibreite (150 mm)<\/li>\n<li>Brustgurt mit Notfallpfeife<\/li>\n<li>Integriertes Helmnetz<\/li>\n<li>Kartenfach<\/li>\n<li>Bright Inside<\/li>\n<li>Vorbereitung f\u00fcr Trinksystem<\/li>\n<li>Schl\u00fcsselanh\u00e4nger<\/li>\n<li>Notfallkarte<\/li>\n<\/ul>\n<p>POLYESTER 600D 100 % RECYCELT<\/p>\n<\/div>\n<\/div>\n<\/div>\n<\/div>\n<\/div>\n","protected":false},"excerpt":{"rendered":"<p>Der kompakteste Begleiter im Pulverschnee Kleiner und auf das Minimum reduzierter Freeride-Rucksack f\u00fcr Tage im Powder &nbsp; Der POWDER RIDER<\/p>\n","protected":false},"featured_media":636887,"template":"","meta":{"_seopress_robots_primary_cat":"none","_seopress_titles_title":"","_seopress_titles_desc":"","_seopress_robots_index":""},"product_brand":[3663],"product_cat":[150,1391,1409,82,1703],"product_tag":[],"class_list":{"0":"post-636885","1":"product","2":"type-product","3":"status-publish","4":"has-post-thumbnail","6":"product_brand-ortovox-de","7":"product_cat-ausrustung","8":"product_cat-bekleidungs-accessoires","9":"product_cat-freizeitausrustung","10":"product_cat-kleidung","11":"product_cat-sonstiges","12":"sws-gruppo-abb-libero-de","13":"sws-conto-ricavi-merci-rivendita-abbigliamento-de","14":"sws-gruppo-iva-iva81-de","16":"first","17":"onbackorder","18":"shipping-taxable","19":"purchasable","20":"product-type-variable","21":"has-default-attributes"},"_links":{"self":[{"href":"https:\/\/lucacastelli.com\/de\/wp-json\/wp\/v2\/product\/636885","targetHints":{"allow":["GET"]}}],"collection":[{"href":"https:\/\/lucacastelli.com\/de\/wp-json\/wp\/v2\/product"}],"about":[{"href":"https:\/\/lucacastelli.com\/de\/wp-json\/wp\/v2\/types\/product"}],"wp:featuredmedia":[{"embeddable":true,"href":"https:\/\/lucacastelli.com\/de\/wp-json\/wp\/v2\/media\/636887"}],"wp:attachment":[{"href":"https:\/\/lucacastelli.com\/de\/wp-json\/wp\/v2\/media?parent=636885"}],"wp:term":[{"taxonomy":"product_brand","embeddable":true,"href":"https:\/\/lucacastelli.com\/de\/wp-json\/wp\/v2\/product_brand?post=636885"},{"taxonomy":"product_cat","embeddable":true,"href":"https:\/\/lucacastelli.com\/de\/wp-json\/wp\/v2\/product_cat?post=636885"},{"taxonomy":"product_tag","embeddable":true,"href":"https:\/\/lucacastelli.com\/de\/wp-json\/wp\/v2\/product_tag?post=636885"}],"curies":[{"name":"wp","href":"https:\/\/api.w.org\/{rel}","templated":true}]}}