{"id":636560,"date":"2025-10-06T10:15:21","date_gmt":"2025-10-06T08:15:21","guid":{"rendered":"https:\/\/lucacastelli.com\/prodotto\/francital-montvert-hose-3\/"},"modified":"2025-12-07T15:17:34","modified_gmt":"2025-12-07T14:17:34","slug":"francital-montvert-hose-3","status":"publish","type":"product","link":"https:\/\/lucacastelli.com\/de\/produkt\/francital-montvert-hose-3\/","title":{"rendered":"Francital Hose Montvert"},"content":{"rendered":"<h1><b><strong>Leichte, strapazierf\u00e4hige und elastische Hose.<\/strong><\/b><\/h1>\n<p><b><strong>Ideal f\u00fcr Gartenarbeit, Landschaftsbau und Baumkletterer (ohne Motors\u00e4ge)<\/strong><\/b><\/p>\n<p><b><u><strong>BESCHREIBUNG:<\/strong><\/u><\/b><\/p>\n<p>2 schr\u00e4ge Taschen mit Rei\u00dfverschluss nach unten.<\/p>\n<p>1 Ges\u00e4\u00dftasche mit Rei\u00dfverschluss.<\/p>\n<p>1 kippsichere Zollstocktasche.<\/p>\n<p>1 aufgesetzte Tasche am linken Vorderbein, Verschluss mit Patte und Klettverschluss.<\/p>\n<p>Elastischer Bund.<\/p>\n<p>Hoher R\u00fcckenbereich<\/p>\n<p>Unterer Beinbereich und Kniepartien aus bi-elastischem Gewebe.<\/p>\n<p>Vollst\u00e4ndig abnehmbare Schutzgamasche, z.B. gegen Zecken.<\/p>\n<p>Elastischer Kordelzug am Beinabschluss der Hose.<\/p>\n<p>&nbsp;<\/p>\n<p><u>ZUSAMMENSETZUNG:<\/u><\/p>\n<p>Global Recycled Standard (GRS) zertifiziert Hauptgewebe: 96 % Polyamid ECONYL\u00ae recyceltes Nylon 4 % Elasthan<\/p>\n<p>0 % Fluorcarbone: Die wasserabweisende Behandlung ist fluorcarbonfrei (PFC Free)<\/p>\n<p>ECONYL\u00ae ist eine zu 100 % regenerierte Nylonfaser aus Fischernetzen und anderen Nylonabf\u00e4llen. Durch den Regenerations- und Reinigungsprozess werden die Nylonabf\u00e4lle recycelt und in ihren urspr\u00fcnglichen Reinheitsgrad zur\u00fcckversetzt. Die Nylonfaser hat genau die gleichen Eigenschaften wie das urspr\u00fcngliche Nylon, der Prozess beeintr\u00e4chtigt das Garn nicht.  <\/p>\n<p>oder Verst\u00e4rkung: 50 % Polyamid 45 % Polyester 5 % Elasthan schwarz<\/p>\n<p>&nbsp;<\/p>\n<p>&nbsp;<\/p>\n<p>ECO DESIGN Eigenschaften &#8211; regenerierte oder recycelte Post-Consumer-Fasern<br \/>\nStandard Nr. 1 UPF 50+ Pr\u00fcfbericht f\u00fcr Hauptgewebe gem\u00e4\u00df Norm EN 13758-1:2001+A1:2006<br \/>\nGewicht in kg (M &#8211; 42 \/ TU \/ Handschuhe 10 \/ Schuhe 42) 0,500 kg<br \/>\nZusammensetzung oder 96 % Polyamid ECONYL\u00ae recyceltes Nylon 4 % Elasthan<br \/>\nProdukttyp Hose <\/p>\n","protected":false},"excerpt":{"rendered":"<p>Leichte, strapazierf\u00e4hige und elastische Hose. Ideal f\u00fcr Gartenarbeit, Landschaftsbau und Baumkletterer (ohne Motors\u00e4ge) BESCHREIBUNG: 2 schr\u00e4ge Taschen mit Rei\u00dfverschluss nach<\/p>\n","protected":false},"featured_media":634489,"template":"","meta":{"_seopress_robots_primary_cat":"none","_seopress_titles_title":"","_seopress_titles_desc":"","_seopress_robots_index":""},"product_brand":[4679],"product_cat":[1382,974,975,82],"product_tag":[],"class_list":{"0":"post-636560","1":"product","2":"type-product","3":"status-publish","4":"has-post-thumbnail","6":"product_brand-francital-de","7":"product_cat-arbeitskleidung","8":"product_cat-freizeitkleidung","9":"product_cat-herrenbekleidung","10":"product_cat-kleidung","11":"sws-gruppo-abb-libero-de","12":"sws-conto-ricavi-merci-rivendita-abbigliamento-de","13":"sws-gruppo-iva-iva81-de","15":"first","16":"instock","17":"shipping-taxable","18":"purchasable","19":"product-type-variable","20":"has-default-attributes"},"_links":{"self":[{"href":"https:\/\/lucacastelli.com\/de\/wp-json\/wp\/v2\/product\/636560","targetHints":{"allow":["GET"]}}],"collection":[{"href":"https:\/\/lucacastelli.com\/de\/wp-json\/wp\/v2\/product"}],"about":[{"href":"https:\/\/lucacastelli.com\/de\/wp-json\/wp\/v2\/types\/product"}],"wp:featuredmedia":[{"embeddable":true,"href":"https:\/\/lucacastelli.com\/de\/wp-json\/wp\/v2\/media\/634489"}],"wp:attachment":[{"href":"https:\/\/lucacastelli.com\/de\/wp-json\/wp\/v2\/media?parent=636560"}],"wp:term":[{"taxonomy":"product_brand","embeddable":true,"href":"https:\/\/lucacastelli.com\/de\/wp-json\/wp\/v2\/product_brand?post=636560"},{"taxonomy":"product_cat","embeddable":true,"href":"https:\/\/lucacastelli.com\/de\/wp-json\/wp\/v2\/product_cat?post=636560"},{"taxonomy":"product_tag","embeddable":true,"href":"https:\/\/lucacastelli.com\/de\/wp-json\/wp\/v2\/product_tag?post=636560"}],"curies":[{"name":"wp","href":"https:\/\/api.w.org\/{rel}","templated":true}]}}