{"id":636551,"date":"2025-10-07T10:55:29","date_gmt":"2025-10-07T08:55:29","guid":{"rendered":"https:\/\/lucacastelli.com\/prodotto\/ortovox-freeride-long-socks-cozy\/"},"modified":"2025-10-27T08:13:11","modified_gmt":"2025-10-27T07:13:11","slug":"ortovox-freeride-long-socks-cozy","status":"publish","type":"product","link":"https:\/\/lucacastelli.com\/de\/produkt\/ortovox-freeride-long-socks-cozy\/","title":{"rendered":"ORTOVOX FREERIDE LONG SOCKS COZY"},"content":{"rendered":"<h2 id=\"toc-entry-target-1\" class=\"js-toc__title pds__detail-headline\" tabindex=\"-1\">W\u00c4RME UND KOMFORT F\u00dcR DIE F\u00dcSSE<\/h2>\n<h3>Technische Freeride-Socken aus Merinowolle, warm und vorgeformt, f\u00fcr maximalen Komfort entwickelt<\/h3>\n<p>Der Name der FREERIDE LONG SOCKS COZY f\u00fcr Herren sagt bereits alles: Auch an Tagen mit frischem Schnee halten diese bequemen Kniestr\u00fcmpfe Ihre F\u00fc\u00dfe warm und erm\u00f6glichen es Ihnen, das Freeriden ohne K\u00e4lte zu genie\u00dfen.<\/p>\n<p>Dies wird durch die besonders weiche Sohle aus MERINO TERRY-Material erm\u00f6glicht, die sich angenehm auf der Haut anf\u00fchlt und Temperatur sowie Feuchtigkeit reguliert. Diese Merinowollsocken sind mit einem speziellen rutschfesten Garn an der Fu\u00dfsohle ausgestattet, das einen sicheren Halt im Skischuh gew\u00e4hrleistet. Der bequeme elastische Bund und der ergonomisch vorgeformte Schnitt sorgen f\u00fcr eine optimale Passform, w\u00e4hrend die Polsterung an Ferse und Zehen zus\u00e4tzlichen Komfort und D\u00e4mpfung bietet.  <\/p>\n<p>Schlie\u00dflich machen die fr\u00f6hlichen Farben und das moderne Logo-Design die FREERIDE LONG SOCKS COZY f\u00fcr Herren perfekt f\u00fcr lange Freeride-Tage.<\/p>\n<p>&nbsp;<\/p>\n<div id=\"pds__accordion-features-heading\" class=\"mb-4 mb-md-35\">\n<h3 class=\"pds__accordion-headline p-relative cursor-pointer p-0 m-0\"><span class=\"d-block p-0 accordion js-accordion-custom-toggle js-accordion-custom-toggle--hide-on-collapse\" tabindex=\"0\" role=\"button\" data-collapse=\"false\" data-target=\"#pds__accordion-features-wrapper\" data-multitarget-disabled-mobile=\"\" aria-expanded=\"true\" aria-controls=\"pds__accordion-features-wrapper\"><span class=\"d-flex justify-content-between align-items-center\"><span class=\"word-break-word\">Eigenschaften<\/span><i class=\"accordion__icon pds__accordion-icon icon\"><\/i><\/span><\/span><\/h3>\n<\/div>\n<div class=\"pds__accordion-wrapper\">\n<div id=\"pds__accordion-features-wrapper\" class=\"pds__accordion-features-multi-target collapse show\" data-partial-multi-target=\"true\" data-parent=\"#pds__accordion-features\">\n<div class=\"pb-4\">\n<div class=\"overflow-hidden\">\n<div class=\"wysiwyg\">\n<ul>\n<li>Flache Naht an den Zehen<\/li>\n<li>Optimierte ergonomische Passform rechts\/links<\/li>\n<li>Kn\u00f6chelstabilisierungszone<\/li>\n<li>Rutschfestes Garn<\/li>\n<\/ul>\n<\/div>\n<p>&nbsp;<\/p>\n<\/div>\n<\/div>\n<\/div>\n<\/div>\n<p>55% Wolle (MERINO) + 32% Polyamid + 10% Polyamid (recycelt) + 2% Elastan + 1% Polyester<\/p>\n","protected":false},"excerpt":{"rendered":"<p>W\u00c4RME UND KOMFORT F\u00dcR DIE F\u00dcSSE Technische Freeride-Socken aus Merinowolle, warm und vorgeformt, f\u00fcr maximalen Komfort entwickelt Der Name der<\/p>\n","protected":false},"featured_media":634570,"template":"","meta":{"_seopress_robots_primary_cat":"none","_seopress_titles_title":"","_seopress_titles_desc":"","_seopress_robots_index":""},"product_brand":[3280],"product_cat":[21,186,28,228],"product_tag":[],"class_list":{"0":"post-636551","1":"product","2":"type-product","3":"status-publish","4":"has-post-thumbnail","6":"product_brand-ortovox","7":"product_cat-abbigliamento","8":"product_cat-accessori-per-labbigliamento","9":"product_cat-calzature","10":"product_cat-accessori-per-le-calzature","11":"sws-gruppo-abb-libero-de","12":"sws-conto-ricavi-merci-rivendita-abbigliamento-de","13":"sws-gruppo-iva-iva81-de","15":"first","16":"instock","17":"shipping-taxable","18":"purchasable","19":"product-type-variable","20":"has-default-attributes"},"_links":{"self":[{"href":"https:\/\/lucacastelli.com\/de\/wp-json\/wp\/v2\/product\/636551","targetHints":{"allow":["GET"]}}],"collection":[{"href":"https:\/\/lucacastelli.com\/de\/wp-json\/wp\/v2\/product"}],"about":[{"href":"https:\/\/lucacastelli.com\/de\/wp-json\/wp\/v2\/types\/product"}],"wp:featuredmedia":[{"embeddable":true,"href":"https:\/\/lucacastelli.com\/de\/wp-json\/wp\/v2\/media\/634570"}],"wp:attachment":[{"href":"https:\/\/lucacastelli.com\/de\/wp-json\/wp\/v2\/media?parent=636551"}],"wp:term":[{"taxonomy":"product_brand","embeddable":true,"href":"https:\/\/lucacastelli.com\/de\/wp-json\/wp\/v2\/product_brand?post=636551"},{"taxonomy":"product_cat","embeddable":true,"href":"https:\/\/lucacastelli.com\/de\/wp-json\/wp\/v2\/product_cat?post=636551"},{"taxonomy":"product_tag","embeddable":true,"href":"https:\/\/lucacastelli.com\/de\/wp-json\/wp\/v2\/product_tag?post=636551"}],"curies":[{"name":"wp","href":"https:\/\/api.w.org\/{rel}","templated":true}]}}