{"id":636375,"date":"2025-10-09T19:39:24","date_gmt":"2025-10-09T17:39:24","guid":{"rendered":"https:\/\/lucacastelli.com\/prodotto\/as-30-weedhex-bs-motor-buerstenlos\/"},"modified":"2025-10-09T19:39:24","modified_gmt":"2025-10-09T17:39:24","slug":"as-30-weedhex-bs-motor-buerstenlos","status":"publish","type":"product","link":"https:\/\/lucacastelli.com\/de\/produkt\/as-30-weedhex-bs-motor-buerstenlos\/","title":{"rendered":"AS 30 WeedHex B&amp;S Motor (b\u00fcrstenlos)"},"content":{"rendered":"<h2>Das mechanische Herbizid f\u00fcr den professionellen Einsatz<\/h2>\n<p>Unkrautbeseitigung ist ein hei\u00dfes Thema f\u00fcr St\u00e4dte und Gemeinden. Unkraut auf unebenen Fl\u00e4chen oder auf engem Raum effektiv und gleichzeitig umweltfreundlich zu entfernen &#8211; das ist die St\u00e4rke des AS 30 WeedHex 160 M\u00e4hers. Dieser kompakte M\u00e4her entfernt selbst das hartn\u00e4ckigste Unkraut mechanisch und dank der B\u00fcrste mit gro\u00dfer Kraft. Heutzutage gibt es verschiedene M\u00f6glichkeiten, Unkraut zu entfernen. Der Einsatz von Pflanzenschutzmitteln ist streng geregelt und mit dem neuen Freischneider AS 30 WeedHex 160 auch unn\u00f6tig. Dank des rein mechanischen Betriebs wird das Unkraut auf umweltfreundliche Weise entfernt. Dank der niedrigen Drehzahl der Stahlb\u00fcrste von nur 600 U\/min arbeitet der Unkrautschneider sehr effizient. Durch das hohe Drehmoment wird die Kraft, die auf die B\u00fcrste wirkt, sogar noch erh\u00f6ht. Das ist ein klarer Vorteil gegen\u00fcber Ger\u00e4ten, die die B\u00fcrste mit hohen Drehzahlen antreiben.        <\/p>\n<p>Auch bei der Unkrautbeseitigung steht die Sicherheit an erster Stelle. Die reduzierte B\u00fcrstengeschwindigkeit verringert auch das Risiko, dass Steine hochgeschleudert werden und sich Staub bildet, und erm\u00f6glicht so ein sicheres Arbeiten. Es ist daher nicht n\u00f6tig, den Arbeitsbereich mit Platten oder Planen zu sch\u00fctzen. F\u00fcr optimalen Motorschutz im t\u00e4glichen professionellen Einsatz und unter staubigen Bedingungen ist der AS 30 WeedHex 160 serienm\u00e4\u00dfig mit einem Schnorchelfilter ausgestattet. Dank des geringen Gewichts von nur 36 kg ist ein Zugsystem nicht erforderlich. Dieser Freischneider wurde speziell f\u00fcr unebene Fl\u00e4chen entwickelt. Er kann problemlos auf Kopfsteinpflaster, entlang von Entw\u00e4sserungsgr\u00e4ben, in Ecken oder in Mulden eingesetzt werden. Die R\u00e4der k\u00f6nnen asymmetrisch in der H\u00f6he verstellt werden. So bleibt das Ger\u00e4t geneigt und die B\u00fcrste wird gekippt. Auf diese Weise erreicht die B\u00fcrste auch Unkraut in tieferen Bereichen, wie zum Beispiel in Dachrinnen. Der AS 30 WeedHex 160 ist die ideale Erg\u00e4nzung zu gr\u00f6\u00dferen handgef\u00fchrten Ger\u00e4ten, die sich nicht f\u00fcr schwer zug\u00e4ngliche Bereiche eignen.          <\/p>\n<p>Der kompakte Freischneider AS 30 WeedHex 160 ist ideal, um kleine Parkpl\u00e4tze oder H\u00f6fe von Unkraut zu befreien. F\u00fcr gr\u00f6\u00dfere Fl\u00e4chen ist er die perfekte Erg\u00e4nzung zum bew\u00e4hrten AS 50 WeedHex. Schmale Stellen oder unebene Fl\u00e4chen werden mit dem AS 30 WeedHex 160 vorgereinigt und dann wird die gesamte Fl\u00e4che mit dem AS 50 WeedHex von Unkraut befreit. Der AS 50 WeedHex ist mit einem Auffangsack ausgestattet. L\u00e4stiges Kehren ist nicht mehr n\u00f6tig.    <\/p>\n<p>&nbsp;<\/p>\n<p>Arbeitsbreite 35 cm<br \/>\nLeistung 5,6 PS<br \/>\nBenzinmotor 4T<br \/>\nZylinder 1 Zylinder<br \/>\nElektrostart NEIN<br \/>\nGetriebe NEIN<br \/>\nFernsteuerung NEIN<\/p>\n","protected":false},"excerpt":{"rendered":"<p>Das mechanische Herbizid f\u00fcr den professionellen Einsatz Unkrautbeseitigung ist ein hei\u00dfes Thema f\u00fcr St\u00e4dte und Gemeinden. Unkraut auf unebenen Fl\u00e4chen<\/p>\n","protected":false},"featured_media":635738,"template":"","meta":{"_seopress_robots_primary_cat":"","_seopress_titles_title":"","_seopress_titles_desc":"","_seopress_robots_index":""},"product_brand":[4375],"product_cat":[1454,1548,169,1666,1656],"product_tag":[],"class_list":{"0":"post-636375","1":"product","2":"type-product","3":"status-publish","4":"has-post-thumbnail","6":"product_brand-as-motor-de","7":"product_cat-andere-gerate","8":"product_cat-bursten","9":"product_cat-maschinen","10":"product_cat-motor-rasenmaher","11":"product_cat-rasenmaher-und-roboter","12":"sws-gruppo-macchinari-de","13":"sws-conto-ricavi-merci-rivendita-macchinari-de","14":"sws-gruppo-iva-iva81-de","16":"first","17":"instock","18":"shipping-taxable","19":"purchasable","20":"product-type-simple"},"_links":{"self":[{"href":"https:\/\/lucacastelli.com\/de\/wp-json\/wp\/v2\/product\/636375","targetHints":{"allow":["GET"]}}],"collection":[{"href":"https:\/\/lucacastelli.com\/de\/wp-json\/wp\/v2\/product"}],"about":[{"href":"https:\/\/lucacastelli.com\/de\/wp-json\/wp\/v2\/types\/product"}],"wp:featuredmedia":[{"embeddable":true,"href":"https:\/\/lucacastelli.com\/de\/wp-json\/wp\/v2\/media\/635738"}],"wp:attachment":[{"href":"https:\/\/lucacastelli.com\/de\/wp-json\/wp\/v2\/media?parent=636375"}],"wp:term":[{"taxonomy":"product_brand","embeddable":true,"href":"https:\/\/lucacastelli.com\/de\/wp-json\/wp\/v2\/product_brand?post=636375"},{"taxonomy":"product_cat","embeddable":true,"href":"https:\/\/lucacastelli.com\/de\/wp-json\/wp\/v2\/product_cat?post=636375"},{"taxonomy":"product_tag","embeddable":true,"href":"https:\/\/lucacastelli.com\/de\/wp-json\/wp\/v2\/product_tag?post=636375"}],"curies":[{"name":"wp","href":"https:\/\/api.w.org\/{rel}","templated":true}]}}