{"id":636328,"date":"2025-10-09T19:32:36","date_gmt":"2025-10-09T17:32:36","guid":{"rendered":"https:\/\/lucacastelli.com\/prodotto\/orthovox-150-cool-mtn-silhouette-ls\/"},"modified":"2026-03-01T00:26:34","modified_gmt":"2026-02-28T23:26:34","slug":"orthovox-150-cool-mtn-silhouette-ls","status":"publish","type":"product","link":"https:\/\/lucacastelli.com\/de\/produkt\/orthovox-150-cool-mtn-silhouette-ls\/","title":{"rendered":"ORTHOVOX 150 COOL MTN SILHOUETTE LS"},"content":{"rendered":"<h2 id=\"toc-entry-target-1\" class=\"js-toc__title pds__detail-headline\">K\u00dcHL UND ROBUST<\/h2>\n<h3>Robustes und erfrischendes Langarmshirt mit Merinowolle<\/h3>\n<p>&nbsp;<\/p>\n<p>Die leichte 150 MERINO COOL Linie vereint zwei Naturfasern mit den besten Eigenschaften f\u00fcr anspruchsvolle Skitouren. Die hautweiche Merinowolle reguliert Temperatur und Feuchtigkeit, w\u00e4hrend die nachhaltig produzierte Zellulosefaser TENCEL\u2122 Lyocell f\u00fcr ein erfrischendes Gef\u00fchl sorgt und dank hoher Verdunstungsw\u00e4rmeableitung schnell trocknet. Die beiden nachwachsenden Rohstoffe werden mit der BETASPUN-Technologie miteinander kombiniert. Polyamidf\u00e4den werden um einen Kern aus Merinowolle und TENCEL\u2122 Lyocell gewickelt, was das Gewebe besonders robust und rei\u00df- sowie abriebfest macht. Von der Natur inspiriert, f\u00fcr den Bergsport entwickelt.    <\/p>\n<p>&nbsp;<\/p>\n<div id=\"pds__accordion-material-properties-heading\" class=\"mb-4 mb-md-35\">\n<h3 class=\"pds__accordion-headline p-relative cursor-pointer p-0 m-0\"><span class=\"d-block p-0 accordion js-accordion-custom-toggle js-accordion-custom-toggle--hide-on-collapse\" role=\"button\" data-collapse=\"false\" data-target=\"#pds__accordion-material-properties-wrapper\" data-multitarget-disabled-mobile=\"\" aria-expanded=\"true\" aria-controls=\"pds__accordion-material-properties-wrapper\"><span class=\"d-flex justify-content-between align-items-center\"><span class=\"word-break-word\">Materialeigenschaften<\/span><i class=\"accordion__icon pds__accordion-icon icon\"><\/i><\/span><\/span><\/h3>\n<\/div>\n<div class=\"pds__accordion-wrapper\">\n<div id=\"pds__accordion-material-properties-wrapper\" class=\"pds__accordion-material-properties-multi-target collapse show\" data-partial-multi-target=\"true\" data-parent=\"#pds__accordion-material-properties\">\n<div class=\"pb-4\">\n<div class=\"overflow-hidden\">\n<div class=\"wysiwyg\">\n<ul>\n<li>150 MERINO COOL: Langlebig, BETASPUN TECHNOLOGIE BY \u00a9 S\u00dcDWOLLE GROUP: robusteres und rei\u00dffesteres Material, TENCEL\u2122 Lyocell Fasern: nat\u00fcrliches Trockenheitsgef\u00fchl dank Feuchtigkeitsregulierung<\/li>\n<\/ul>\n<\/div>\n<p>44 % Schurwolle (MERINO OWP) + 43 % Lyocell (TENCEL\u2122) + 13 % Polyamid<\/p>\n<\/div>\n<\/div>\n<\/div>\n<\/div>\n","protected":false},"excerpt":{"rendered":"<p>K\u00dcHL UND ROBUST Robustes und erfrischendes Langarmshirt mit Merinowolle &nbsp; Die leichte 150 MERINO COOL Linie vereint zwei Naturfasern mit<\/p>\n","protected":false},"featured_media":636337,"template":"","meta":{"_seopress_robots_primary_cat":"none","_seopress_titles_title":"","_seopress_titles_desc":"","_seopress_robots_index":""},"product_brand":[3663],"product_cat":[82,974,975],"product_tag":[],"class_list":{"0":"post-636328","1":"product","2":"type-product","3":"status-publish","4":"has-post-thumbnail","6":"product_brand-ortovox-de","7":"product_cat-kleidung","8":"product_cat-freizeitkleidung","9":"product_cat-herrenbekleidung","10":"sws-gruppo-abb-libero-de","11":"sws-conto-ricavi-merci-rivendita-abbigliamento-de","12":"sws-gruppo-iva-iva81-de","14":"first","15":"instock","16":"shipping-taxable","17":"purchasable","18":"product-type-variable"},"_links":{"self":[{"href":"https:\/\/lucacastelli.com\/de\/wp-json\/wp\/v2\/product\/636328","targetHints":{"allow":["GET"]}}],"collection":[{"href":"https:\/\/lucacastelli.com\/de\/wp-json\/wp\/v2\/product"}],"about":[{"href":"https:\/\/lucacastelli.com\/de\/wp-json\/wp\/v2\/types\/product"}],"wp:featuredmedia":[{"embeddable":true,"href":"https:\/\/lucacastelli.com\/de\/wp-json\/wp\/v2\/media\/636337"}],"wp:attachment":[{"href":"https:\/\/lucacastelli.com\/de\/wp-json\/wp\/v2\/media?parent=636328"}],"wp:term":[{"taxonomy":"product_brand","embeddable":true,"href":"https:\/\/lucacastelli.com\/de\/wp-json\/wp\/v2\/product_brand?post=636328"},{"taxonomy":"product_cat","embeddable":true,"href":"https:\/\/lucacastelli.com\/de\/wp-json\/wp\/v2\/product_cat?post=636328"},{"taxonomy":"product_tag","embeddable":true,"href":"https:\/\/lucacastelli.com\/de\/wp-json\/wp\/v2\/product_tag?post=636328"}],"curies":[{"name":"wp","href":"https:\/\/api.w.org\/{rel}","templated":true}]}}