{"id":635710,"date":"2025-10-09T19:18:10","date_gmt":"2025-10-09T17:18:10","guid":{"rendered":"https:\/\/lucacastelli.com\/?post_type=product&#038;p=635710"},"modified":"2026-04-01T01:51:34","modified_gmt":"2026-03-31T23:51:34","slug":"crazy-jkt-next-frau-copia","status":"publish","type":"product","link":"https:\/\/lucacastelli.com\/de\/produkt\/crazy-jkt-next-frau-copia\/","title":{"rendered":"CRAZY JKT NEXT FRAU"},"content":{"rendered":"<p>Mittelgewichtige Jacke, sch\u00fctzend und mit aggressivem Aussehen.<\/p>\n<p>Sie ist aus dem innovativen, bi-elastischen Two Face-Gewebe gefertigt, das innen weich und komfortabel ist, aber eine winddichte und abriebfeste Au\u00dfenseite hat.<\/p>\n<p>Diese Hybridkonstruktion macht sie geeignet, als \u00e4u\u00dfere Schicht an windigen Tagen oder als sehr warme Zwischenschicht f\u00fcr extreme Temperaturen verwendet zu werden.<\/p>\n<p>Um den Schutz und die Atmungsaktivit\u00e4t zu optimieren, haben wir das Gewebe in den Seitenteilen leichter gemacht.<\/p>\n<p>\u2022 Vorne offene Jacke mit Rei\u00dfverschluss und Kapuze<br \/>\n\u2022 Lasergeschnittene Handtaschen mit geklebten Rei\u00dfverschl\u00fcssen<br \/>\n\u2022 Elastische Kanten an Kapuze und \u00c4rmelb\u00fcndchen<br \/>\n\u2022 Daumenschlaufen<br \/>\n\u2022 Easy Lock-Tasche f\u00fcr LVS-Ger\u00e4t<br \/>\n\u2022 Kabel\u00f6ffnung f\u00fcr die Kapuze<br \/>\n\u2022 Flache N\u00e4hte in Kontrastfarbe<\/p>\n<p>GEWICHT: 338 gr<\/p>\n","protected":false},"excerpt":{"rendered":"<p>Mittelgewichtige Jacke, sch\u00fctzend und mit aggressivem Aussehen. Sie ist aus dem innovativen, bi-elastischen Two Face-Gewebe gefertigt, das innen weich und<\/p>\n","protected":false},"featured_media":635722,"template":"","meta":{"_seopress_robots_primary_cat":"none","_seopress_titles_title":"","_seopress_titles_desc":"","_seopress_robots_index":""},"product_brand":[3614],"product_cat":[1388,974,82],"product_tag":[],"class_list":{"0":"post-635710","1":"product","2":"type-product","3":"status-publish","4":"has-post-thumbnail","6":"product_brand-crazy-de","7":"product_cat-damenbekleidung","8":"product_cat-freizeitkleidung","9":"product_cat-kleidung","10":"sws-gruppo-abb-libero-de","11":"sws-conto-ricavi-merci-rivendita-abbigliamento-de","12":"sws-gruppo-iva-iva81-de","14":"first","15":"instock","16":"sale","17":"shipping-taxable","18":"product-type-variable","19":"has-default-attributes"},"_links":{"self":[{"href":"https:\/\/lucacastelli.com\/de\/wp-json\/wp\/v2\/product\/635710","targetHints":{"allow":["GET"]}}],"collection":[{"href":"https:\/\/lucacastelli.com\/de\/wp-json\/wp\/v2\/product"}],"about":[{"href":"https:\/\/lucacastelli.com\/de\/wp-json\/wp\/v2\/types\/product"}],"wp:featuredmedia":[{"embeddable":true,"href":"https:\/\/lucacastelli.com\/de\/wp-json\/wp\/v2\/media\/635722"}],"wp:attachment":[{"href":"https:\/\/lucacastelli.com\/de\/wp-json\/wp\/v2\/media?parent=635710"}],"wp:term":[{"taxonomy":"product_brand","embeddable":true,"href":"https:\/\/lucacastelli.com\/de\/wp-json\/wp\/v2\/product_brand?post=635710"},{"taxonomy":"product_cat","embeddable":true,"href":"https:\/\/lucacastelli.com\/de\/wp-json\/wp\/v2\/product_cat?post=635710"},{"taxonomy":"product_tag","embeddable":true,"href":"https:\/\/lucacastelli.com\/de\/wp-json\/wp\/v2\/product_tag?post=635710"}],"curies":[{"name":"wp","href":"https:\/\/api.w.org\/{rel}","templated":true}]}}