{"id":635639,"date":"2025-10-09T14:48:41","date_gmt":"2025-10-09T12:48:41","guid":{"rendered":"https:\/\/lucacastelli.com\/?post_type=product&#038;p=635639"},"modified":"2026-04-01T01:51:34","modified_gmt":"2026-03-31T23:51:34","slug":"crazy-pull-allure-reissverschluss-copia","status":"publish","type":"product","link":"https:\/\/lucacastelli.com\/de\/produkt\/crazy-pull-allure-reissverschluss-copia\/","title":{"rendered":"CRAZY PULL ALLURE REISSVERSCHLUSS"},"content":{"rendered":"<p>Baselayer mit hohem Kragen, verziert mit einem halben Frontrei\u00dfverschluss und einer ergonomischen Passform, die sich perfekt an Ihren K\u00f6rper anpasst. Hergestellt aus einem innovativen Gewebe, das zwei Premium-Garne kombiniert: Wolle und Polypropylen. Diese Kombination nutzt die isolierenden und geruchshemmenden Eigenschaften der Wolle, w\u00e4hrend das Polypropylen eine unvergleichliche Weichheit gew\u00e4hrleistet. Die flachen, scheuerfesten N\u00e4hte, angereichert mit einem eleganten Farbkontrast, garantieren nicht nur optimalen Komfort, sondern verleihen auch einen unverwechselbaren Stil.   <\/p>\n<p>\u2022 Flache, scheuerfeste N\u00e4hte mit Farbkontrast<br \/>\n\u2022 Woll- und Polypropylenmischung<br \/>\n\u2022 Reflektierende Logos<\/p>\n<p>GEWICHT: 170 gr<\/p>\n","protected":false},"excerpt":{"rendered":"<p>Baselayer mit hohem Kragen, verziert mit einem halben Frontrei\u00dfverschluss und einer ergonomischen Passform, die sich perfekt an Ihren K\u00f6rper anpasst.<\/p>\n","protected":false},"featured_media":635655,"template":"","meta":{"_seopress_robots_primary_cat":"none","_seopress_titles_title":"","_seopress_titles_desc":"","_seopress_robots_index":""},"product_brand":[3413],"product_cat":[21,189,200],"product_tag":[],"class_list":{"0":"post-635639","1":"product","2":"type-product","3":"status-publish","4":"has-post-thumbnail","6":"product_brand-crazy","7":"product_cat-abbigliamento","8":"product_cat-abbigliamento-per-il-tempo-libero","9":"product_cat-abbigliamento-da-donna","10":"sws-gruppo-abb-libero-de","11":"sws-conto-ricavi-merci-rivendita-abbigliamento-de","12":"sws-gruppo-iva-iva81-de","14":"first","15":"instock","16":"sale","17":"shipping-taxable","18":"purchasable","19":"product-type-variable","20":"has-default-attributes"},"_links":{"self":[{"href":"https:\/\/lucacastelli.com\/de\/wp-json\/wp\/v2\/product\/635639","targetHints":{"allow":["GET"]}}],"collection":[{"href":"https:\/\/lucacastelli.com\/de\/wp-json\/wp\/v2\/product"}],"about":[{"href":"https:\/\/lucacastelli.com\/de\/wp-json\/wp\/v2\/types\/product"}],"wp:featuredmedia":[{"embeddable":true,"href":"https:\/\/lucacastelli.com\/de\/wp-json\/wp\/v2\/media\/635655"}],"wp:attachment":[{"href":"https:\/\/lucacastelli.com\/de\/wp-json\/wp\/v2\/media?parent=635639"}],"wp:term":[{"taxonomy":"product_brand","embeddable":true,"href":"https:\/\/lucacastelli.com\/de\/wp-json\/wp\/v2\/product_brand?post=635639"},{"taxonomy":"product_cat","embeddable":true,"href":"https:\/\/lucacastelli.com\/de\/wp-json\/wp\/v2\/product_cat?post=635639"},{"taxonomy":"product_tag","embeddable":true,"href":"https:\/\/lucacastelli.com\/de\/wp-json\/wp\/v2\/product_tag?post=635639"}],"curies":[{"name":"wp","href":"https:\/\/api.w.org\/{rel}","templated":true}]}}