{"id":633196,"date":"2025-09-26T16:55:05","date_gmt":"2025-09-26T14:55:05","guid":{"rendered":"https:\/\/lucacastelli.com\/prodotto\/stihl-auffangplatte-fuer-schneidmesser-60-cm\/"},"modified":"2025-10-27T07:36:48","modified_gmt":"2025-10-27T06:36:48","slug":"stihl-auffangplatte-fuer-schneidmesser-60-cm","status":"publish","type":"product","link":"https:\/\/lucacastelli.com\/de\/produkt\/stihl-auffangplatte-fuer-schneidmesser-60-cm\/","title":{"rendered":"STIHL Auffangblech f\u00fcr Schneidklinge, 60 cm"},"content":{"rendered":"<h2>Auffangblech f\u00fcr HL, HLA, HS und HSA: spart Arbeitszeit durch das Sammeln des Schnittguts<\/h2>\n<p>Mit dem STIHL Auffangblech f\u00fcr HL, HLA, HS und HSA k\u00f6nnen Sie <b>Zeit nach dem Heckenschnitt sparen<\/b>. Da das Schnittgut <b>direkt an der Klinge der STIHL Heckenschere oder des Heckenschneiders<\/b> gesammelt wird, bleibt es nicht zwischen den \u00c4sten der Hecke h\u00e4ngen. Mit Hilfe des Deflektors k\u00f6nnen Sie es in einer einzigen Bewegung von der Hecke auf den Boden transportieren und so die Entsorgung erleichtern. Das <g id=\"gid_2\">robuste Kunststoffmaterial<\/g> macht den STIHL Deflektor f\u00fcr HL, HLA, HS und HSA besonders widerstandsf\u00e4hig und gew\u00e4hrleistet, dass er auch st\u00e4rkeren Belastungen standh\u00e4lt. Er ist ideal f\u00fcr die <a href=\"https:\/\/www.stihl.de\/de\/ratgeber-projekte\/gartenpflege\/heckenpflege\"><b>Heckenpflege<\/b><\/a> <b>f\u00fcr Profis und anspruchsvolle Privatanwender<\/b>.    <\/p>\n<p>Das Auffangblech l\u00e4sst sich einfach und bequem an der STIHL Heckenschere oder einem STIHL Heckenschneider montieren. Werkzeuge sind nicht erforderlich. Je nach Bedarf k\u00f6nnen Sie <b>das Blech auf beiden Seiten montieren<\/b>.  <\/p>\n<p>Das Auffangblech ist f\u00fcr eine Schnittl\u00e4nge von 60 cm geeignet und kompatibel <b>mit den folgenden STIHL Akku-Heckenscheren und Akku-Heckenschneidern:<\/b><\/p>\n<p>&nbsp;<\/p>\n<ul>\n<li><a href=\"https:\/\/www.stihl.de\/de\/p\/heckenscheren-heckenschneider-benzin-heckenschere-hs-82-35322\"><b>HS 82<\/b><\/a><\/li>\n<li><a href=\"https:\/\/www.stihl.de\/de\/p\/heckenscheren-heckenschneider-hsa-100-183350\"><b>HSA 100<\/b><\/a><\/li>\n<li>HSA 140<\/li>\n<li><a href=\"https:\/\/www.stihl.de\/de\/p\/heckenscheren-heckenschneider-benzin-heckenschneider-hl-91-74077\"><b>HL 91<\/b><\/a><\/li>\n<li>HL 92<\/li>\n<li><a href=\"https:\/\/www.stihl.de\/de\/p\/heckenscheren-heckenschneider-benzin-heckenschneider-hl-94-74075\"><b>HL 94<\/b><\/a><\/li>\n<li><a href=\"https:\/\/www.stihl.de\/de\/p\/heckenscheren-heckenschneider-akku-heckenschneider-hla-135-ap-system-128710\"><b>HLA 135<\/b><\/a><\/li>\n<li>HLA 140<\/li>\n<li>HLA 150<\/li>\n<\/ul>\n","protected":false},"excerpt":{"rendered":"<p>Auffangblech f\u00fcr HL, HLA, HS und HSA: spart Arbeitszeit durch das Sammeln des Schnittguts Mit dem STIHL Auffangblech f\u00fcr HL,<\/p>\n","protected":false},"featured_media":633192,"template":"","meta":{"_seopress_robots_primary_cat":"none","_seopress_titles_title":"","_seopress_titles_desc":"","_seopress_robots_index":""},"product_brand":[3554],"product_cat":[1629,1695,169],"product_tag":[],"class_list":{"0":"post-633196","1":"product","2":"type-product","3":"status-publish","4":"has-post-thumbnail","6":"product_brand-stihl-de","7":"product_cat-akku-heckenscheren-und-astscheren","8":"product_cat-heckenscheren-und-astscheren","9":"product_cat-maschinen","10":"sws-gruppo-macchinari-de","11":"sws-conto-ricavi-merci-rivendita-macchinari-de","12":"sws-gruppo-iva-iva81-de","14":"first","15":"instock","16":"shipping-taxable","17":"purchasable","18":"product-type-simple"},"_links":{"self":[{"href":"https:\/\/lucacastelli.com\/de\/wp-json\/wp\/v2\/product\/633196","targetHints":{"allow":["GET"]}}],"collection":[{"href":"https:\/\/lucacastelli.com\/de\/wp-json\/wp\/v2\/product"}],"about":[{"href":"https:\/\/lucacastelli.com\/de\/wp-json\/wp\/v2\/types\/product"}],"wp:featuredmedia":[{"embeddable":true,"href":"https:\/\/lucacastelli.com\/de\/wp-json\/wp\/v2\/media\/633192"}],"wp:attachment":[{"href":"https:\/\/lucacastelli.com\/de\/wp-json\/wp\/v2\/media?parent=633196"}],"wp:term":[{"taxonomy":"product_brand","embeddable":true,"href":"https:\/\/lucacastelli.com\/de\/wp-json\/wp\/v2\/product_brand?post=633196"},{"taxonomy":"product_cat","embeddable":true,"href":"https:\/\/lucacastelli.com\/de\/wp-json\/wp\/v2\/product_cat?post=633196"},{"taxonomy":"product_tag","embeddable":true,"href":"https:\/\/lucacastelli.com\/de\/wp-json\/wp\/v2\/product_tag?post=633196"}],"curies":[{"name":"wp","href":"https:\/\/api.w.org\/{rel}","templated":true}]}}