{"id":633095,"date":"2025-09-25T19:41:55","date_gmt":"2025-09-25T17:41:55","guid":{"rendered":"https:\/\/lucacastelli.com\/?post_type=product&#038;p=633095"},"modified":"2025-09-26T23:22:18","modified_gmt":"2025-09-26T21:22:18","slug":"la-sportiva-tx4-evo-gtx-copia","status":"publish","type":"product","link":"https:\/\/lucacastelli.com\/de\/produkt\/la-sportiva-tx4-evo-gtx-copia\/","title":{"rendered":"LA SPORTIVA TX4 EVO GTX"},"content":{"rendered":"<p>Der TX4 Evo GTX ist ein Lederstiefel mit wasserdichter GORE-TEX-Membran, der entwickelt wurde, um auch in unebenem Gel\u00e4nde maximale Stabilit\u00e4t und Unterst\u00fctzung zu gew\u00e4hrleisten. Ideal f\u00fcr technische Zustiege und leichte Kletterpassagen, bietet es dank der Obermaterialien und des gro\u00dfen Innenvolumens einen unvergleichlichen Komfort. Die GORE-TEX Extended Comfort Membran garantiert die Wasserdichtigkeit und Atmungsaktivit\u00e4t der Schuhe auch bei l\u00e4ngerem Gebrauch.  <\/p>\n<p>Das Profilmuster mit der Vibram\u00ae MegaGrip Mischung und den patentierten Impact Brake System\u2122 Stollen erm\u00f6glicht maximale Stabilit\u00e4t bergab und perfekte Traktionskontrolle bergauf. Die gro\u00dfe Climbing Zone an der Spitze garantiert Pr\u00e4zision und guten Grip bergauf und in schwierigen Passagen. <\/p>\n<p>Die spezielle Zwischensohle mit patentierter Resole Platform-Einlage\u2122 erm\u00f6glicht es, den TX4 Evo neu zu besohlen, ohne seine technischen und komfortablen Eigenschaften zu beeintr\u00e4chtigen.<\/p>\n<p>Merkmale der La Sportiva TX4 Evo GTX Herren<br \/>\nZustiegsschuhe Sportkletter-Schn\u00fcrsystem f\u00fcr optimale Volumenanpassung<\/p>\n<p>Schutzgewebe im vorderen medialen Bereich des Keils, um ihn vor Abrieb zu sch\u00fctzen<\/p>\n<p>Resole Platform\u2122: Das Sohlenpaket ist f\u00fcr den schnellen und einfachen Austausch der Lauffl\u00e4che durch Originalteile von La Sportiva konzipiert.<\/p>\n<p>Recycelte Schn\u00fcrsenkel und Schlaufen + recyceltes EVA in der Zwischensohle<\/p>\n<p>Technische Daten<\/p>\n<p>Obermaterial: Wildleder + Schutzband, Gummi und Zehenkappe aus Gummi<\/p>\n<p>Futter: Mesh<\/p>\n<p>Fu\u00dfbett: Ortholite\u00ae Hybrid Approach 4 mm<\/p>\n<p>Zwischensohle: Formgepresstes EVA<\/p>\n<p>Au\u00dfensohle: Vibram\u00ae MegaGrip mit IBS<\/p>\n<p>Patente: Resole Platform\u2122 &#8211; Impact Brake System\u2122<\/p>\n","protected":false},"excerpt":{"rendered":"<p>Der TX4 Evo GTX ist ein Lederstiefel mit wasserdichter GORE-TEX-Membran, der entwickelt wurde, um auch in unebenem Gel\u00e4nde maximale Stabilit\u00e4t<\/p>\n","protected":false},"featured_media":633152,"template":"","meta":{"_seopress_robots_primary_cat":"none","_seopress_titles_title":"","_seopress_titles_desc":"","_seopress_robots_index":""},"product_brand":[3419],"product_cat":[28,568,569],"product_tag":[],"class_list":{"0":"post-633095","1":"product","2":"type-product","3":"status-publish","4":"has-post-thumbnail","6":"product_brand-la-sportiva","7":"product_cat-calzature","8":"product_cat-calzature-per-il-tempo-libero","9":"product_cat-calzature-da-uomo","10":"sws-gruppo-abb-libero-de","11":"sws-conto-ricavi-merci-rivendita-abbigliamento-de","12":"sws-gruppo-iva-iva81-de","14":"first","15":"instock","16":"shipping-taxable","17":"purchasable","18":"product-type-variable","19":"has-default-attributes"},"_links":{"self":[{"href":"https:\/\/lucacastelli.com\/de\/wp-json\/wp\/v2\/product\/633095","targetHints":{"allow":["GET"]}}],"collection":[{"href":"https:\/\/lucacastelli.com\/de\/wp-json\/wp\/v2\/product"}],"about":[{"href":"https:\/\/lucacastelli.com\/de\/wp-json\/wp\/v2\/types\/product"}],"wp:featuredmedia":[{"embeddable":true,"href":"https:\/\/lucacastelli.com\/de\/wp-json\/wp\/v2\/media\/633152"}],"wp:attachment":[{"href":"https:\/\/lucacastelli.com\/de\/wp-json\/wp\/v2\/media?parent=633095"}],"wp:term":[{"taxonomy":"product_brand","embeddable":true,"href":"https:\/\/lucacastelli.com\/de\/wp-json\/wp\/v2\/product_brand?post=633095"},{"taxonomy":"product_cat","embeddable":true,"href":"https:\/\/lucacastelli.com\/de\/wp-json\/wp\/v2\/product_cat?post=633095"},{"taxonomy":"product_tag","embeddable":true,"href":"https:\/\/lucacastelli.com\/de\/wp-json\/wp\/v2\/product_tag?post=633095"}],"curies":[{"name":"wp","href":"https:\/\/api.w.org\/{rel}","templated":true}]}}