{"id":632930,"date":"2025-09-24T15:07:01","date_gmt":"2025-09-24T13:07:01","guid":{"rendered":"https:\/\/lucacastelli.com\/prodotto\/scarpa-mojito-gtx-2\/"},"modified":"2026-03-02T16:11:19","modified_gmt":"2026-03-02T15:11:19","slug":"scarpa-mojito-gtx-2","status":"publish","type":"product","link":"https:\/\/lucacastelli.com\/de\/produkt\/scarpa-mojito-gtx-2\/","title":{"rendered":"SCARPA Mojito GTX"},"content":{"rendered":"<p>Bei dieser Neuinterpretation des Kultmodells Mojito sorgt ein GORE-TEX-Futter f\u00fcr Wasserdichtigkeit auch an regnerischen Tagen. Das Obermaterial aus weichem, beschichtetem Veloursleder ist f\u00fcr alle urbanen Strecken geeignet, die Sie unternehmen m\u00f6chten. <\/p>\n<p>&nbsp;<\/p>\n<div class=\"vertical_intro_wrapper\">\n<div class=\"vertical_intro\">\n<div class=\"vertical_title scarpa\">FEATURES<\/div>\n<div><\/div>\n<\/div>\n<\/div>\n<div class=\"vertical_side_content\">\n<div class=\"product_features\">\n<div class=\"row d-block d-sm-block d-md-block d-lg-flex align-items-stretch\">\n<div class=\"col-12 col-sm-12 co-md-12 col-lg-6\">\n<div class=\"feature_wrapper\">\n<div class=\"feature_title\" data-lang=\"attribute_tomaia\">UPPER<\/div>\n<p>Hergestellt aus wasserabweisendem Veloursleder mit Zehenschutzkappe aus Gummi.<\/p>\n<\/div>\n<\/div>\n<div class=\"col-12 col-sm-12 co-md-12 col-lg-6\">\n<div class=\"feature_wrapper\">\n<div class=\"feature_title\" data-lang=\"attribute_lacing\">LACING<\/div>\n<p>Die Extended Lacing, ein Derivat aus dem Klettersport, erstreckt sich durch \u00d6sen und L\u00f6cher bis zur Spitze und bietet maximale individuelle Anpassung und Komfort bei der Passform. Doppelte Schn\u00fcrsenkel werden mitgeliefert, sowohl kontrastierend als auch Ton in Ton mit dem Obermaterial, um sich jedem Stilbed\u00fcrfnis anzupassen. <\/p>\n<\/div>\n<\/div>\n<\/div>\n<div class=\"row d-block d-sm-block d-md-block d-lg-flex align-items-stretch\">\n<div class=\"col-12 col-sm-12 co-md-12 col-lg-6\">\n<div class=\"feature_wrapper\">\n<div class=\"feature_title\" data-lang=\"attribute_fodera\">LINING<\/div>\n<p>Mit GORE-TEX BlueSign Approved Membran ohne DWR-Behandlung (Durable Waterproof Repellent) und PFCec Free.<\/p>\n<\/div>\n<\/div>\n<div class=\"col-12 col-sm-12 co-md-12 col-lg-6\">\n<div class=\"feature_wrapper\">\n<div class=\"feature_title\" data-lang=\"attribute_suola\">SOLE<\/div>\n<p>Spyder mit EVA-Zwischensohle f\u00fcr maximalen Komfort und Sto\u00dfd\u00e4mpfung. Die Laufsohle ist aus Vibram\u00ae-Gummi mit Seitenschutz gefertigt. <\/p>\n<\/div>\n<\/div>\n<\/div>\n<\/div>\n<\/div>\n","protected":false},"excerpt":{"rendered":"<p>Bei dieser Neuinterpretation des Kultmodells Mojito sorgt ein GORE-TEX-Futter f\u00fcr Wasserdichtigkeit auch an regnerischen Tagen. Das Obermaterial aus weichem, beschichtetem<\/p>\n","protected":false},"featured_media":632936,"template":"","meta":{"_seopress_robots_primary_cat":"none","_seopress_titles_title":"","_seopress_titles_desc":"","_seopress_robots_index":""},"product_brand":[4717],"product_cat":[1419,1431,175],"product_tag":[],"class_list":{"0":"post-632930","1":"product","2":"type-product","3":"status-publish","4":"has-post-thumbnail","6":"product_brand-scarpa-de","7":"product_cat-freizeitschuhe","8":"product_cat-herrenschuhe","9":"product_cat-schuhe","10":"sws-gruppo-abb-libero-de","11":"sws-conto-ricavi-merci-rivendita-abbigliamento-de","12":"sws-gruppo-iva-iva81-de","14":"first","15":"instock","16":"shipping-taxable","17":"purchasable","18":"product-type-variable","19":"has-default-attributes"},"_links":{"self":[{"href":"https:\/\/lucacastelli.com\/de\/wp-json\/wp\/v2\/product\/632930","targetHints":{"allow":["GET"]}}],"collection":[{"href":"https:\/\/lucacastelli.com\/de\/wp-json\/wp\/v2\/product"}],"about":[{"href":"https:\/\/lucacastelli.com\/de\/wp-json\/wp\/v2\/types\/product"}],"wp:featuredmedia":[{"embeddable":true,"href":"https:\/\/lucacastelli.com\/de\/wp-json\/wp\/v2\/media\/632936"}],"wp:attachment":[{"href":"https:\/\/lucacastelli.com\/de\/wp-json\/wp\/v2\/media?parent=632930"}],"wp:term":[{"taxonomy":"product_brand","embeddable":true,"href":"https:\/\/lucacastelli.com\/de\/wp-json\/wp\/v2\/product_brand?post=632930"},{"taxonomy":"product_cat","embeddable":true,"href":"https:\/\/lucacastelli.com\/de\/wp-json\/wp\/v2\/product_cat?post=632930"},{"taxonomy":"product_tag","embeddable":true,"href":"https:\/\/lucacastelli.com\/de\/wp-json\/wp\/v2\/product_tag?post=632930"}],"curies":[{"name":"wp","href":"https:\/\/api.w.org\/{rel}","templated":true}]}}