{"id":632873,"date":"2025-09-24T14:47:40","date_gmt":"2025-09-24T12:47:40","guid":{"rendered":"https:\/\/lucacastelli.com\/prodotto\/scarpa-mont-blanc-gtx\/"},"modified":"2025-09-24T14:47:40","modified_gmt":"2025-09-24T12:47:40","slug":"scarpa-mont-blanc-gtx","status":"publish","type":"product","link":"https:\/\/lucacastelli.com\/de\/produkt\/scarpa-mont-blanc-gtx\/","title":{"rendered":"SCARPA Mont Blanc Gtx"},"content":{"rendered":"<p>Dies ist ein klassischer Bergsteigerstiefel, der f\u00fcr \u00fcberragende Strapazierf\u00e4higkeit und Schutz entwickelt wurde, Eigenschaften, die ihn auch ideal als Arbeitsstiefel machen. Der Gummirand sch\u00fctzt den Stiefel vor St\u00f6\u00dfen und Abrieb, w\u00e4hrend der ergonomische Kragen und die Lederzunge f\u00fcr Komfort und Anpassungsf\u00e4higkeit des Schaftes sorgen. Im Lieferumfang ist ein 3D Fit Zungenzubeh\u00f6r enthalten, das den Komfort bei geringem Volumen verbessert.  <\/p>\n","protected":false},"excerpt":{"rendered":"<p>Dies ist ein klassischer Bergsteigerstiefel, der f\u00fcr \u00fcberragende Strapazierf\u00e4higkeit und Schutz entwickelt wurde, Eigenschaften, die ihn auch ideal als Arbeitsstiefel<\/p>\n","protected":false},"featured_media":632257,"template":"","meta":{"_seopress_robots_primary_cat":"none","_seopress_titles_title":"","_seopress_titles_desc":"","_seopress_robots_index":""},"product_brand":[4717],"product_cat":[1419,1431,175],"product_tag":[],"class_list":{"0":"post-632873","1":"product","2":"type-product","3":"status-publish","4":"has-post-thumbnail","6":"product_brand-scarpa-de","7":"product_cat-freizeitschuhe","8":"product_cat-herrenschuhe","9":"product_cat-schuhe","10":"sws-gruppo-abb-libero-de","11":"sws-conto-ricavi-merci-rivendita-abbigliamento-de","12":"sws-gruppo-iva-iva81-de","14":"first","15":"instock","16":"shipping-taxable","17":"purchasable","18":"product-type-variable","19":"has-default-attributes"},"_links":{"self":[{"href":"https:\/\/lucacastelli.com\/de\/wp-json\/wp\/v2\/product\/632873","targetHints":{"allow":["GET"]}}],"collection":[{"href":"https:\/\/lucacastelli.com\/de\/wp-json\/wp\/v2\/product"}],"about":[{"href":"https:\/\/lucacastelli.com\/de\/wp-json\/wp\/v2\/types\/product"}],"wp:featuredmedia":[{"embeddable":true,"href":"https:\/\/lucacastelli.com\/de\/wp-json\/wp\/v2\/media\/632257"}],"wp:attachment":[{"href":"https:\/\/lucacastelli.com\/de\/wp-json\/wp\/v2\/media?parent=632873"}],"wp:term":[{"taxonomy":"product_brand","embeddable":true,"href":"https:\/\/lucacastelli.com\/de\/wp-json\/wp\/v2\/product_brand?post=632873"},{"taxonomy":"product_cat","embeddable":true,"href":"https:\/\/lucacastelli.com\/de\/wp-json\/wp\/v2\/product_cat?post=632873"},{"taxonomy":"product_tag","embeddable":true,"href":"https:\/\/lucacastelli.com\/de\/wp-json\/wp\/v2\/product_tag?post=632873"}],"curies":[{"name":"wp","href":"https:\/\/api.w.org\/{rel}","templated":true}]}}