{"id":632797,"date":"2025-09-11T15:07:05","date_gmt":"2025-09-11T13:07:05","guid":{"rendered":"https:\/\/lucacastelli.com\/prodotto\/crazy-top-glaenzend-2\/"},"modified":"2026-04-14T02:49:42","modified_gmt":"2026-04-14T00:49:42","slug":"crazy-top-glaenzend-2","status":"publish","type":"product","link":"https:\/\/lucacastelli.com\/de\/produkt\/crazy-top-glaenzend-2\/","title":{"rendered":"CRAZY TOP GL\u00c4NZEND"},"content":{"rendered":"<h3 data-start=\"106\" data-end=\"119\">BEGRIFF<\/h3>\n<ul data-start=\"120\" data-end=\"200\">\n<li data-start=\"120\" data-end=\"150\">\n<p data-start=\"122\" data-end=\"150\">D\u00fcnne und weiche Tr\u00e4ger<\/p>\n<\/li>\n<li data-start=\"151\" data-end=\"176\">\n<p data-start=\"153\" data-end=\"176\">Integrierter Innen-BH<\/p>\n<\/li>\n<li data-start=\"177\" data-end=\"200\">\n<p data-start=\"179\" data-end=\"200\"><strong data-start=\"186\" data-end=\"198\">All-over<\/strong>-Prints<\/p>\n<\/li>\n<\/ul>\n<h3 data-start=\"202\" data-end=\"216\">MERKMALE<\/h3>\n<p data-start=\"217\" data-end=\"533\">Das <strong data-start=\"220\" data-end=\"238\">Top Hydro Cool<\/strong> ist ein essentielles und stylisches Teil, perfekt f\u00fcr heisse Tage und t\u00e4gliche Aktivit\u00e4ten im Freien.<br data-start=\"346\" data-end=\"349\">Es zeichnet sich aus durch <strong data-start=\"369\" data-end=\"389\">d\u00fcnne Tr\u00e4ger<\/strong>, <strong data-start=\"391\" data-end=\"421\">Seitenteile aus technischem Netzstoff<\/strong>, die weich und elastisch sind, einen integrierten <strong data-start=\"443\" data-end=\"458\">Innen-BH<\/strong> und einen <strong data-start=\"474\" data-end=\"491\">abgerundeten Saum<\/strong> am unteren Ende, der die Passform betont.<\/p>\n<p data-start=\"535\" data-end=\"669\">Hergestellt aus <strong data-start=\"549\" data-end=\"563\">Hydro Cool<\/strong>, unserem k\u00fchlen, leichten und elastischen Stoff, garantiert es Komfort und Atmungsaktivit\u00e4t in jeder Situation.<\/p>\n","protected":false},"excerpt":{"rendered":"<p>BEGRIFF D\u00fcnne und weiche Tr\u00e4ger Integrierter Innen-BH All-over-Prints MERKMALE Das Top Hydro Cool ist ein essentielles und stylisches Teil, perfekt<\/p>\n","protected":false},"featured_media":632801,"template":"","meta":{"_seopress_robots_primary_cat":"none","_seopress_titles_title":"","_seopress_titles_desc":"","_seopress_robots_index":""},"product_brand":[3614],"product_cat":[1388,974,82],"product_tag":[],"class_list":{"0":"post-632797","1":"product","2":"type-product","3":"status-publish","4":"has-post-thumbnail","6":"product_brand-crazy-de","7":"product_cat-damenbekleidung","8":"product_cat-freizeitkleidung","9":"product_cat-kleidung","10":"sws-gruppo-abb-libero-de","11":"sws-conto-ricavi-merci-rivendita-abbigliamento-de","12":"sws-gruppo-iva-iva81-de","14":"first","15":"instock","16":"sale","17":"shipping-taxable","18":"purchasable","19":"product-type-variable","20":"has-default-attributes"},"_links":{"self":[{"href":"https:\/\/lucacastelli.com\/de\/wp-json\/wp\/v2\/product\/632797","targetHints":{"allow":["GET"]}}],"collection":[{"href":"https:\/\/lucacastelli.com\/de\/wp-json\/wp\/v2\/product"}],"about":[{"href":"https:\/\/lucacastelli.com\/de\/wp-json\/wp\/v2\/types\/product"}],"wp:featuredmedia":[{"embeddable":true,"href":"https:\/\/lucacastelli.com\/de\/wp-json\/wp\/v2\/media\/632801"}],"wp:attachment":[{"href":"https:\/\/lucacastelli.com\/de\/wp-json\/wp\/v2\/media?parent=632797"}],"wp:term":[{"taxonomy":"product_brand","embeddable":true,"href":"https:\/\/lucacastelli.com\/de\/wp-json\/wp\/v2\/product_brand?post=632797"},{"taxonomy":"product_cat","embeddable":true,"href":"https:\/\/lucacastelli.com\/de\/wp-json\/wp\/v2\/product_cat?post=632797"},{"taxonomy":"product_tag","embeddable":true,"href":"https:\/\/lucacastelli.com\/de\/wp-json\/wp\/v2\/product_tag?post=632797"}],"curies":[{"name":"wp","href":"https:\/\/api.w.org\/{rel}","templated":true}]}}