{"id":632784,"date":"2025-09-11T15:42:23","date_gmt":"2025-09-11T13:42:23","guid":{"rendered":"https:\/\/lucacastelli.com\/prodotto\/crazy-short-pegasus\/"},"modified":"2026-04-14T02:49:46","modified_gmt":"2026-04-14T00:49:46","slug":"crazy-short-pegasus","status":"publish","type":"product","link":"https:\/\/lucacastelli.com\/de\/produkt\/crazy-short-pegasus\/","title":{"rendered":"CRAZY SHORT PEGASUS"},"content":{"rendered":"<h3 data-start=\"87\" data-end=\"100\">BEGRIFF<\/h3>\n<ul data-start=\"101\" data-end=\"249\">\n<li data-start=\"101\" data-end=\"128\">\n<p data-start=\"103\" data-end=\"128\"><strong data-start=\"114\" data-end=\"126\">Acrofuse<\/strong> Technologie<\/p>\n<\/li>\n<li data-start=\"129\" data-end=\"208\">\n<p data-start=\"131\" data-end=\"208\">Seitentaschen: eine offene rechts, eine lasergeschnittene mit geklebtem Rei\u00dfverschluss links<\/p>\n<\/li>\n<li data-start=\"209\" data-end=\"249\">\n<p data-start=\"211\" data-end=\"249\">Verstellbare Taille mit elastischer Kordel<\/p>\n<\/li>\n<\/ul>\n<h3 data-start=\"251\" data-end=\"265\">MERKMALE<\/h3>\n<p data-start=\"266\" data-end=\"605\">Die <strong data-start=\"269\" data-end=\"286\">Short Pegasus<\/strong> zeichnet sich durch ein essentielles und modernes Design aus, gefertigt aus <strong data-start=\"353\" data-end=\"380\">Endurance Light-Gewebe<\/strong> und mit der innovativen <strong data-start=\"411\" data-end=\"423\">Acrofuse<\/strong>-Technologie.<br data-start=\"424\" data-end=\"427\">Diese spezielle Verarbeitung ersetzt herk\u00f6mmliche N\u00e4hte durch <strong data-start=\"496\" data-end=\"516\">Mikroverklebungen<\/strong>, die das Kleidungsst\u00fcck leichter machen, die \u00c4sthetik unterstreichen und f\u00fcr einen cleanen, technologischen Look sorgen.<\/p>\n<p data-start=\"607\" data-end=\"759\">Der Verzicht auf N\u00e4hte garantiert zudem eine <strong data-start=\"658\" data-end=\"705\">extrem elastische, strapazierf\u00e4hige und leichte<\/strong> Short, die maximale Leistung und technischen Komfort bietet.<\/p>\n","protected":false},"excerpt":{"rendered":"<p>BEGRIFF Acrofuse Technologie Seitentaschen: eine offene rechts, eine lasergeschnittene mit geklebtem Rei\u00dfverschluss links Verstellbare Taille mit elastischer Kordel MERKMALE Die<\/p>\n","protected":false},"featured_media":632786,"template":"","meta":{"_seopress_robots_primary_cat":"","_seopress_titles_title":"","_seopress_titles_desc":"","_seopress_robots_index":""},"product_brand":[3413],"product_cat":[21,189,190],"product_tag":[],"class_list":{"0":"post-632784","1":"product","2":"type-product","3":"status-publish","4":"has-post-thumbnail","6":"product_brand-crazy","7":"product_cat-abbigliamento","8":"product_cat-abbigliamento-per-il-tempo-libero","9":"product_cat-abbigliamento-da-uomo","10":"sws-gruppo-abb-libero-de","11":"sws-conto-ricavi-merci-rivendita-abbigliamento-de","12":"sws-gruppo-iva-iva81-de","14":"first","15":"instock","16":"sale","17":"shipping-taxable","18":"purchasable","19":"product-type-variable","20":"has-default-attributes"},"_links":{"self":[{"href":"https:\/\/lucacastelli.com\/de\/wp-json\/wp\/v2\/product\/632784","targetHints":{"allow":["GET"]}}],"collection":[{"href":"https:\/\/lucacastelli.com\/de\/wp-json\/wp\/v2\/product"}],"about":[{"href":"https:\/\/lucacastelli.com\/de\/wp-json\/wp\/v2\/types\/product"}],"wp:featuredmedia":[{"embeddable":true,"href":"https:\/\/lucacastelli.com\/de\/wp-json\/wp\/v2\/media\/632786"}],"wp:attachment":[{"href":"https:\/\/lucacastelli.com\/de\/wp-json\/wp\/v2\/media?parent=632784"}],"wp:term":[{"taxonomy":"product_brand","embeddable":true,"href":"https:\/\/lucacastelli.com\/de\/wp-json\/wp\/v2\/product_brand?post=632784"},{"taxonomy":"product_cat","embeddable":true,"href":"https:\/\/lucacastelli.com\/de\/wp-json\/wp\/v2\/product_cat?post=632784"},{"taxonomy":"product_tag","embeddable":true,"href":"https:\/\/lucacastelli.com\/de\/wp-json\/wp\/v2\/product_tag?post=632784"}],"curies":[{"name":"wp","href":"https:\/\/api.w.org\/{rel}","templated":true}]}}