{"id":632745,"date":"2025-09-11T10:09:44","date_gmt":"2025-09-11T08:09:44","guid":{"rendered":"https:\/\/lucacastelli.com\/prodotto\/helly-hansen-lifa-merino-midweight-graphic-base-layer-pants\/"},"modified":"2026-03-02T15:11:06","modified_gmt":"2026-03-02T14:11:06","slug":"helly-hansen-lifa-merino-midweight-graphic-base-layer-pants","status":"publish","type":"product","link":"https:\/\/lucacastelli.com\/de\/produkt\/helly-hansen-lifa-merino-midweight-graphic-base-layer-pants\/","title":{"rendered":"HELLY HANSEN Lifa Merino Midweight Graphic Base Layer Pants"},"content":{"rendered":"<div class=\"product-desc\">\n<p>Unsere LIFA\u00ae Merino Midweight Hosen sind perfekt f\u00fcr jede Art von Aktivit\u00e4t bei kaltem Wetter und erm\u00f6glichen Ihnen lange Aufenthalte im Freien. Wir haben eine Schicht aus 100% Merinowolle mit unserer bew\u00e4hrten LIFA\u00ae Stay Warm Technologie in einer 2-Lagen-Struktur kombiniert. Das LIFA\u00ae Merino MIDWEIGHT Modell bietet die gesamte W\u00e4rme und Atmungsaktivit\u00e4t von Merinowollfasern sowie die exklusiven Feuchtigkeitsmanagement-Eigenschaften der LIFA\u00ae Fasern. Diese Basishose verf\u00fcgt \u00fcber trendige Prints und zeichnet sich durch eine bequeme Passform aus, die Bewegungsfreiheit bietet, ohne zu volumin\u00f6s zu sein.   <\/p>\n<\/div>\n<p>Fasergehalt: Obermaterial: 57% Merinowolle, 43% Polypropylen<\/p>\n<p>Pflegehinweise: Keinen Weichsp\u00fcler verwenden. Nicht auswringen. Wollwaschmittel verwenden. Auf links waschen.   <\/p>\n<div class=\"productDetails_productDetailsCols__K1qqI\">\n<div class=\"productDetails_productDetailsRow__bHp5_\">\n<div class=\"blocks_mobileInlineWrapper__N_Soc\">Gewicht: 190g<\/div>\n<\/div>\n<\/div>\n<div><\/div>\n<div>\n<ul>\n<li>\n<p class=\"body_default__v2V8e body_style--basic__4qd4x body_style--basic__4qd4x\">LIFA\u00ae MERINO<\/p>\n<\/li>\n<li>\n<p class=\"body_default__v2V8e body_style--basic__4qd4x body_style--basic__4qd4x\">Zweischichtige Konstruktion<\/p>\n<\/li>\n<li>\n<p class=\"body_default__v2V8e body_style--basic__4qd4x body_style--basic__4qd4x\">Halbrei\u00dfverschluss-Struktur<\/p>\n<\/li>\n<li>\n<p class=\"body_default__v2V8e body_style--basic__4qd4x body_style--basic__4qd4x\">Au\u00dfenmaterial: 100 % Merinowolle<\/p>\n<\/li>\n<li>\n<p class=\"body_default__v2V8e body_style--basic__4qd4x body_style--basic__4qd4x\">Flatlock-N\u00e4hte f\u00fcr optimalen Komfort und Strapazierf\u00e4higkeit<\/p>\n<\/li>\n<li>\n<p class=\"body_default__v2V8e body_style--basic__4qd4x body_style--basic__4qd4x\">Nicht reizendes Gewebe<\/p>\n<\/li>\n<li>\n<p class=\"body_default__v2V8e body_style--basic__4qd4x body_style--basic__4qd4x\">ZQ Merino<\/p>\n<\/li>\n<\/ul>\n<\/div>\n","protected":false},"excerpt":{"rendered":"<p>Unsere LIFA\u00ae Merino Midweight Hosen sind perfekt f\u00fcr jede Art von Aktivit\u00e4t bei kaltem Wetter und erm\u00f6glichen Ihnen lange Aufenthalte<\/p>\n","protected":false},"featured_media":632749,"template":"","meta":{"_seopress_robots_primary_cat":"none","_seopress_titles_title":"","_seopress_titles_desc":"","_seopress_robots_index":""},"product_brand":[3425],"product_cat":[21,189,200],"product_tag":[],"class_list":{"0":"post-632745","1":"product","2":"type-product","3":"status-publish","4":"has-post-thumbnail","6":"product_brand-helly-hansen","7":"product_cat-abbigliamento","8":"product_cat-abbigliamento-per-il-tempo-libero","9":"product_cat-abbigliamento-da-donna","10":"sws-gruppo-abb-libero-de","11":"sws-conto-ricavi-merci-rivendita-abbigliamento-de","12":"sws-gruppo-iva-iva81-de","14":"first","15":"instock","16":"sale","17":"shipping-taxable","18":"purchasable","19":"product-type-variable","20":"has-default-attributes"},"_links":{"self":[{"href":"https:\/\/lucacastelli.com\/de\/wp-json\/wp\/v2\/product\/632745","targetHints":{"allow":["GET"]}}],"collection":[{"href":"https:\/\/lucacastelli.com\/de\/wp-json\/wp\/v2\/product"}],"about":[{"href":"https:\/\/lucacastelli.com\/de\/wp-json\/wp\/v2\/types\/product"}],"wp:featuredmedia":[{"embeddable":true,"href":"https:\/\/lucacastelli.com\/de\/wp-json\/wp\/v2\/media\/632749"}],"wp:attachment":[{"href":"https:\/\/lucacastelli.com\/de\/wp-json\/wp\/v2\/media?parent=632745"}],"wp:term":[{"taxonomy":"product_brand","embeddable":true,"href":"https:\/\/lucacastelli.com\/de\/wp-json\/wp\/v2\/product_brand?post=632745"},{"taxonomy":"product_cat","embeddable":true,"href":"https:\/\/lucacastelli.com\/de\/wp-json\/wp\/v2\/product_cat?post=632745"},{"taxonomy":"product_tag","embeddable":true,"href":"https:\/\/lucacastelli.com\/de\/wp-json\/wp\/v2\/product_tag?post=632745"}],"curies":[{"name":"wp","href":"https:\/\/api.w.org\/{rel}","templated":true}]}}