{"id":632726,"date":"2025-09-11T14:29:53","date_gmt":"2025-09-11T12:29:53","guid":{"rendered":"https:\/\/lucacastelli.com\/prodotto\/crazy-bh-blitz\/"},"modified":"2026-04-14T02:50:43","modified_gmt":"2026-04-14T00:50:43","slug":"crazy-bh-blitz","status":"publish","type":"product","link":"https:\/\/lucacastelli.com\/de\/produkt\/crazy-bh-blitz\/","title":{"rendered":"CRAZY BH-BLITZ"},"content":{"rendered":"<h3 data-start=\"87\" data-end=\"100\">BEGRIFF<\/h3>\n<ul data-start=\"101\" data-end=\"231\">\n<li data-start=\"101\" data-end=\"147\">\n<p data-start=\"103\" data-end=\"147\">Eingebauter BH mit herausnehmbaren Cups<\/p>\n<\/li>\n<li data-start=\"148\" data-end=\"186\">\n<p data-start=\"150\" data-end=\"186\">Hoher Bund f\u00fcr mehr Stabilit\u00e4t<\/p>\n<\/li>\n<li data-start=\"187\" data-end=\"231\">\n<p data-start=\"189\" data-end=\"231\">Lebhafte <strong data-start=\"196\" data-end=\"208\">All-over<\/strong>-Prints<\/p>\n<\/li>\n<\/ul>\n<h3 data-start=\"233\" data-end=\"247\">MERKMALE<\/h3>\n<p data-start=\"248\" data-end=\"416\">Der <strong data-start=\"251\" data-end=\"275\">Sports Bra Lightning<\/strong> vereint Komfort und Funktionalit\u00e4t in einem Kleidungsst\u00fcck, das f\u00fcr das <strong data-start=\"329\" data-end=\"346\">Trailrunning<\/strong> entwickelt wurde, sich aber ideal f\u00fcr jede Outdoor-Aktivit\u00e4t an hei\u00dfen Tagen eignet.<\/p>\n<p data-start=\"418\" data-end=\"716\">Hergestellt aus leichter, <strong data-start=\"432\" data-end=\"460\">elastischer Mikrofaser<\/strong>, bietet er Atmungsaktivit\u00e4t, schnelle Trocknung und eine geruchshemmende Behandlung f\u00fcr langanhaltenden Komfort.<br data-start=\"561\" data-end=\"564\">Der <strong data-start=\"567\" data-end=\"582\">hohe Bund<\/strong> garantiert Stabilit\u00e4t ohne Reibung, w\u00e4hrend die <strong data-start=\"629\" data-end=\"660\">herausnehmbaren, geformten Cups<\/strong> f\u00fcr Halt und eine individuelle Passform sorgen.<\/p>\n<p data-start=\"718\" data-end=\"836\">Die <strong data-start=\"721\" data-end=\"766\">farbenfrohen Muster im perfekten Crazy-Stil<\/strong> machen diesen Bra nicht nur funktional, sondern auch einzigartig im Design.<\/p>\n","protected":false},"excerpt":{"rendered":"<p>BEGRIFF Eingebauter BH mit herausnehmbaren Cups Hoher Bund f\u00fcr mehr Stabilit\u00e4t Lebhafte All-over-Prints MERKMALE Der Sports Bra Lightning vereint Komfort<\/p>\n","protected":false},"featured_media":632727,"template":"","meta":{"_seopress_robots_primary_cat":"none","_seopress_titles_title":"","_seopress_titles_desc":"","_seopress_robots_index":""},"product_brand":[3413],"product_cat":[21,189,200],"product_tag":[],"class_list":{"0":"post-632726","1":"product","2":"type-product","3":"status-publish","4":"has-post-thumbnail","6":"product_brand-crazy","7":"product_cat-abbigliamento","8":"product_cat-abbigliamento-per-il-tempo-libero","9":"product_cat-abbigliamento-da-donna","10":"sws-gruppo-abb-libero-de","11":"sws-conto-ricavi-merci-rivendita-abbigliamento-de","12":"sws-gruppo-iva-iva81-de","14":"first","15":"instock","16":"sale","17":"shipping-taxable","18":"purchasable","19":"product-type-variable","20":"has-default-attributes"},"_links":{"self":[{"href":"https:\/\/lucacastelli.com\/de\/wp-json\/wp\/v2\/product\/632726","targetHints":{"allow":["GET"]}}],"collection":[{"href":"https:\/\/lucacastelli.com\/de\/wp-json\/wp\/v2\/product"}],"about":[{"href":"https:\/\/lucacastelli.com\/de\/wp-json\/wp\/v2\/types\/product"}],"wp:featuredmedia":[{"embeddable":true,"href":"https:\/\/lucacastelli.com\/de\/wp-json\/wp\/v2\/media\/632727"}],"wp:attachment":[{"href":"https:\/\/lucacastelli.com\/de\/wp-json\/wp\/v2\/media?parent=632726"}],"wp:term":[{"taxonomy":"product_brand","embeddable":true,"href":"https:\/\/lucacastelli.com\/de\/wp-json\/wp\/v2\/product_brand?post=632726"},{"taxonomy":"product_cat","embeddable":true,"href":"https:\/\/lucacastelli.com\/de\/wp-json\/wp\/v2\/product_cat?post=632726"},{"taxonomy":"product_tag","embeddable":true,"href":"https:\/\/lucacastelli.com\/de\/wp-json\/wp\/v2\/product_tag?post=632726"}],"curies":[{"name":"wp","href":"https:\/\/api.w.org\/{rel}","templated":true}]}}