{"id":632679,"date":"2025-09-11T09:54:26","date_gmt":"2025-09-11T07:54:26","guid":{"rendered":"https:\/\/lucacastelli.com\/prodotto\/helly-hansen-lifa-midw-zip-sweatshirt\/"},"modified":"2026-04-01T01:51:25","modified_gmt":"2026-03-31T23:51:25","slug":"helly-hansen-lifa-midw-zip-sweatshirt","status":"publish","type":"product","link":"https:\/\/lucacastelli.com\/de\/produkt\/helly-hansen-lifa-midw-zip-sweatshirt\/","title":{"rendered":"HELLY HANSEN Lifa Midw Half-Zip-Fleece"},"content":{"rendered":"<h2>Beschreibung<\/h2>\n<div class=\"product-desc\">\n<p>Unsere LIFA\u00ae Merino Midweight Kollektion ist perfekt f\u00fcr alle Arten von Aktivit\u00e4ten bei kaltem Wetter. Wir haben eine Schicht aus Merinowolle mit unserer bew\u00e4hrten LIFA\u00ae Stay Warm Technologie in einer 2-Lagen-Konstruktion kombiniert. LIFA\u00ae Merino Midweight bietet die gesamte atmungsaktive W\u00e4rme von Merinowollfasern sowie die einzigartigen feuchtigkeitsregulierenden Eigenschaften von LIFA\u00ae Fasern. Basics m\u00fcssen nicht langweilig sein; wir haben das Top mit interessanten Grafiken aufgewertet.   <\/p>\n<h3>Gr\u00f6\u00dfentabelle:<\/h3>\n<ul>\n<li>Fittato<\/li>\n<\/ul>\n<h3>Eigenschaften:<\/h3>\n<ul>\n<li>2-lagige Konstruktion<\/li>\n<li>Au\u00dfenmaterial aus 100 % Merinowolle<\/li>\n<li>Flachn\u00e4hte f\u00fcr idealen Komfort und Haltbarkeit<\/li>\n<li>Spiel, das nicht juckt<\/li>\n<\/ul>\n<h3>Zusammensetzung:<\/h3>\n<ul>\n<li>Obermaterial: 57 % Merinowolle, 43 % Polypropylen<\/li>\n<\/ul>\n<h3>Zertifizierungen:<\/h3>\n<ul>\n<li>Wolle ZQ<\/li>\n<\/ul>\n<h3>Spezifikationen:<\/h3>\n<ul>\n<li>Schrittl\u00e4nge hinten: 65 cm<\/li>\n<\/ul>\n<h3>Wartung:<\/h3>\n<ul>\n<li>Maschinenw\u00e4sche mit warmem Wasser &#8211; 40 \u00b0C, sehr schonender Schleudergang, Keine Bleichmittel verwenden, Nicht im Trockner trocknen, Nicht b\u00fcgeln, Nicht chemisch reinigen<\/li>\n<li>Rei\u00dfverschl\u00fcsse vor dem Waschen schlie\u00dfen, Spezialwaschmittel f\u00fcr Wolle verwenden, Keinen Weichsp\u00fcler verwenden, Auf links waschen, Nicht auswringen<\/li>\n<\/ul>\n<\/div>\n","protected":false},"excerpt":{"rendered":"<p>Beschreibung Unsere LIFA\u00ae Merino Midweight Kollektion ist perfekt f\u00fcr alle Arten von Aktivit\u00e4ten bei kaltem Wetter. Wir haben eine Schicht<\/p>\n","protected":false},"featured_media":632681,"template":"","meta":{"_seopress_robots_primary_cat":"none","_seopress_titles_title":"","_seopress_titles_desc":"","_seopress_robots_index":""},"product_brand":[3425],"product_cat":[21,189,200],"product_tag":[],"class_list":{"0":"post-632679","1":"product","2":"type-product","3":"status-publish","4":"has-post-thumbnail","6":"product_brand-helly-hansen","7":"product_cat-abbigliamento","8":"product_cat-abbigliamento-per-il-tempo-libero","9":"product_cat-abbigliamento-da-donna","10":"sws-gruppo-abb-libero-de","11":"sws-conto-ricavi-merci-rivendita-abbigliamento-de","12":"sws-gruppo-iva-iva81-de","14":"first","15":"instock","16":"shipping-taxable","17":"purchasable","18":"product-type-variable","19":"has-default-attributes"},"_links":{"self":[{"href":"https:\/\/lucacastelli.com\/de\/wp-json\/wp\/v2\/product\/632679","targetHints":{"allow":["GET"]}}],"collection":[{"href":"https:\/\/lucacastelli.com\/de\/wp-json\/wp\/v2\/product"}],"about":[{"href":"https:\/\/lucacastelli.com\/de\/wp-json\/wp\/v2\/types\/product"}],"wp:featuredmedia":[{"embeddable":true,"href":"https:\/\/lucacastelli.com\/de\/wp-json\/wp\/v2\/media\/632681"}],"wp:attachment":[{"href":"https:\/\/lucacastelli.com\/de\/wp-json\/wp\/v2\/media?parent=632679"}],"wp:term":[{"taxonomy":"product_brand","embeddable":true,"href":"https:\/\/lucacastelli.com\/de\/wp-json\/wp\/v2\/product_brand?post=632679"},{"taxonomy":"product_cat","embeddable":true,"href":"https:\/\/lucacastelli.com\/de\/wp-json\/wp\/v2\/product_cat?post=632679"},{"taxonomy":"product_tag","embeddable":true,"href":"https:\/\/lucacastelli.com\/de\/wp-json\/wp\/v2\/product_tag?post=632679"}],"curies":[{"name":"wp","href":"https:\/\/api.w.org\/{rel}","templated":true}]}}