{"id":632660,"date":"2025-09-11T10:57:49","date_gmt":"2025-09-11T08:57:49","guid":{"rendered":"https:\/\/lucacastelli.com\/prodotto\/helly-hansen-womens-garibaldi-vl-isolierte-winterstiefel\/"},"modified":"2026-03-02T15:11:00","modified_gmt":"2026-03-02T14:11:00","slug":"helly-hansen-womens-garibaldi-vl-isolierte-winterstiefel","status":"publish","type":"product","link":"https:\/\/lucacastelli.com\/de\/produkt\/helly-hansen-womens-garibaldi-vl-isolierte-winterstiefel\/","title":{"rendered":"HELLY HANSEN Garibaldi Vl Isolierte Winterstiefel f\u00fcr Damen"},"content":{"rendered":"<p>Der Garibaldi Schneestiefel f\u00fcr Damen ist die perfekte Kombination aus Eleganz und Funktionalit\u00e4t, dank des sch\u00fctzenden Rands von der Spitze bis zur Ferse, zusammen mit dem au\u00dfergew\u00f6hnlichen wasserdichten Nubukleder und dem warmen Kunstfellfutter. Mit vollst\u00e4ndig versiegelten N\u00e4hten bietet dieser leichte und sch\u00fctzende Schneestiefel einen gro\u00dfartigen Stil und eine Au\u00dfensohle mit un\u00fcbertroffener Traktion, erg\u00e4nzt durch eine Eco Ortholite Komfort-Einlegesohle. <\/p>\n<p>&nbsp;<\/p>\n<p>Faserzusammensetzung:<\/p>\n<div class=\"richtext_wrapper__oFInz blocks_root__vE_15\">Obermaterial (FWR): 70 % Polyurethan, 30 % Polyester. Obermaterial 2 (FWR): 100 % Leder. Obermaterial 3 (FWR): 100 % Polyester. Futter: 90 % Polyamid, 10 % Polyester. Futter 2: 100 % Polyester. Futter 3 (FWR): 50 % EVA, 50 % Polyester. Einlegesohle (FWR): 100 % EVA \u2013 Au\u00dfensohle (FWR): 100 % Gummi      <\/div>\n<div><\/div>\n<div><\/div>\n<div>Gewicht: 510 g<\/div>\n<div><\/div>\n<div><\/div>\n<div>\n<ul>\n<li>\n<p class=\"body_default__v2V8e body_style--basic__4qd4x body_style--basic__4qd4x\">Max-Grip HH\u00ae<\/p>\n<\/li>\n<li>\n<p class=\"body_default__v2V8e body_style--basic__4qd4x body_style--basic__4qd4x\">Surround-Grip HH<\/p>\n<\/li>\n<li>\n<p class=\"body_default__v2V8e body_style--basic__4qd4x body_style--basic__4qd4x\">OrthoLite\u00ae Eco\u2122<\/p>\n<\/li>\n<li>\n<p class=\"body_default__v2V8e body_style--basic__4qd4x body_style--basic__4qd4x\">PrimaLoft\u00ae Eco<\/p>\n<\/li>\n<li>\n<p class=\"body_default__v2V8e body_style--basic__4qd4x body_style--basic__4qd4x\">Wasserdichtes Premium-Leder<\/p>\n<\/li>\n<li>\n<p class=\"body_default__v2V8e body_style--basic__4qd4x body_style--basic__4qd4x\">100% recyceltes Futter<\/p>\n<\/li>\n<li>\n<p class=\"body_default__v2V8e body_style--basic__4qd4x body_style--basic__4qd4x\">Vulkanisierte Gummi-Au\u00dfensohle f\u00fcr perfekten Halt und W\u00e4rmebest\u00e4ndigkeit<\/p>\n<\/li>\n<li>\n<p class=\"body_default__v2V8e body_style--basic__4qd4x body_style--basic__4qd4x\">Kunstpelz f\u00fcr ein angenehmes Gef\u00fchl und einen raffinierten Look<\/p>\n<\/li>\n<li>\n<p class=\"body_default__v2V8e body_style--basic__4qd4x body_style--basic__4qd4x\">Strobel aus 100% recyceltem Polyester<\/p>\n<\/li>\n<li>\n<p class=\"body_default__v2V8e body_style--basic__4qd4x body_style--basic__4qd4x\">Kunstpelzfutter f\u00fcr ein angenehmes Gef\u00fchl und einen raffinierten Look<\/p>\n<\/li>\n<li>\n<p class=\"body_default__v2V8e body_style--basic__4qd4x body_style--basic__4qd4x\">Gepolstertes Futter<\/p>\n<\/li>\n<li>\n<p class=\"body_default__v2V8e body_style--basic__4qd4x body_style--basic__4qd4x\">PrimaLoft\u00ae 100 g\/m\u00b2<\/p>\n<\/li>\n<li>\n<p class=\"body_default__v2V8e body_style--basic__4qd4x body_style--basic__4qd4x\">Hochwertiges Leder<\/p>\n<\/li>\n<li>\n<p class=\"body_default__v2V8e body_style--basic__4qd4x body_style--basic__4qd4x\">LWG Leder<\/p>\n<\/li>\n<li>\n<p class=\"body_default__v2V8e body_style--basic__4qd4x body_style--basic__4qd4x\">PFC-frei<\/p>\n<\/li>\n<\/ul>\n<\/div>\n","protected":false},"excerpt":{"rendered":"<p>Der Garibaldi Schneestiefel f\u00fcr Damen ist die perfekte Kombination aus Eleganz und Funktionalit\u00e4t, dank des sch\u00fctzenden Rands von der Spitze<\/p>\n","protected":false},"featured_media":632665,"template":"","meta":{"_seopress_robots_primary_cat":"none","_seopress_titles_title":"","_seopress_titles_desc":"","_seopress_robots_index":""},"product_brand":[3425],"product_cat":[28,568,575],"product_tag":[],"class_list":{"0":"post-632660","1":"product","2":"type-product","3":"status-publish","4":"has-post-thumbnail","6":"product_brand-helly-hansen","7":"product_cat-calzature","8":"product_cat-calzature-per-il-tempo-libero","9":"product_cat-calzature-da-donna","10":"sws-gruppo-abb-libero-de","11":"sws-conto-ricavi-merci-rivendita-abbigliamento-de","12":"sws-gruppo-iva-iva81-de","14":"first","15":"instock","16":"shipping-taxable","17":"purchasable","18":"product-type-variable"},"_links":{"self":[{"href":"https:\/\/lucacastelli.com\/de\/wp-json\/wp\/v2\/product\/632660","targetHints":{"allow":["GET"]}}],"collection":[{"href":"https:\/\/lucacastelli.com\/de\/wp-json\/wp\/v2\/product"}],"about":[{"href":"https:\/\/lucacastelli.com\/de\/wp-json\/wp\/v2\/types\/product"}],"wp:featuredmedia":[{"embeddable":true,"href":"https:\/\/lucacastelli.com\/de\/wp-json\/wp\/v2\/media\/632665"}],"wp:attachment":[{"href":"https:\/\/lucacastelli.com\/de\/wp-json\/wp\/v2\/media?parent=632660"}],"wp:term":[{"taxonomy":"product_brand","embeddable":true,"href":"https:\/\/lucacastelli.com\/de\/wp-json\/wp\/v2\/product_brand?post=632660"},{"taxonomy":"product_cat","embeddable":true,"href":"https:\/\/lucacastelli.com\/de\/wp-json\/wp\/v2\/product_cat?post=632660"},{"taxonomy":"product_tag","embeddable":true,"href":"https:\/\/lucacastelli.com\/de\/wp-json\/wp\/v2\/product_tag?post=632660"}],"curies":[{"name":"wp","href":"https:\/\/api.w.org\/{rel}","templated":true}]}}