{"id":632653,"date":"2025-09-11T11:39:17","date_gmt":"2025-09-11T09:39:17","guid":{"rendered":"https:\/\/lucacastelli.com\/prodotto\/crazy-top-sirio-4\/"},"modified":"2025-12-02T13:01:10","modified_gmt":"2025-12-02T12:01:10","slug":"crazy-top-sirio-4","status":"publish","type":"product","link":"https:\/\/lucacastelli.com\/de\/produkt\/crazy-top-sirio-4\/","title":{"rendered":"CRAZY TOP SIRIO"},"content":{"rendered":"<h3 data-start=\"149\" data-end=\"162\">BEGRIFF<\/h3>\n<p data-start=\"163\" data-end=\"272\">Unser technischstes Oberteil f\u00fcr alle, die Leistung suchen, ohne auf einen jungen, modischen Stil zu verzichten.<\/p>\n<h3 data-start=\"274\" data-end=\"288\">MERKMALE<\/h3>\n<ul data-start=\"289\" data-end=\"467\">\n<li data-start=\"289\" data-end=\"344\">\n<p data-start=\"291\" data-end=\"344\">Breiter Schultergurt f\u00fcr optimalen Rucksackkomfort<\/p>\n<\/li>\n<li data-start=\"345\" data-end=\"385\">\n<p data-start=\"347\" data-end=\"385\"><strong data-start=\"354\" data-end=\"366\">All-Over-Prints<\/strong> mit modernem Look<\/p>\n<\/li>\n<li data-start=\"386\" data-end=\"421\">\n<p data-start=\"388\" data-end=\"421\">Sch\u00fctzendes Nackenband<\/p>\n<\/li>\n<li data-start=\"422\" data-end=\"467\">\n<p data-start=\"424\" data-end=\"467\">Reflektierende Logos f\u00fcr bessere Sichtbarkeit<\/p>\n<\/li>\n<\/ul>\n<h3 data-start=\"469\" data-end=\"486\">BESCHREIBUNG<\/h3>\n<p data-start=\"487\" data-end=\"914\">Das <strong data-start=\"517\" data-end=\"530\">Top Sirio<\/strong> ist mehr als nur ein Tank-Top, es ist ein \u00e4rmelloses technisches T-Shirt. Die breiten Schultertr\u00e4ger machen es ideal in Kombination mit einem Rucksack, w\u00e4hrend der flache Ausschnitt an High-Performance-Kleidung erinnert.<br data-start=\"695\" data-end=\"698\">Leicht, k\u00fchl und dehnbar ist es das Ergebnis einer Kombination aus zwei hochwertigen Stoffen: <strong data-start=\"784\" data-end=\"796\">Think 44<\/strong> Mesh in den bedruckten Eins\u00e4tzen und <strong data-start=\"828\" data-end=\"840\">Coolwave<\/strong> in den Seiteneins\u00e4tzen, f\u00fcr eine perfekte Mischung aus Atmungsaktivit\u00e4t und Komfort. <\/p>\n","protected":false},"excerpt":{"rendered":"<p>BEGRIFF Unser technischstes Oberteil f\u00fcr alle, die Leistung suchen, ohne auf einen jungen, modischen Stil zu verzichten. MERKMALE Breiter Schultergurt<\/p>\n","protected":false},"featured_media":632655,"template":"","meta":{"_seopress_robots_primary_cat":"none","_seopress_titles_title":"","_seopress_titles_desc":"","_seopress_robots_index":""},"product_brand":[3413],"product_cat":[21,189,200],"product_tag":[],"class_list":{"0":"post-632653","1":"product","2":"type-product","3":"status-publish","4":"has-post-thumbnail","6":"product_brand-crazy","7":"product_cat-abbigliamento","8":"product_cat-abbigliamento-per-il-tempo-libero","9":"product_cat-abbigliamento-da-donna","10":"sws-gruppo-abb-libero-de","11":"sws-conto-ricavi-merci-rivendita-abbigliamento-de","12":"sws-gruppo-iva-iva81-de","14":"first","15":"instock","16":"shipping-taxable","17":"product-type-variable","18":"has-default-attributes"},"_links":{"self":[{"href":"https:\/\/lucacastelli.com\/de\/wp-json\/wp\/v2\/product\/632653","targetHints":{"allow":["GET"]}}],"collection":[{"href":"https:\/\/lucacastelli.com\/de\/wp-json\/wp\/v2\/product"}],"about":[{"href":"https:\/\/lucacastelli.com\/de\/wp-json\/wp\/v2\/types\/product"}],"wp:featuredmedia":[{"embeddable":true,"href":"https:\/\/lucacastelli.com\/de\/wp-json\/wp\/v2\/media\/632655"}],"wp:attachment":[{"href":"https:\/\/lucacastelli.com\/de\/wp-json\/wp\/v2\/media?parent=632653"}],"wp:term":[{"taxonomy":"product_brand","embeddable":true,"href":"https:\/\/lucacastelli.com\/de\/wp-json\/wp\/v2\/product_brand?post=632653"},{"taxonomy":"product_cat","embeddable":true,"href":"https:\/\/lucacastelli.com\/de\/wp-json\/wp\/v2\/product_cat?post=632653"},{"taxonomy":"product_tag","embeddable":true,"href":"https:\/\/lucacastelli.com\/de\/wp-json\/wp\/v2\/product_tag?post=632653"}],"curies":[{"name":"wp","href":"https:\/\/api.w.org\/{rel}","templated":true}]}}