{"id":632641,"date":"2025-09-11T11:37:55","date_gmt":"2025-09-11T09:37:55","guid":{"rendered":"https:\/\/lucacastelli.com\/prodotto\/crazy-top-sirio-3\/"},"modified":"2026-04-14T02:53:05","modified_gmt":"2026-04-14T00:53:05","slug":"crazy-top-sirio-3","status":"publish","type":"product","link":"https:\/\/lucacastelli.com\/de\/produkt\/crazy-top-sirio-3\/","title":{"rendered":"CRAZY TOP SIRIO"},"content":{"rendered":"<h3 data-start=\"149\" data-end=\"162\">BEGRIFF<\/h3>\n<p data-start=\"163\" data-end=\"272\">Unser technischstes Top, entwickelt f\u00fcr alle, die Performance suchen, ohne auf jungen und modischen Stil zu verzichten.<\/p>\n<h3 data-start=\"274\" data-end=\"288\">MERKMALE<\/h3>\n<ul data-start=\"289\" data-end=\"467\">\n<li data-start=\"289\" data-end=\"344\">\n<p data-start=\"291\" data-end=\"344\">Breite Tr\u00e4ger f\u00fcr optimalen Komfort mit dem Rucksack<\/p>\n<\/li>\n<li data-start=\"345\" data-end=\"385\">\n<p data-start=\"347\" data-end=\"385\"><strong data-start=\"354\" data-end=\"366\">All-over<\/strong>-Prints im modernen Look<\/p>\n<\/li>\n<li data-start=\"386\" data-end=\"421\">\n<p data-start=\"388\" data-end=\"421\">Sch\u00fctzendes Nackenband<\/p>\n<\/li>\n<li data-start=\"422\" data-end=\"467\">\n<p data-start=\"424\" data-end=\"467\">Reflektierende Logos f\u00fcr bessere Sichtbarkeit<\/p>\n<\/li>\n<\/ul>\n<h3 data-start=\"469\" data-end=\"486\">BESCHREIBUNG<\/h3>\n<p data-start=\"487\" data-end=\"914\">Mehr als nur ein einfaches Tank-Top, <strong data-start=\"517\" data-end=\"530\">Top Sirio<\/strong> ist ein technisches \u00e4rmelloses T-Shirt. Die breiten Tr\u00e4ger machen es ideal in Kombination mit dem Rucksack, w\u00e4hrend der flache Ausschnitt an die leistungsst\u00e4rksten Kleidungsst\u00fccke erinnert.<br data-start=\"695\" data-end=\"698\">Leicht, frisch und elastisch, entsteht es aus der Kombination zweier hochwertiger Stoffe: <strong data-start=\"784\" data-end=\"796\">Think 44<\/strong> Mesh in den bedruckten Paneelen und <strong data-start=\"828\" data-end=\"840\">Coolwave<\/strong> in den Seitenpaneelen, f\u00fcr eine perfekte Mischung aus Atmungsaktivit\u00e4t und Komfort. <\/p>\n","protected":false},"excerpt":{"rendered":"<p>BEGRIFF Unser technischstes Top, entwickelt f\u00fcr alle, die Performance suchen, ohne auf jungen und modischen Stil zu verzichten. MERKMALE Breite<\/p>\n","protected":false},"featured_media":632644,"template":"","meta":{"_seopress_robots_primary_cat":"","_seopress_titles_title":"","_seopress_titles_desc":"","_seopress_robots_index":""},"product_brand":[3413],"product_cat":[21,189,200],"product_tag":[],"class_list":{"0":"post-632641","1":"product","2":"type-product","3":"status-publish","4":"has-post-thumbnail","6":"product_brand-crazy","7":"product_cat-abbigliamento","8":"product_cat-abbigliamento-per-il-tempo-libero","9":"product_cat-abbigliamento-da-donna","10":"sws-gruppo-abb-libero-de","11":"sws-conto-ricavi-merci-rivendita-abbigliamento-de","12":"sws-gruppo-iva-iva81-de","14":"first","15":"instock","16":"sale","17":"shipping-taxable","18":"purchasable","19":"product-type-variable"},"_links":{"self":[{"href":"https:\/\/lucacastelli.com\/de\/wp-json\/wp\/v2\/product\/632641","targetHints":{"allow":["GET"]}}],"collection":[{"href":"https:\/\/lucacastelli.com\/de\/wp-json\/wp\/v2\/product"}],"about":[{"href":"https:\/\/lucacastelli.com\/de\/wp-json\/wp\/v2\/types\/product"}],"wp:featuredmedia":[{"embeddable":true,"href":"https:\/\/lucacastelli.com\/de\/wp-json\/wp\/v2\/media\/632644"}],"wp:attachment":[{"href":"https:\/\/lucacastelli.com\/de\/wp-json\/wp\/v2\/media?parent=632641"}],"wp:term":[{"taxonomy":"product_brand","embeddable":true,"href":"https:\/\/lucacastelli.com\/de\/wp-json\/wp\/v2\/product_brand?post=632641"},{"taxonomy":"product_cat","embeddable":true,"href":"https:\/\/lucacastelli.com\/de\/wp-json\/wp\/v2\/product_cat?post=632641"},{"taxonomy":"product_tag","embeddable":true,"href":"https:\/\/lucacastelli.com\/de\/wp-json\/wp\/v2\/product_tag?post=632641"}],"curies":[{"name":"wp","href":"https:\/\/api.w.org\/{rel}","templated":true}]}}