{"id":632633,"date":"2025-09-11T11:59:51","date_gmt":"2025-09-11T09:59:51","guid":{"rendered":"https:\/\/lucacastelli.com\/prodotto\/crazy-obere-pause-3\/"},"modified":"2025-12-02T13:01:10","modified_gmt":"2025-12-02T12:01:10","slug":"crazy-obere-pause-3","status":"publish","type":"product","link":"https:\/\/lucacastelli.com\/de\/produkt\/crazy-obere-pause-3\/","title":{"rendered":"CRAZY OBERE PAUSE"},"content":{"rendered":"<h3 data-start=\"73\" data-end=\"86\">BEGRIFF<\/h3>\n<ul data-start=\"87\" data-end=\"152\">\n<li data-start=\"87\" data-end=\"112\">\n<p data-start=\"89\" data-end=\"112\">Integrierter Innen-BH<\/p>\n<\/li>\n<li data-start=\"113\" data-end=\"152\">\n<p data-start=\"115\" data-end=\"152\"><strong data-start=\"122\" data-end=\"134\">All-Over-Prints<\/strong> mit lebendigem Look<\/p>\n<\/li>\n<\/ul>\n<h3 data-start=\"154\" data-end=\"168\">MERKMALE<\/h3>\n<p data-start=\"169\" data-end=\"569\">Das <strong data-start=\"172\" data-end=\"185\">Top Break<\/strong> ist das Tank-Top mit integriertem BH, das f\u00fcr Outdoor-Aktivit\u00e4ten und Trekking entwickelt wurde.<br data-start=\"271\" data-end=\"274\">Es zeichnet sich durch seine bunten Prints und leuchtenden Farben aus und vereint Stil und Technik.<br data-start=\"356\" data-end=\"359\">Das <strong data-start=\"381\" data-end=\"413\">schnell trocknende<\/strong> Innenmaterial aus <strong data-start=\"381\" data-end=\"413\">melange Mikrofaser<\/strong> sorgt f\u00fcr Komfort und Feuchtigkeitsmanagement, w\u00e4hrend das atmungsaktive, schnell trocknende Au\u00dfenmaterial konstante Frische garantiert.<\/p>\n<p data-start=\"571\" data-end=\"722\">Die <strong data-start=\"574\" data-end=\"594\">weichen Tr\u00e4ger<\/strong>, der <strong data-start=\"599\" data-end=\"628\">tiefe R\u00fcckenschlitz<\/strong> und die <strong data-start=\"634\" data-end=\"660\">ergonomische Passform<\/strong> vervollst\u00e4ndigen das Kleidungsst\u00fcck und machen es leicht, funktional und einzigartig.<\/p>\n","protected":false},"excerpt":{"rendered":"<p>BEGRIFF Integrierter Innen-BH All-Over-Prints mit lebendigem Look MERKMALE Das Top Break ist das Tank-Top mit integriertem BH, das f\u00fcr Outdoor-Aktivit\u00e4ten<\/p>\n","protected":false},"featured_media":632636,"template":"","meta":{"_seopress_robots_primary_cat":"none","_seopress_titles_title":"","_seopress_titles_desc":"","_seopress_robots_index":""},"product_brand":[3614],"product_cat":[82,974,1388],"product_tag":[],"class_list":{"0":"post-632633","1":"product","2":"type-product","3":"status-publish","4":"has-post-thumbnail","6":"product_brand-crazy-de","7":"product_cat-kleidung","8":"product_cat-freizeitkleidung","9":"product_cat-damenbekleidung","10":"sws-gruppo-abb-libero-de","11":"sws-conto-ricavi-merci-rivendita-abbigliamento-de","12":"sws-gruppo-iva-iva81-de","14":"first","15":"instock","16":"shipping-taxable","17":"purchasable","18":"product-type-variable","19":"has-default-attributes"},"_links":{"self":[{"href":"https:\/\/lucacastelli.com\/de\/wp-json\/wp\/v2\/product\/632633","targetHints":{"allow":["GET"]}}],"collection":[{"href":"https:\/\/lucacastelli.com\/de\/wp-json\/wp\/v2\/product"}],"about":[{"href":"https:\/\/lucacastelli.com\/de\/wp-json\/wp\/v2\/types\/product"}],"wp:featuredmedia":[{"embeddable":true,"href":"https:\/\/lucacastelli.com\/de\/wp-json\/wp\/v2\/media\/632636"}],"wp:attachment":[{"href":"https:\/\/lucacastelli.com\/de\/wp-json\/wp\/v2\/media?parent=632633"}],"wp:term":[{"taxonomy":"product_brand","embeddable":true,"href":"https:\/\/lucacastelli.com\/de\/wp-json\/wp\/v2\/product_brand?post=632633"},{"taxonomy":"product_cat","embeddable":true,"href":"https:\/\/lucacastelli.com\/de\/wp-json\/wp\/v2\/product_cat?post=632633"},{"taxonomy":"product_tag","embeddable":true,"href":"https:\/\/lucacastelli.com\/de\/wp-json\/wp\/v2\/product_tag?post=632633"}],"curies":[{"name":"wp","href":"https:\/\/api.w.org\/{rel}","templated":true}]}}