{"id":632493,"date":"2025-09-24T16:41:03","date_gmt":"2025-09-24T14:41:03","guid":{"rendered":"https:\/\/lucacastelli.com\/?post_type=product&#038;p=632493"},"modified":"2025-12-02T13:01:15","modified_gmt":"2025-12-02T12:01:15","slug":"crazy-neck-gamasche-leichte-fallende-blume-copia","status":"publish","type":"product","link":"https:\/\/lucacastelli.com\/de\/produkt\/crazy-neck-gamasche-leichte-fallende-blume-copia\/","title":{"rendered":"CRAZY NECK GAITER LIGHT"},"content":{"rendered":"<p>Leichter, multifunktionaler Halsw\u00e4rmer aus nahtloser Primaloft-Mikrofaser, veredelt mit Prints und Farben, die den Rest der Kollektion widerspiegeln.<br \/>\nEs kann als M\u00fctze, Halsw\u00e4rmer, leichtes Schwei\u00dfband getragen werden und eignet sich sehr gut f\u00fcr die Verwendung unter einem Helm.<\/p>\n","protected":false},"excerpt":{"rendered":"<p>Leichter, multifunktionaler Halsw\u00e4rmer aus nahtloser Primaloft-Mikrofaser, veredelt mit Prints und Farben, die den Rest der Kollektion widerspiegeln. Es kann als<\/p>\n","protected":false},"featured_media":632500,"template":"","meta":{"_seopress_robots_primary_cat":"none","_seopress_titles_title":"","_seopress_titles_desc":"","_seopress_robots_index":""},"product_brand":[3614],"product_cat":[1391,82],"product_tag":[],"class_list":{"0":"post-632493","1":"product","2":"type-product","3":"status-publish","4":"has-post-thumbnail","6":"product_brand-crazy-de","7":"product_cat-bekleidungs-accessoires","8":"product_cat-kleidung","10":"first","11":"instock","12":"sale","13":"shipping-taxable","14":"product-type-variable"},"_links":{"self":[{"href":"https:\/\/lucacastelli.com\/de\/wp-json\/wp\/v2\/product\/632493","targetHints":{"allow":["GET"]}}],"collection":[{"href":"https:\/\/lucacastelli.com\/de\/wp-json\/wp\/v2\/product"}],"about":[{"href":"https:\/\/lucacastelli.com\/de\/wp-json\/wp\/v2\/types\/product"}],"wp:featuredmedia":[{"embeddable":true,"href":"https:\/\/lucacastelli.com\/de\/wp-json\/wp\/v2\/media\/632500"}],"wp:attachment":[{"href":"https:\/\/lucacastelli.com\/de\/wp-json\/wp\/v2\/media?parent=632493"}],"wp:term":[{"taxonomy":"product_brand","embeddable":true,"href":"https:\/\/lucacastelli.com\/de\/wp-json\/wp\/v2\/product_brand?post=632493"},{"taxonomy":"product_cat","embeddable":true,"href":"https:\/\/lucacastelli.com\/de\/wp-json\/wp\/v2\/product_cat?post=632493"},{"taxonomy":"product_tag","embeddable":true,"href":"https:\/\/lucacastelli.com\/de\/wp-json\/wp\/v2\/product_tag?post=632493"}],"curies":[{"name":"wp","href":"https:\/\/api.w.org\/{rel}","templated":true}]}}