{"id":632480,"date":"2025-09-24T16:36:32","date_gmt":"2025-09-24T14:36:32","guid":{"rendered":"https:\/\/lucacastelli.com\/?post_type=product&#038;p=632480"},"modified":"2026-04-14T02:49:15","modified_gmt":"2026-04-14T00:49:15","slug":"crazy-band-schalter-copia","status":"publish","type":"product","link":"https:\/\/lucacastelli.com\/de\/produkt\/crazy-band-schalter-copia\/","title":{"rendered":"CRAZY BAND-SCHALTER"},"content":{"rendered":"<p>Breites Stirnband, ideal f\u00fcr aerobe Aktivit\u00e4ten mittlerer Intensit\u00e4t. Gerader Schnitt mit gen\u00e4hten und gedoppelten Kanten.<br \/>\nHergestellt aus warmem HP 3D-Fleece mit Wabenstruktur, die die Atmungsaktivit\u00e4t f\u00f6rdert. Elegante Flachn\u00e4hte in Kontrastfarben sorgen f\u00fcr lebendige Farbkombinationen.  <\/p>\n","protected":false},"excerpt":{"rendered":"<p>Breites Stirnband, ideal f\u00fcr aerobe Aktivit\u00e4ten mittlerer Intensit\u00e4t. Gerader Schnitt mit gen\u00e4hten und gedoppelten Kanten. Hergestellt aus warmem HP 3D-Fleece<\/p>\n","protected":false},"featured_media":632488,"template":"","meta":{"_seopress_robots_primary_cat":"none","_seopress_titles_title":"","_seopress_titles_desc":"","_seopress_robots_index":""},"product_brand":[3413],"product_cat":[21,186],"product_tag":[],"class_list":{"0":"post-632480","1":"product","2":"type-product","3":"status-publish","4":"has-post-thumbnail","6":"product_brand-crazy","7":"product_cat-abbigliamento","8":"product_cat-accessori-per-labbigliamento","9":"sws-gruppo-abb-libero-de","10":"sws-conto-ricavi-merci-rivendita-abbigliamento-de","11":"sws-gruppo-iva-iva81-de","13":"first","14":"instock","15":"sale","16":"shipping-taxable","17":"purchasable","18":"product-type-variable","19":"has-default-attributes"},"_links":{"self":[{"href":"https:\/\/lucacastelli.com\/de\/wp-json\/wp\/v2\/product\/632480","targetHints":{"allow":["GET"]}}],"collection":[{"href":"https:\/\/lucacastelli.com\/de\/wp-json\/wp\/v2\/product"}],"about":[{"href":"https:\/\/lucacastelli.com\/de\/wp-json\/wp\/v2\/types\/product"}],"wp:featuredmedia":[{"embeddable":true,"href":"https:\/\/lucacastelli.com\/de\/wp-json\/wp\/v2\/media\/632488"}],"wp:attachment":[{"href":"https:\/\/lucacastelli.com\/de\/wp-json\/wp\/v2\/media?parent=632480"}],"wp:term":[{"taxonomy":"product_brand","embeddable":true,"href":"https:\/\/lucacastelli.com\/de\/wp-json\/wp\/v2\/product_brand?post=632480"},{"taxonomy":"product_cat","embeddable":true,"href":"https:\/\/lucacastelli.com\/de\/wp-json\/wp\/v2\/product_cat?post=632480"},{"taxonomy":"product_tag","embeddable":true,"href":"https:\/\/lucacastelli.com\/de\/wp-json\/wp\/v2\/product_tag?post=632480"}],"curies":[{"name":"wp","href":"https:\/\/api.w.org\/{rel}","templated":true}]}}