{"id":632396,"date":"2025-09-24T15:41:50","date_gmt":"2025-09-24T13:41:50","guid":{"rendered":"https:\/\/lucacastelli.com\/?post_type=product&#038;p=632396"},"modified":"2026-04-01T01:51:34","modified_gmt":"2026-03-31T23:51:34","slug":"crazy-pull-exit-extrafleece-copia","status":"publish","type":"product","link":"https:\/\/lucacastelli.com\/de\/produkt\/crazy-pull-exit-extrafleece-copia\/","title":{"rendered":"CRAZY PULL EXIT EXTRAFLEECE"},"content":{"rendered":"<p>Ein warmer und superweicher Pullover mit einem eleganten und femininen Look, dank des Schnitts und der markanten Nahtlinien.<br \/>\nDer Pull Exit ist die w\u00e4rmste Zwischenschicht unserer Kategorie \u201eBasislager\u201c, ein ideales Produkt f\u00fcr Spazierg\u00e4nge an k\u00e4lteren Tagen, aber auch perfekt, um ihn in der Stadt zu tragen, ohne auf den au\u00dfergew\u00f6hnlichen Komfort des Fluffy-Fleece zu verzichten.<br \/>\nDie Innenseite der \u00c4rmel, die Achseln und der Saum sind aus technischem HP-Fleece gefertigt; diese Hybridkonstruktion garantiert Atmungsaktivit\u00e4t und eine perfekte Passform.<\/p>\n<p>\u2022 Hybrid-Top aus technischem und weichem Gewebe und<br \/>\n\u2022 Durchgehender Frontrei\u00dfverschluss<br \/>\n\u2022 Handw\u00e4rmertaschen mit Rei\u00dfverschluss<br \/>\n\u2022 Flache N\u00e4hte in Kontrastfarbe<\/p>\n<p>GEWICHT: 350gr<\/p>\n","protected":false},"excerpt":{"rendered":"<p>Ein warmer und superweicher Pullover mit einem eleganten und femininen Look, dank des Schnitts und der markanten Nahtlinien. Der Pull<\/p>\n","protected":false},"featured_media":632411,"template":"","meta":{"_seopress_robots_primary_cat":"none","_seopress_titles_title":"","_seopress_titles_desc":"","_seopress_robots_index":""},"product_brand":[3413],"product_cat":[21,189,200],"product_tag":[],"class_list":{"0":"post-632396","1":"product","2":"type-product","3":"status-publish","4":"has-post-thumbnail","6":"product_brand-crazy","7":"product_cat-abbigliamento","8":"product_cat-abbigliamento-per-il-tempo-libero","9":"product_cat-abbigliamento-da-donna","10":"sws-gruppo-abb-libero-de","11":"sws-conto-ricavi-merci-rivendita-abbigliamento-de","12":"sws-gruppo-iva-iva81-de","14":"first","15":"instock","16":"sale","17":"shipping-taxable","18":"product-type-variable","19":"has-default-attributes"},"_links":{"self":[{"href":"https:\/\/lucacastelli.com\/de\/wp-json\/wp\/v2\/product\/632396","targetHints":{"allow":["GET"]}}],"collection":[{"href":"https:\/\/lucacastelli.com\/de\/wp-json\/wp\/v2\/product"}],"about":[{"href":"https:\/\/lucacastelli.com\/de\/wp-json\/wp\/v2\/types\/product"}],"wp:featuredmedia":[{"embeddable":true,"href":"https:\/\/lucacastelli.com\/de\/wp-json\/wp\/v2\/media\/632411"}],"wp:attachment":[{"href":"https:\/\/lucacastelli.com\/de\/wp-json\/wp\/v2\/media?parent=632396"}],"wp:term":[{"taxonomy":"product_brand","embeddable":true,"href":"https:\/\/lucacastelli.com\/de\/wp-json\/wp\/v2\/product_brand?post=632396"},{"taxonomy":"product_cat","embeddable":true,"href":"https:\/\/lucacastelli.com\/de\/wp-json\/wp\/v2\/product_cat?post=632396"},{"taxonomy":"product_tag","embeddable":true,"href":"https:\/\/lucacastelli.com\/de\/wp-json\/wp\/v2\/product_tag?post=632396"}],"curies":[{"name":"wp","href":"https:\/\/api.w.org\/{rel}","templated":true}]}}