{"id":631436,"date":"2025-09-11T08:21:36","date_gmt":"2025-09-11T06:21:36","guid":{"rendered":"https:\/\/lucacastelli.com\/prodotto\/helly-hansen-apres-strickpullover\/"},"modified":"2026-04-01T01:51:26","modified_gmt":"2026-03-31T23:51:26","slug":"helly-hansen-apres-strickpullover","status":"publish","type":"product","link":"https:\/\/lucacastelli.com\/de\/produkt\/helly-hansen-apres-strickpullover\/","title":{"rendered":"HELLY HANSEN APRES STRICKPULLOVER"},"content":{"rendered":"<p>Mit einem lockeren Schnitt und einem Retro-Design ist dieser Pullover im Stil der 90er Jahre eine praktische und originelle Wahl f\u00fcr Ihre Tage im Schnee, egal ob Sie auf der Piste sind oder einen wohlverdienten After-Ski genie\u00dfen. Der Apr\u00e8s Strickpullover f\u00fcr Herren ist aus mittelschwerer Merinowolle gefertigt. <\/p>\n<p>&nbsp;<\/p>\n<p>Faserzusammensetzung:<\/p>\n<div class=\"richtext_wrapper__oFInz blocks_root__vE_15\">65 % Wolle, 35 % Polyamid<\/div>\n<div class=\"productDetails_productDetailsCols__K1qqI\">\n<div class=\"productDetails_productDetailsRow__bHp5_\">\n<div class=\"blocks_mobileInlineWrapper__N_Soc\"><\/div>\n<\/div>\n<\/div>\n<div><\/div>\n<div><\/div>\n<div>\n<ul>\n<li>\n<p class=\"body_default__v2V8e body_style--basic__4qd4x body_style--basic__4qd4x\">HH\u00ae MERINO MID<\/p>\n<\/li>\n<li>\n<p class=\"body_default__v2V8e body_style--basic__4qd4x body_style--basic__4qd4x\">YKK VISLON\u00ae<\/p>\n<\/li>\n<li>\n<p class=\"body_default__v2V8e body_style--basic__4qd4x body_style--basic__4qd4x\">Heften mit AMANN Garnen<\/p>\n<\/li>\n<li>\n<p class=\"body_default__v2V8e body_style--basic__4qd4x body_style--basic__4qd4x\">YKK\u00ae-Rei\u00dfverschluss<\/p>\n<\/li>\n<li>\n<p class=\"body_default__v2V8e body_style--basic__4qd4x body_style--basic__4qd4x\">Zertifizierung nach dem Responsible Wool Standard<\/p>\n<\/li>\n<\/ul>\n<\/div>\n<p>&nbsp;<\/p>\n","protected":false},"excerpt":{"rendered":"<p>Mit einem lockeren Schnitt und einem Retro-Design ist dieser Pullover im Stil der 90er Jahre eine praktische und originelle Wahl<\/p>\n","protected":false},"featured_media":631438,"template":"","meta":{"_seopress_robots_primary_cat":"none","_seopress_titles_title":"","_seopress_titles_desc":"","_seopress_robots_index":""},"product_brand":[3425],"product_cat":[21,189,190],"product_tag":[],"class_list":{"0":"post-631436","1":"product","2":"type-product","3":"status-publish","4":"has-post-thumbnail","6":"product_brand-helly-hansen","7":"product_cat-abbigliamento","8":"product_cat-abbigliamento-per-il-tempo-libero","9":"product_cat-abbigliamento-da-uomo","10":"sws-gruppo-abb-libero-de","11":"sws-conto-ricavi-merci-rivendita-abbigliamento-de","12":"sws-gruppo-iva-iva81-de","14":"first","15":"instock","16":"shipping-taxable","17":"purchasable","18":"product-type-variable"},"_links":{"self":[{"href":"https:\/\/lucacastelli.com\/de\/wp-json\/wp\/v2\/product\/631436","targetHints":{"allow":["GET"]}}],"collection":[{"href":"https:\/\/lucacastelli.com\/de\/wp-json\/wp\/v2\/product"}],"about":[{"href":"https:\/\/lucacastelli.com\/de\/wp-json\/wp\/v2\/types\/product"}],"wp:featuredmedia":[{"embeddable":true,"href":"https:\/\/lucacastelli.com\/de\/wp-json\/wp\/v2\/media\/631438"}],"wp:attachment":[{"href":"https:\/\/lucacastelli.com\/de\/wp-json\/wp\/v2\/media?parent=631436"}],"wp:term":[{"taxonomy":"product_brand","embeddable":true,"href":"https:\/\/lucacastelli.com\/de\/wp-json\/wp\/v2\/product_brand?post=631436"},{"taxonomy":"product_cat","embeddable":true,"href":"https:\/\/lucacastelli.com\/de\/wp-json\/wp\/v2\/product_cat?post=631436"},{"taxonomy":"product_tag","embeddable":true,"href":"https:\/\/lucacastelli.com\/de\/wp-json\/wp\/v2\/product_tag?post=631436"}],"curies":[{"name":"wp","href":"https:\/\/api.w.org\/{rel}","templated":true}]}}