{"id":631417,"date":"2025-09-09T14:45:33","date_gmt":"2025-09-09T12:45:33","guid":{"rendered":"https:\/\/lucacastelli.com\/prodotto\/stihl-ts-700i-350-mm\/"},"modified":"2026-03-09T00:37:07","modified_gmt":"2026-03-08T23:37:07","slug":"stihl-ts-700i-350-mm","status":"publish","type":"product","link":"https:\/\/lucacastelli.com\/de\/produkt\/stihl-ts-700i-350-mm\/","title":{"rendered":"STIHL TS 710i (350 mm) Trennschleifer"},"content":{"rendered":"<p>Trennschleifer TS 710i: Starke Durchzugskraft und h\u00f6chste Leistung dank STIHL Injection<br \/>\nF\u00fcr pr\u00e4zise und ergonomische Trennarbeiten in mineralischen oder metallischen Baustoffen ist der Trennschleifer TS 710i ideal. Mit einer Leistung von 5,2 kW ist dieser universell einsetzbare Trennschleifer mit der STIHL Injektionstechnologie ausgestattet. <\/p>\n<p>Die elektronisch gesteuerte Einspritzung sorgt f\u00fcr einen einwandfreien Betrieb und ein hohes Drehmoment. Dank der innovativen Kombination der STIHL Injektionstechnologie mit einem modernen Schichtsp\u00fclungssystem im Motor zeichnet sich die neue Generation von Trennschleifern zudem durch eine hohe Effizienz und reduzierte Emissionen aus. Gleichzeitig sorgt die sensorgesteuerte Kraftstoffdosierung in Kombination mit dem Dekompressionsventil und STIHL ElastoStart daf\u00fcr, dass der Start des Trennschleifers besonders einfach ist, w\u00e4hrend zum Anhalten nur der Stopp-Knopf gedr\u00fcckt werden muss.  <\/p>\n<table data-test-id=\"pdp-spec-tech-table\">\n<tbody>\n<tr>\n<td>Hubraum<\/td>\n<td>92 cm\u00b3<\/td>\n<\/tr>\n<tr>\n<td>Leistung<\/td>\n<td>5.2\/7.1 kW\/PS<\/td>\n<\/tr>\n<tr>\n<td>Leistung<\/td>\n<td>7 bhp<\/td>\n<\/tr>\n<tr>\n<td>Gewicht<\/td>\n<td>12.3 kg<\/td>\n<\/tr>\n<tr>\n<td>Schalldruckpegel<\/td>\n<td>105 dB(A) <sup>1<!-- -->)<\/sup><\/td>\n<\/tr>\n<tr>\n<td>Schallleistungspegel<\/td>\n<td>117 dB(A) <sup>1)<\/sup><\/td>\n<\/tr>\n<tr>\n<td>Vibrationswert links\/rechts<\/td>\n<td>4.4\/3.9 m\/s\u00b2 <sup>2)<\/sup><\/td>\n<\/tr>\n<tr>\n<td>Gesamtl\u00e4nge<\/td>\n<td>82 cm<\/td>\n<\/tr>\n<tr>\n<td>Trennscheibendurchmesser<\/td>\n<td>350 mm<\/td>\n<\/tr>\n<tr>\n<td>Maximale Schnitttiefe<\/td>\n<td>125 mm<\/td>\n<\/tr>\n<tr>\n<td>Serienm\u00e4\u00dfige Ausstattung<\/td>\n<td>Kunstharz Stein<\/td>\n<\/tr>\n<tr>\n<td>CO2<\/td>\n<td>682 g\/kWh<\/td>\n<\/tr>\n<\/tbody>\n<\/table>\n","protected":false},"excerpt":{"rendered":"<p>Trennschleifer TS 710i: Starke Durchzugskraft und h\u00f6chste Leistung dank STIHL Injection F\u00fcr pr\u00e4zise und ergonomische Trennarbeiten in mineralischen oder metallischen<\/p>\n","protected":false},"featured_media":635613,"template":"","meta":{"_seopress_robots_primary_cat":"none","_seopress_titles_title":"","_seopress_titles_desc":"","_seopress_robots_index":""},"product_brand":[],"product_cat":[29,495,496],"product_tag":[],"class_list":{"0":"post-631417","1":"product","2":"type-product","3":"status-publish","4":"has-post-thumbnail","6":"product_cat-macchinari","7":"product_cat-troncatrici-e-mototroncatrici","8":"product_cat-troncatrici","10":"first","11":"instock","12":"shipping-taxable","13":"purchasable","14":"product-type-simple"},"_links":{"self":[{"href":"https:\/\/lucacastelli.com\/de\/wp-json\/wp\/v2\/product\/631417","targetHints":{"allow":["GET"]}}],"collection":[{"href":"https:\/\/lucacastelli.com\/de\/wp-json\/wp\/v2\/product"}],"about":[{"href":"https:\/\/lucacastelli.com\/de\/wp-json\/wp\/v2\/types\/product"}],"wp:featuredmedia":[{"embeddable":true,"href":"https:\/\/lucacastelli.com\/de\/wp-json\/wp\/v2\/media\/635613"}],"wp:attachment":[{"href":"https:\/\/lucacastelli.com\/de\/wp-json\/wp\/v2\/media?parent=631417"}],"wp:term":[{"taxonomy":"product_brand","embeddable":true,"href":"https:\/\/lucacastelli.com\/de\/wp-json\/wp\/v2\/product_brand?post=631417"},{"taxonomy":"product_cat","embeddable":true,"href":"https:\/\/lucacastelli.com\/de\/wp-json\/wp\/v2\/product_cat?post=631417"},{"taxonomy":"product_tag","embeddable":true,"href":"https:\/\/lucacastelli.com\/de\/wp-json\/wp\/v2\/product_tag?post=631417"}],"curies":[{"name":"wp","href":"https:\/\/api.w.org\/{rel}","templated":true}]}}