{"id":630818,"date":"2026-04-11T13:43:26","date_gmt":"2026-04-11T11:43:26","guid":{"rendered":"https:\/\/lucacastelli.com\/prodotto\/la-sportiva-trango-tech-leder-damen-gtx-2\/"},"modified":"2026-04-11T19:30:59","modified_gmt":"2026-04-11T17:30:59","slug":"la-sportiva-trango-tech-leder-damen-gtx-2","status":"publish","type":"product","link":"https:\/\/lucacastelli.com\/de\/produkt\/la-sportiva-trango-tech-leder-damen-gtx-2\/","title":{"rendered":"LA SPORTIVA Trango Tech Leather Woman GTX"},"content":{"rendered":"<p>Atmungsaktiver und wasserdichter Bergstiefel aus Leder f\u00fcr alpine Wanderungen: besonders leicht, bequem und widerstandsf\u00e4hig dank des Schafts aus Nubukleder. Ideal f\u00fcr technische Aufstiege und Arbeitseins\u00e4tze von Bergf\u00fchrern und Bergrettern. <\/p>\n<p>Der Trango Tech Leather GTX ist ein Bergschuh aus atmungsaktivem und wasserdichtem Leder f\u00fcr alpine Wanderungen: besonders leicht, komfortabel und widerstandsf\u00e4hig dank des Schafts aus Nubukleder. Ideal f\u00fcr technische Aufstiege und Arbeitseins\u00e4tze von Bergf\u00fchrern und Bergrettern. Die N\u00e4hte des Obermaterials, mit einem schlichten und modernen Design, wurden auf ein Minimum reduziert, um die allgemeine Wasserdichtigkeit zu erh\u00f6hen. Dieser Schuh ist dank der Verwendung von hochwertigem Leder und sch\u00fctzenden Mikrofaser-Eins\u00e4tzen am Schaft sehr widerstandsf\u00e4hig. Die sto\u00dfd\u00e4mpfende Polyurethan-Zwischensohle mit geringer Dichte reduziert die Aufprallkraft auf den Boden und erm\u00f6glicht eine l\u00e4ngere Nutzung des Schuhs, w\u00e4hrend die sto\u00dfd\u00e4mpfende Gummischicht an Zehen und Ferse aktiv vor St\u00f6\u00dfen durch Steine und Wurzeln sch\u00fctzt. Wie jedes Produkt von La Sportiva verf\u00fcgt die Trango-Serie \u00fcber das 3D Flex Movement System, das die Beweglichkeit des Kn\u00f6chels und ein dynamisches Aussehen unterst\u00fctzt. Die in das Obermaterial integrierte Schuhzunge besteht aus weichem und elastischem Material, um maximalen Komfort zu bieten, der auch durch die ergonomische Form und die eng anliegende Passform erh\u00f6ht wird.      <\/p>\n<p>Obermaterial: Nubukleder + Mikrofaser-Eins\u00e4tze<\/p>\n<p>Futter: Gore-Tex\u00ae Performance Comfort Einlegesohle<\/p>\n<p>PPE, 4 mm dick, mit Glasfaserverst\u00e4rkung<\/p>\n<p>Zwischensohle: Polyurethan niedriger Dichte + sch\u00fctzendes PU-Leder und hinterer TPU-Einsatz zur Befestigung von Steigeisen<\/p>\n<p>Gewicht: 520 g (halbes Paar)<\/p>\n","protected":false},"excerpt":{"rendered":"<p>Atmungsaktiver und wasserdichter Bergstiefel aus Leder f\u00fcr alpine Wanderungen: besonders leicht, bequem und widerstandsf\u00e4hig dank des Schafts aus Nubukleder. Ideal<\/p>\n","protected":false},"featured_media":828105,"template":"","meta":{"_seopress_robots_primary_cat":"none","_seopress_titles_title":"","_seopress_titles_desc":"","_seopress_robots_index":""},"product_brand":[3419],"product_cat":[28,568,575],"product_tag":[],"class_list":{"0":"post-630818","1":"product","2":"type-product","3":"status-publish","4":"has-post-thumbnail","6":"product_brand-la-sportiva","7":"product_cat-calzature","8":"product_cat-calzature-per-il-tempo-libero","9":"product_cat-calzature-da-donna","11":"first","12":"instock","13":"sale","14":"shipping-taxable","15":"purchasable","16":"product-type-variable","17":"has-default-attributes"},"_links":{"self":[{"href":"https:\/\/lucacastelli.com\/de\/wp-json\/wp\/v2\/product\/630818","targetHints":{"allow":["GET"]}}],"collection":[{"href":"https:\/\/lucacastelli.com\/de\/wp-json\/wp\/v2\/product"}],"about":[{"href":"https:\/\/lucacastelli.com\/de\/wp-json\/wp\/v2\/types\/product"}],"wp:featuredmedia":[{"embeddable":true,"href":"https:\/\/lucacastelli.com\/de\/wp-json\/wp\/v2\/media\/828105"}],"wp:attachment":[{"href":"https:\/\/lucacastelli.com\/de\/wp-json\/wp\/v2\/media?parent=630818"}],"wp:term":[{"taxonomy":"product_brand","embeddable":true,"href":"https:\/\/lucacastelli.com\/de\/wp-json\/wp\/v2\/product_brand?post=630818"},{"taxonomy":"product_cat","embeddable":true,"href":"https:\/\/lucacastelli.com\/de\/wp-json\/wp\/v2\/product_cat?post=630818"},{"taxonomy":"product_tag","embeddable":true,"href":"https:\/\/lucacastelli.com\/de\/wp-json\/wp\/v2\/product_tag?post=630818"}],"curies":[{"name":"wp","href":"https:\/\/api.w.org\/{rel}","templated":true}]}}