{"id":630775,"date":"2025-09-08T13:01:37","date_gmt":"2025-09-08T11:01:37","guid":{"rendered":"https:\/\/lucacastelli.com\/prodotto\/la-sportiva-stream-gtx-2\/"},"modified":"2025-11-22T13:58:27","modified_gmt":"2025-11-22T12:58:27","slug":"la-sportiva-stream-gtx-2","status":"publish","type":"product","link":"https:\/\/lucacastelli.com\/de\/produkt\/la-sportiva-stream-gtx-2\/","title":{"rendered":"La Sportiva Stream GTX"},"content":{"rendered":"<p>Mittelhoher, schneller Wanderschuh. Er greift L\u00f6sungen auf, die Teil der Berg-DNA von La Sportiva sind, und kombiniert sie mit Technologien und Konzepten aus dem Mountain Running f\u00fcr ein vielseitiges, wasserdichtes und super atmungsaktives Produkt dank der neuen GORE-TEX SURROUND\u00ae Technologie. <\/p>\n<p>&nbsp;<\/p>\n<p>tream ist die neue Generation des mittelhohen Schnellwanderschuhs. Er \u00fcbernimmt L\u00f6sungen, die Teil der Berg-DNA von La Sportiva sind, und kombiniert sie mit Technologien und Konzepten aus dem Mountain Running f\u00fcr ein vielseitiges, wasserdichtes und superatmungsaktives Produkt dank der neuen GORE-TEX SURROUND\u00ae Technologie: eine exklusive L\u00f6sung, die dank der gr\u00f6\u00dferen Bel\u00fcftungsfl\u00e4che, die das Obermaterial, die Einlegesohle und die Zwischensohle aus EVA und seitlich perforiertem TPU umfasst, absolute Atmungsaktivit\u00e4t erm\u00f6glicht. Die Bel\u00fcftungskan\u00e4le, die entlang des Profils der Zwischensohle sichtbar sind, werden durch ein sehr widerstandsf\u00e4higes Mono-Bava-Nylongewebe gesch\u00fctzt, um das Eindringen von Steinchen und Verunreinigungen zu verhindern. Das mittig geschnittene Obermaterial besteht aus einer Nano-Cells 2.0\u2122 Struktur, die aus superatmungsaktiven Zellen besteht, die in Synergie mit der GORE-TEX SURROUND\u00ae Membrane f\u00fcr eine noch nie dagewesene Atmungsaktivit\u00e4t arbeiten. Im unteren Teil des Schuhs ist das Stability Control System\u2122 integriert, ein Anti-Torsions-Stabilisierungssystem, in das die Bel\u00fcftungsl\u00f6cher der GORE-TEX SURROUND\u00ae Technologie integriert sind. Die Lauffl\u00e4che besteht aus einer Vibram XS Trek-Mischung f\u00fcr hervorragenden Grip auf hartem, weichem und schlammigem Untergrund. Atmungsaktivit\u00e4t und Rundum-Komfort.      <\/p>\n<p>&nbsp;<\/p>\n<h3>Technische Daten<\/h3>\n<p><b>Wasserdichte Membran: <\/b>GORE-TEX Surround\u00ae.<\/p>\n<p><b>Mezzasola: <\/b>komprimiertes EVA<\/p>\n<p><b>Laufsohle: <\/b>Vibram XS Trek<\/p>\n<p><b>Sohlenh\u00f6he (mm) &#8211; Absatz: <\/b>32<\/p>\n<p><b>Sohlenh\u00f6he (mm) &#8211; Vorfu\u00df: <\/b>26<\/p>\n<p><b>Fallh\u00f6he (mm): <\/b>6<\/p>\n<p><b>Klampenh\u00f6he (mm): <\/b>5<\/p>\n<p><b>Weite Passform: <\/b>Nein<\/p>\n<p><b>Einlegesohle: <\/b>H003 La Sportiva Mountain Hiking 5 mm<\/p>\n","protected":false},"excerpt":{"rendered":"<p>Mittelhoher, schneller Wanderschuh. Er greift L\u00f6sungen auf, die Teil der Berg-DNA von La Sportiva sind, und kombiniert sie mit Technologien<\/p>\n","protected":false},"featured_media":630776,"template":"","meta":{"_seopress_robots_primary_cat":"none","_seopress_titles_title":"","_seopress_titles_desc":"","_seopress_robots_index":""},"product_brand":[3419],"product_cat":[28,568,569],"product_tag":[],"class_list":{"0":"post-630775","1":"product","2":"type-product","3":"status-publish","4":"has-post-thumbnail","6":"product_brand-la-sportiva","7":"product_cat-calzature","8":"product_cat-calzature-per-il-tempo-libero","9":"product_cat-calzature-da-uomo","10":"sws-gruppo-abb-libero-de","11":"sws-conto-ricavi-merci-rivendita-abbigliamento-de","12":"sws-gruppo-iva-iva81-de","14":"first","15":"instock","16":"shipping-taxable","17":"purchasable","18":"product-type-variable","19":"has-default-attributes"},"_links":{"self":[{"href":"https:\/\/lucacastelli.com\/de\/wp-json\/wp\/v2\/product\/630775","targetHints":{"allow":["GET"]}}],"collection":[{"href":"https:\/\/lucacastelli.com\/de\/wp-json\/wp\/v2\/product"}],"about":[{"href":"https:\/\/lucacastelli.com\/de\/wp-json\/wp\/v2\/types\/product"}],"wp:featuredmedia":[{"embeddable":true,"href":"https:\/\/lucacastelli.com\/de\/wp-json\/wp\/v2\/media\/630776"}],"wp:attachment":[{"href":"https:\/\/lucacastelli.com\/de\/wp-json\/wp\/v2\/media?parent=630775"}],"wp:term":[{"taxonomy":"product_brand","embeddable":true,"href":"https:\/\/lucacastelli.com\/de\/wp-json\/wp\/v2\/product_brand?post=630775"},{"taxonomy":"product_cat","embeddable":true,"href":"https:\/\/lucacastelli.com\/de\/wp-json\/wp\/v2\/product_cat?post=630775"},{"taxonomy":"product_tag","embeddable":true,"href":"https:\/\/lucacastelli.com\/de\/wp-json\/wp\/v2\/product_tag?post=630775"}],"curies":[{"name":"wp","href":"https:\/\/api.w.org\/{rel}","templated":true}]}}