{"id":630710,"date":"2025-09-08T11:32:48","date_gmt":"2025-09-08T09:32:48","guid":{"rendered":"https:\/\/lucacastelli.com\/prodotto\/la-sportiva-tx4-evo-gtx-2\/"},"modified":"2026-02-18T22:41:27","modified_gmt":"2026-02-18T21:41:27","slug":"la-sportiva-tx4-evo-gtx-2","status":"publish","type":"product","link":"https:\/\/lucacastelli.com\/de\/produkt\/la-sportiva-tx4-evo-gtx-2\/","title":{"rendered":"La Sportiva TX4 EVO GTX"},"content":{"rendered":"<p>Der TX4 Evo GTX ist ein Lederschuh mit wasserdichter GORE-TEX-Membran, der entwickelt wurde, um auch in unwegsamem Gel\u00e4nde maximale Stabilit\u00e4t und Grip zu garantieren. Er ist ideal f\u00fcr technische Zustiege und leichte Kletterpassagen und bietet dank der Materialien, aus denen das Obermaterial besteht, und des gro\u00dfen Innenvolumens einen unvergleichlichen Komfort. Die GORE-TEX Extended Comfort Membran macht den Schuh auch bei l\u00e4ngerem Gebrauch wasserdicht und atmungsaktiv. Das Profil mit der Vibram\u00ae MegaGrip-Mischung und der patentierten Impact Brake System\u2122-Struktur der Stollen sorgt jederzeit f\u00fcr maximale Stabilit\u00e4t beim Abstieg und perfekte Traktionskontrolle beim Klettern. Die breite Climbing Zone im Zehenbereich garantiert Pr\u00e4zision und hervorragenden Grip beim Klettern und bei den heikelsten Passagen. Die spezielle Zwischensohle mit dem patentierten Resole Platform\u2122 Einsatz erm\u00f6glicht es, den TX4 Evo GTX neu zu besohlen, ohne seine technischen Eigenschaften und seinen Komfort zu beeintr\u00e4chtigen. Das Wiederbesohlen deines Schuhs bedeutet, dass du seinen Lebenszyklus verl\u00e4ngerst und somit Abfall vermeidest.      <\/p>\n<p>&nbsp;<\/p>\n<p>&nbsp;<\/p>\n<p>&nbsp;<\/p>\n","protected":false},"excerpt":{"rendered":"<p>Der TX4 Evo GTX ist ein Lederschuh mit wasserdichter GORE-TEX-Membran, der entwickelt wurde, um auch in unwegsamem Gel\u00e4nde maximale Stabilit\u00e4t<\/p>\n","protected":false},"featured_media":630096,"template":"","meta":{"_seopress_robots_primary_cat":"none","_seopress_titles_title":"","_seopress_titles_desc":"","_seopress_robots_index":""},"product_brand":[3419],"product_cat":[28,568,569],"product_tag":[],"class_list":{"0":"post-630710","1":"product","2":"type-product","3":"status-publish","4":"has-post-thumbnail","6":"product_brand-la-sportiva","7":"product_cat-calzature","8":"product_cat-calzature-per-il-tempo-libero","9":"product_cat-calzature-da-uomo","10":"sws-gruppo-abb-libero-de","11":"sws-conto-ricavi-merci-rivendita-abbigliamento-de","12":"sws-gruppo-iva-iva81-de","14":"first","15":"instock","16":"shipping-taxable","17":"purchasable","18":"product-type-variable","19":"has-default-attributes"},"_links":{"self":[{"href":"https:\/\/lucacastelli.com\/de\/wp-json\/wp\/v2\/product\/630710","targetHints":{"allow":["GET"]}}],"collection":[{"href":"https:\/\/lucacastelli.com\/de\/wp-json\/wp\/v2\/product"}],"about":[{"href":"https:\/\/lucacastelli.com\/de\/wp-json\/wp\/v2\/types\/product"}],"wp:featuredmedia":[{"embeddable":true,"href":"https:\/\/lucacastelli.com\/de\/wp-json\/wp\/v2\/media\/630096"}],"wp:attachment":[{"href":"https:\/\/lucacastelli.com\/de\/wp-json\/wp\/v2\/media?parent=630710"}],"wp:term":[{"taxonomy":"product_brand","embeddable":true,"href":"https:\/\/lucacastelli.com\/de\/wp-json\/wp\/v2\/product_brand?post=630710"},{"taxonomy":"product_cat","embeddable":true,"href":"https:\/\/lucacastelli.com\/de\/wp-json\/wp\/v2\/product_cat?post=630710"},{"taxonomy":"product_tag","embeddable":true,"href":"https:\/\/lucacastelli.com\/de\/wp-json\/wp\/v2\/product_tag?post=630710"}],"curies":[{"name":"wp","href":"https:\/\/api.w.org\/{rel}","templated":true}]}}