{"id":630680,"date":"2026-03-10T10:49:18","date_gmt":"2026-03-10T09:49:18","guid":{"rendered":"https:\/\/lucacastelli.com\/prodotto\/la-sportiva-spire-gtx-2\/"},"modified":"2026-03-10T16:44:49","modified_gmt":"2026-03-10T15:44:49","slug":"la-sportiva-spire-gtx-2","status":"publish","type":"product","link":"https:\/\/lucacastelli.com\/de\/produkt\/la-sportiva-spire-gtx-2\/","title":{"rendered":"La Sportiva Spire GTX"},"content":{"rendered":"<p>Low-Cut-Schuh der neuen Generation f\u00fcr schnelles Wandern. Vereint L\u00f6sungen aus der Mountain-DNA von La Sportiva mit Technologien und Konzepten aus dem Mountain Running f\u00fcr ein vielseitiges, wasserdichtes und super atmungsaktives Produkt dank der neuen GORE-TEX SURROUND\u00ae-Technologie. <\/p>\n<p>&nbsp;<\/p>\n<p>Spire ist der Fast-Hiking-Schuh der neuen Generation f\u00fcr schnelles Wandern. Vereint L\u00f6sungen aus der Mountain-DNA von La Sportiva mit Technologien und Konzepten aus dem Mountain Running f\u00fcr ein vielseitiges, wasserdichtes und super atmungsaktives Produkt dank der neuen GORE-TEX SURROUND\u00ae-Technologie: eine exklusive Technologie, die durch die gr\u00f6\u00dfere Bel\u00fcftungsfl\u00e4che eine vollst\u00e4ndige Atmungsaktivit\u00e4t erm\u00f6glicht, die Obermaterial, Einlegesohle und die seitlich perforierte Zwischensohle aus EVA und TPU umfasst. Die entlang des Zwischensohlenprofils sichtbaren Bel\u00fcftungskan\u00e4le sind durch ein sehr widerstandsf\u00e4higes Nylon-Monofilament-Netz gesch\u00fctzt, um das Eindringen von Steinchen und Verunreinigungen zu verhindern. Das Low-Cut-Obermaterial ist mit Nano-Cells 2.0\u2122-Struktur gefertigt, die aus super atmungsaktiven Zellen besteht, die in Synergie mit der GORE-TEX SURROUND\u00ae-Membran f\u00fcr eine beispiellos erh\u00f6hte Atmungsaktivit\u00e4t sorgen. Der untere Teil des Schuhs integriert das Stability Control System\u2122, ein Anti-Torsions-Stabilisierungssystem, das die Bel\u00fcftungs\u00f6ffnungen der GORE-TEX SURROUND\u00ae-Technologie integriert. Die Laufsohle besteht aus Vibram XS Trek-Mischung f\u00fcr optimalen Halt auf harten, weichen und schlammigen Untergr\u00fcnden. Atmungsaktivit\u00e4t und Komfort rundum.      <\/p>\n<p>&nbsp;<\/p>\n<h3>Technische Informationen<\/h3>\n<p><b>Wasserdichte Membran: <\/b>GORE-TEX Surround\u00ae<\/p>\n<p><b>Zwischensohle: <\/b>Komprimiertes EVA<\/p>\n<p><b>Sohle: <\/b>Vibram XS Trek<\/p>\n<p><b>Sohlenh\u00f6he (mm) \u2013 Ferse: <\/b>32<\/p>\n<p><b>Sohlenh\u00f6he (mm) \u2013 Vorfu\u00df: <\/b>26<\/p>\n<p><b>Sprengung (mm): <\/b>6<\/p>\n<p><b>Stollenh\u00f6he (mm): <\/b>5<\/p>\n<p><b>Breite Passform: <\/b>Nein<\/p>\n<p><b>Einlegesohle: <\/b>H001 Ortholite\u00ae Hybrid Mountain Hiking 5 mm<\/p>\n<p><b>Futter: <\/b>GORE-TEX Surround\u00ae.<\/p>\n<p><b>Zwischensohle: <\/b>D\u00e4mpfende komprimierte EVA mit TPU-Flanken und Bel\u00fcftungskan\u00e4len in GORE-TEX Surround\u00ae<\/p>\n<p><b>Sohle: <\/b>Vibram\u00ae XS Trek mit IBS<\/p>\n<p><b>Obermaterial: <\/b>Hochgradig abriebfestes atmungsaktives Mesh mit Nano Cell 2.0\u2122-Struktur und Zehenkappe und Ferse aus PU-Tech Lite\u2122<\/p>\n","protected":false},"excerpt":{"rendered":"<p>Low-Cut-Schuh der neuen Generation f\u00fcr schnelles Wandern. Vereint L\u00f6sungen aus der Mountain-DNA von La Sportiva mit Technologien und Konzepten aus<\/p>\n","protected":false},"featured_media":630681,"template":"","meta":{"_seopress_robots_primary_cat":"none","_seopress_titles_title":"","_seopress_titles_desc":"","_seopress_robots_index":""},"product_brand":[3649],"product_cat":[1419,1431,175],"product_tag":[],"class_list":{"0":"post-630680","1":"product","2":"type-product","3":"status-publish","4":"has-post-thumbnail","6":"product_brand-la-sportiva-de","7":"product_cat-freizeitschuhe","8":"product_cat-herrenschuhe","9":"product_cat-schuhe","10":"sws-gruppo-abb-libero-de","11":"sws-conto-ricavi-merci-rivendita-abbigliamento-de","12":"sws-gruppo-iva-iva81-de","14":"first","15":"instock","16":"shipping-taxable","17":"purchasable","18":"product-type-variable","19":"has-default-attributes"},"_links":{"self":[{"href":"https:\/\/lucacastelli.com\/de\/wp-json\/wp\/v2\/product\/630680","targetHints":{"allow":["GET"]}}],"collection":[{"href":"https:\/\/lucacastelli.com\/de\/wp-json\/wp\/v2\/product"}],"about":[{"href":"https:\/\/lucacastelli.com\/de\/wp-json\/wp\/v2\/types\/product"}],"wp:featuredmedia":[{"embeddable":true,"href":"https:\/\/lucacastelli.com\/de\/wp-json\/wp\/v2\/media\/630681"}],"wp:attachment":[{"href":"https:\/\/lucacastelli.com\/de\/wp-json\/wp\/v2\/media?parent=630680"}],"wp:term":[{"taxonomy":"product_brand","embeddable":true,"href":"https:\/\/lucacastelli.com\/de\/wp-json\/wp\/v2\/product_brand?post=630680"},{"taxonomy":"product_cat","embeddable":true,"href":"https:\/\/lucacastelli.com\/de\/wp-json\/wp\/v2\/product_cat?post=630680"},{"taxonomy":"product_tag","embeddable":true,"href":"https:\/\/lucacastelli.com\/de\/wp-json\/wp\/v2\/product_tag?post=630680"}],"curies":[{"name":"wp","href":"https:\/\/api.w.org\/{rel}","templated":true}]}}