{"id":629086,"date":"2025-09-04T19:55:45","date_gmt":"2025-09-04T17:55:45","guid":{"rendered":"https:\/\/lucacastelli.com\/prodotto\/stihl-polycut-12-2-maehkopf\/"},"modified":"2025-10-27T07:41:50","modified_gmt":"2025-10-27T06:41:50","slug":"stihl-polycut-12-2-maehkopf","status":"publish","type":"product","link":"https:\/\/lucacastelli.com\/de\/produkt\/stihl-polycut-12-2-maehkopf\/","title":{"rendered":"STIHL PolyCut 12-2 M\u00e4hkopf"},"content":{"rendered":"<h2 class=\"product-details__title\">Mit Rapid Click System f\u00fcr mehr Komfort und Effizienz beim M\u00e4hkopfwechsel und Messerwechsel<\/h2>\n<div class=\"product-details__description richtexteditor\">\n<p>Der STIHL PolyCut 12-2 M\u00e4hkopf ist geeignet f\u00fcr die STIHL Akku-Motorsensen FSA 70 R und STIHL FSA 110 R mit STIHL Rapid Click System.<\/p>\n<p>Dank des Rapid Click Systems k\u00f6nnen Sie den M\u00e4hkopf werkzeuglos per Knopfdruck schnell und einfach abnehmen \u2013 zum Beispiel, um die 2 PolyCut Kunststoffmesser zu wechseln oder ein anderes Schneidwerkzeug mit Schnellwechselsystem an Ihrer Motorsense zu montieren. Durch die intelligente Konstruktion lassen sich die 2 PolyCut Kunststoffmesser werkzeuglos austauschen, ohne den M\u00e4hkopf komplett \u00f6ffnen oder abnehmen zu m\u00fcssen. Daf\u00fcr sind bereits 6 Kunststoffmesser im Lieferumfang enthalten.  <\/p>\n<p>Dank des gro\u00dfen Schnittkreises von 330 mm des STIHL PolyCut 12-2 k\u00f6nnen Sie mittelhohe Gr\u00e4ser schneiden und Rasenkanten schnell und effizient pflegen. F\u00fcr einen sauberen Schnitt in dichtem Gras sind auch gr\u00fcne Kunststoffmesser mit einem Schnittkreis von 300 mm erh\u00e4ltlich. Ein weiterer Vorteil des PolyCut 12-2 ist der geringere Energieverbrauch der Motorsense im Vergleich zu einem Fadenkopf, was die Schnittzeit pro Akkuladung deutlich verl\u00e4ngern kann. <\/p>\n<\/div>\n<p>Anzahl der enthaltenen Messer: 6<\/p>\n","protected":false},"excerpt":{"rendered":"<p>Mit Rapid Click System f\u00fcr mehr Komfort und Effizienz beim M\u00e4hkopfwechsel und Messerwechsel Der STIHL PolyCut 12-2 M\u00e4hkopf ist geeignet<\/p>\n","protected":false},"featured_media":629070,"template":"","meta":{"_seopress_robots_primary_cat":"","_seopress_titles_title":"","_seopress_titles_desc":"","_seopress_robots_index":""},"product_brand":[3554],"product_cat":[1609,1581,169,1582],"product_tag":[],"class_list":{"0":"post-629086","1":"product","2":"type-product","3":"status-publish","4":"has-post-thumbnail","6":"product_brand-stihl-de","7":"product_cat-akkubetriebene-freischneider-und-trimmer","8":"product_cat-freischneider-und-trimmer","9":"product_cat-maschinen","10":"product_cat-zubehor-und-verbrauchsmaterial-de-3","11":"sws-gruppo-macchinari-de","12":"sws-conto-ricavi-merci-rivendita-macchinari-de","13":"sws-gruppo-iva-iva81-de","15":"first","16":"instock","17":"shipping-taxable","18":"purchasable","19":"product-type-simple"},"_links":{"self":[{"href":"https:\/\/lucacastelli.com\/de\/wp-json\/wp\/v2\/product\/629086","targetHints":{"allow":["GET"]}}],"collection":[{"href":"https:\/\/lucacastelli.com\/de\/wp-json\/wp\/v2\/product"}],"about":[{"href":"https:\/\/lucacastelli.com\/de\/wp-json\/wp\/v2\/types\/product"}],"wp:featuredmedia":[{"embeddable":true,"href":"https:\/\/lucacastelli.com\/de\/wp-json\/wp\/v2\/media\/629070"}],"wp:attachment":[{"href":"https:\/\/lucacastelli.com\/de\/wp-json\/wp\/v2\/media?parent=629086"}],"wp:term":[{"taxonomy":"product_brand","embeddable":true,"href":"https:\/\/lucacastelli.com\/de\/wp-json\/wp\/v2\/product_brand?post=629086"},{"taxonomy":"product_cat","embeddable":true,"href":"https:\/\/lucacastelli.com\/de\/wp-json\/wp\/v2\/product_cat?post=629086"},{"taxonomy":"product_tag","embeddable":true,"href":"https:\/\/lucacastelli.com\/de\/wp-json\/wp\/v2\/product_tag?post=629086"}],"curies":[{"name":"wp","href":"https:\/\/api.w.org\/{rel}","templated":true}]}}