{"id":629077,"date":"2025-09-04T19:57:23","date_gmt":"2025-09-04T17:57:23","guid":{"rendered":"https:\/\/lucacastelli.com\/prodotto\/stihl-autocut-c-12-2-maehkopf\/"},"modified":"2025-10-27T07:37:19","modified_gmt":"2025-10-27T06:37:19","slug":"stihl-autocut-c-12-2-maehkopf","status":"publish","type":"product","link":"https:\/\/lucacastelli.com\/de\/produkt\/stihl-autocut-c-12-2-maehkopf\/","title":{"rendered":"STIHL AutoCut C 12-2 M\u00e4hkopf"},"content":{"rendered":"<h2>M\u00e4hkopf AutoCut C 12-2: Austausch und Bef\u00fcllung des M\u00e4hkopfs besonders komfortabel und effizient dank Rapid Click System und Advanced EasySpool<\/h2>\n<p>Der STIHL AutoCut C 12-2 M\u00e4hkopf ist geeignet f\u00fcr die Akku-Freischneider <b>STIHL FSA 70 R<\/b> und <b>STIHL FSA 110 R<\/b>, die mit dem <b>STIHL Rapid Click System<\/b> ausgestattet sind. Dank diesem Schnellwechselsystem k\u00f6nnen Sie <b>den M\u00e4hkopf werkzeuglos entfernen, einfach durch Dr\u00fccken eines Knopfes<\/b>. <\/p>\n<p>Au\u00dferdem ist AutoCut C 12-2 mit <b>STIHL Advanced EasySpool<\/b> ausgestattet. Dies erm\u00f6glicht es, <b>den Faden komfortabel, einfach und werkzeuglos in den M\u00e4hkopf einzuspulen<\/b>. <\/p>\n<p>Die gro\u00dfe Drehscheibe zum Aufspulen des Fadens ist besonders benutzerfreundlich und befindet sich im oberen Teil des M\u00e4hkopfs, gesch\u00fctzt vor Verschlei\u00df. Das Aufspulen mit STIHL Advanced EasySpool ist viel komfortabler, auch wenn Sie den M\u00e4hkopf nicht vom Freischneider entfernen. <\/p>\n<p>Sie k\u00f6nnen den AutoCut C 12-2 M\u00e4hkopf mit <b>verschiedenen Schneidf\u00e4den<\/b> bef\u00fcllen (Durchmesser 2,0<b> <\/b>mm und 2,4 mm; unsere Empfehlung: <a href=\"https:\/\/www.stihl.de\/de\/ap\/maehfaden-rund-%C3%B8-2-4-mm-205681\"><b>runder Schneidfaden mit 2,4 mm Durchmesser<\/b><\/a>)<b> <\/b>. So k\u00f6nnen Sie <b>mittelhohe Gr\u00e4ser schneiden und B\u00e4ume, Mauern, Hecken, Treppen oder Rasenr\u00e4nder<\/b> flexibel und effektiv nachbearbeiten. Die einfache Einstellung des Schneidfadens \u00fcber den halbautomatischen Kopf erm\u00f6glicht eine schnelle und effiziente Nutzung. <\/p>\n<p><b>Hinweis<\/b>: M\u00e4hk\u00f6pfe d\u00fcrfen nur mit einem speziellen Schutz oder einem STIHL-kompatiblen Schutz f\u00fcr Schneidwerkzeuge verwendet werden.<\/p>\n<p>&nbsp;<\/p>\n<p>&nbsp;<\/p>\n<table data-test-id=\"pdp-spec-tech-table\">\n<tbody>\n<tr>\n<td>Durchmesser Faden<\/td>\n<td>\u00d8 2,4 mm<\/td>\n<\/tr>\n<tr>\n<td>Durchmesser Faden<\/td>\n<td>0.095 &#8220;<\/td>\n<\/tr>\n<tr>\n<td>Faden L\u00e4nge<\/td>\n<td>3,8 m<\/td>\n<\/tr>\n<\/tbody>\n<\/table>\n","protected":false},"excerpt":{"rendered":"<p>M\u00e4hkopf AutoCut C 12-2: Austausch und Bef\u00fcllung des M\u00e4hkopfs besonders komfortabel und effizient dank Rapid Click System und Advanced EasySpool<\/p>\n","protected":false},"featured_media":629074,"template":"","meta":{"_seopress_robots_primary_cat":"none","_seopress_titles_title":"","_seopress_titles_desc":"","_seopress_robots_index":""},"product_brand":[3366],"product_cat":[29,270,271,281],"product_tag":[],"class_list":{"0":"post-629077","1":"product","2":"type-product","3":"status-publish","4":"has-post-thumbnail","6":"product_brand-stihl","7":"product_cat-macchinari","8":"product_cat-decespugliatori-e-tagliabordi","9":"product_cat-accessori-e-materiale-di-consumo-decespugliatori-e-tagliabordi","10":"product_cat-decespugliatori-e-tagliabordi-a-batteria","11":"sws-gruppo-macchinari-de","12":"sws-conto-ricavi-merci-rivendita-macchinari-de","13":"sws-gruppo-iva-iva81-de","15":"first","16":"instock","17":"shipping-taxable","18":"purchasable","19":"product-type-simple"},"_links":{"self":[{"href":"https:\/\/lucacastelli.com\/de\/wp-json\/wp\/v2\/product\/629077","targetHints":{"allow":["GET"]}}],"collection":[{"href":"https:\/\/lucacastelli.com\/de\/wp-json\/wp\/v2\/product"}],"about":[{"href":"https:\/\/lucacastelli.com\/de\/wp-json\/wp\/v2\/types\/product"}],"wp:featuredmedia":[{"embeddable":true,"href":"https:\/\/lucacastelli.com\/de\/wp-json\/wp\/v2\/media\/629074"}],"wp:attachment":[{"href":"https:\/\/lucacastelli.com\/de\/wp-json\/wp\/v2\/media?parent=629077"}],"wp:term":[{"taxonomy":"product_brand","embeddable":true,"href":"https:\/\/lucacastelli.com\/de\/wp-json\/wp\/v2\/product_brand?post=629077"},{"taxonomy":"product_cat","embeddable":true,"href":"https:\/\/lucacastelli.com\/de\/wp-json\/wp\/v2\/product_cat?post=629077"},{"taxonomy":"product_tag","embeddable":true,"href":"https:\/\/lucacastelli.com\/de\/wp-json\/wp\/v2\/product_tag?post=629077"}],"curies":[{"name":"wp","href":"https:\/\/api.w.org\/{rel}","templated":true}]}}