{"id":629059,"date":"2025-08-28T10:14:54","date_gmt":"2025-08-28T08:14:54","guid":{"rendered":"https:\/\/lucacastelli.com\/prodotto\/helly-hansen-lifa-merino-midweight-crew-2\/"},"modified":"2026-03-02T15:10:24","modified_gmt":"2026-03-02T14:10:24","slug":"helly-hansen-lifa-merino-midweight-crew-2","status":"publish","type":"product","link":"https:\/\/lucacastelli.com\/de\/produkt\/helly-hansen-lifa-merino-midweight-crew-2\/","title":{"rendered":"HELLY HANSEN LIFA MERINO MIDWEIGHT CREW"},"content":{"rendered":"<div class=\"productDetailsSection_productDescriptionSection__FDg0y\">\n<div class=\"productDescription_productDescription__sJIE6\" data-mt-type=\"product-description\">\n<div class=\"richtext_wrapper__Apw4P productDescription_productDescriptionContent__0A3VB\">Das vielseitige LIFA\u00ae Merino Midweight Rundhals-Baselayer eignet sich f\u00fcr jedes kalte Klima. Wir haben eine Schicht aus 100 % Merinowolle mit unserer bew\u00e4hrten LIFA\u00ae Stay Warm-Technologie in einer 2-lagigen Konstruktion kombiniert. Das LIFA\u00ae Merino Midweight Crew Base Layer Rundhals-Baselayer bietet die gesamte W\u00e4rme und Atmungsaktivit\u00e4t von Merinowollfasern sowie die feuchtigkeitsableitenden Eigenschaften der LIFA\u00ae-Fasern.  <\/div>\n<\/div>\n<\/div>\n<div class=\"productCollapseSection_productCollapseSection__6fb5x\">\n<div class=\"productCollapseSection_productCollapseSectionTitle__1Vh_4\">\n<h2 class=\"heading_default__uXoxn heading_style--h3__iT44T\">Details<\/h2>\n<\/div>\n<div class=\"productCollapseSection_productCollapseSectionContent__VJCb7\">\n<div class=\"productDetails_productDetails__g_C4N\">\n<p>Faserzusammensetzung:<\/p>\n<div class=\"richtext_wrapper__Apw4P blocks_root__vE_15\">Shell: 57 % Merinowolle, 43 % Polypropylen<\/div>\n<p>Pflegehinweise:<\/p>\n<div class=\"richtext_wrapper__Apw4P blocks_root__vE_15\">Keinen Weichsp\u00fcler verwenden. Nicht verdrehen. Verwende Wollwaschmittel. Wasche sie von innen nach au\u00dfen.  <\/div>\n<div class=\"productDetails_productDetailsCols__K1qqI\">\n<div class=\"productDetails_productDetailsRow__bHp5_\">\n<div class=\"blocks_mobileInlineWrapper__N_Soc\">Gewicht:350g<\/div>\n<\/div>\n<\/div>\n<\/div>\n<\/div>\n<\/div>\n<div class=\"productCollapseSection_productCollapseSection__6fb5x productFeatures_root__BqPE9\">\n<div class=\"productCollapseSection_productCollapseSectionTitle__1Vh_4\">\n<h2 class=\"heading_default__uXoxn heading_style--h3__iT44T\">Eigenschaften<\/h2>\n<\/div>\n<div class=\"productCollapseSection_productCollapseSectionContent__VJCb7\">\n<ul>\n<li>LIFA\u00ae MERINO<\/li>\n<li>Zweischichtige Konstruktion<\/li>\n<li>Au\u00dfenmaterial: 100 % Merinowolle<\/li>\n<li>Flatlock-N\u00e4hte f\u00fcr optimalen Komfort und Strapazierf\u00e4higkeit<\/li>\n<li>Nicht reizendes Gewebe<\/li>\n<li>ZQ Merino<\/li>\n<\/ul>\n<\/div>\n<\/div>\n","protected":false},"excerpt":{"rendered":"<p>Das vielseitige LIFA\u00ae Merino Midweight Rundhals-Baselayer eignet sich f\u00fcr jedes kalte Klima. Wir haben eine Schicht aus 100 % Merinowolle<\/p>\n","protected":false},"featured_media":626577,"template":"","meta":{"_seopress_robots_primary_cat":"none","_seopress_titles_title":"","_seopress_titles_desc":"","_seopress_robots_index":""},"product_brand":[3425],"product_cat":[21,189,190],"product_tag":[],"class_list":{"0":"post-629059","1":"product","2":"type-product","3":"status-publish","4":"has-post-thumbnail","6":"product_brand-helly-hansen","7":"product_cat-abbigliamento","8":"product_cat-abbigliamento-per-il-tempo-libero","9":"product_cat-abbigliamento-da-uomo","10":"sws-gruppo-abb-libero-de","11":"sws-conto-ricavi-merci-rivendita-abbigliamento-de","12":"sws-gruppo-iva-iva81-de","14":"first","15":"instock","16":"sale","17":"shipping-taxable","18":"purchasable","19":"product-type-variable","20":"has-default-attributes"},"_links":{"self":[{"href":"https:\/\/lucacastelli.com\/de\/wp-json\/wp\/v2\/product\/629059","targetHints":{"allow":["GET"]}}],"collection":[{"href":"https:\/\/lucacastelli.com\/de\/wp-json\/wp\/v2\/product"}],"about":[{"href":"https:\/\/lucacastelli.com\/de\/wp-json\/wp\/v2\/types\/product"}],"wp:featuredmedia":[{"embeddable":true,"href":"https:\/\/lucacastelli.com\/de\/wp-json\/wp\/v2\/media\/626577"}],"wp:attachment":[{"href":"https:\/\/lucacastelli.com\/de\/wp-json\/wp\/v2\/media?parent=629059"}],"wp:term":[{"taxonomy":"product_brand","embeddable":true,"href":"https:\/\/lucacastelli.com\/de\/wp-json\/wp\/v2\/product_brand?post=629059"},{"taxonomy":"product_cat","embeddable":true,"href":"https:\/\/lucacastelli.com\/de\/wp-json\/wp\/v2\/product_cat?post=629059"},{"taxonomy":"product_tag","embeddable":true,"href":"https:\/\/lucacastelli.com\/de\/wp-json\/wp\/v2\/product_tag?post=629059"}],"curies":[{"name":"wp","href":"https:\/\/api.w.org\/{rel}","templated":true}]}}