{"id":629051,"date":"2025-09-04T19:49:54","date_gmt":"2025-09-04T17:49:54","guid":{"rendered":"https:\/\/lucacastelli.com\/prodotto\/stihl-verstellbare-duese-fuer-geblaese\/"},"modified":"2025-09-04T19:49:54","modified_gmt":"2025-09-04T17:49:54","slug":"stihl-verstellbare-duese-fuer-geblaese","status":"publish","type":"product","link":"https:\/\/lucacastelli.com\/de\/produkt\/stihl-verstellbare-duese-fuer-geblaese\/","title":{"rendered":"STIHL Verstellbare D\u00fcse f\u00fcr Gebl\u00e4se"},"content":{"rendered":"<h2>Einstellbare Rundd\u00fcse: Wechsel zwischen maximalem Durchfluss und maximaler Geschwindigkeit<\/h2>\n<p>Die verstellbare Rundd\u00fcse hilft <b>Profis dabei, Laub, Grasschnitt, Baumschnittreste oder Schutt gezielt zu entfernen<\/b>. Der Luftstrom kann w\u00e4hrend der Arbeit schnell und einfach ge\u00e4ndert werden. In der <b>ersten Position<\/b> ist die D\u00fcse offen und somit steht die <b>maximale Luftmenge<\/b> zur Verf\u00fcgung. In der<b> zweiten Position<\/b> ist der Luftstrom reduziert und du kannst mit <b>maximaler Luftgeschwindigkeit<\/b> arbeiten. Nasses Laub oder feuchter Schmutz kann dank des gezielten und st\u00e4rkeren Luftstroms <b>effektiv entfernt<\/b> werden. So kannst du dich schnell an neue Arbeitsbedingungen anpassen, ohne die D\u00fcse wechseln zu m\u00fcssen. Die gerade, verstellbare STIHL Rundd\u00fcse l\u00e4sst sich mit einem Handgriff auf das Blasrohr des STIHL Gebl\u00e4ses montieren.      <\/p>\n<p>Die verstellbare Rundd\u00fcse ist f\u00fcr die folgenden STIHL Gebl\u00e4se geeignet:<\/p>\n<ul>\n<li><a href=\"https:\/\/www.stihl.de\/de\/p\/laubblaeser-blasgeraete-saughaecksler-benzin-laubblaeser-br-700-63529\"><b>STIHL BR 700<\/b><\/a><\/li>\n<li><a href=\"https:\/\/www.stihl.de\/de\/p\/laubblaeser-blasgeraete-saughaecksler-benzin-laubblaeser-br-800-95832\"><b>STIHL BR 800<\/b><\/a><\/li>\n<li><a href=\"https:\/\/www.stihl.de\/de\/p\/laubblaeser-blasgeraete-saughaecksler-akku-laubblaeser-bga-300-ap-system-174240\"><b>STIHL BGA 300<\/b><\/a><\/li>\n<li><a href=\"https:\/\/www.stihl.de\/de\/p\/laubblaeser-blasgeraete-saughaecksler-akku-laubblaeser-bra-500-ap-system-209397#bra-500-ohne-akku-und-ladegeraet-209397\"><b>STIHL BRA 500<\/b><\/a><\/li>\n<li><a href=\"https:\/\/www.stihl.de\/de\/p\/laubblaeser-blasgeraete-saughaecksler-akku-laubblaeser-bra-600-ap-system-209410#bra-600-ohne-akku-und-ladegeraet-209410\"><b>STIHL BRA 600<\/b><\/a><\/li>\n<\/ul>\n","protected":false},"excerpt":{"rendered":"<p>Einstellbare Rundd\u00fcse: Wechsel zwischen maximalem Durchfluss und maximaler Geschwindigkeit Die verstellbare Rundd\u00fcse hilft Profis dabei, Laub, Grasschnitt, Baumschnittreste oder Schutt<\/p>\n","protected":false},"featured_media":629030,"template":"","meta":{"_seopress_robots_primary_cat":"","_seopress_titles_title":"","_seopress_titles_desc":"","_seopress_robots_index":""},"product_brand":[3366],"product_cat":[29,485,489,486],"product_tag":[],"class_list":{"0":"post-629051","1":"product","2":"type-product","3":"status-publish","4":"has-post-thumbnail","6":"product_brand-stihl","7":"product_cat-macchinari","8":"product_cat-soffiatori-e-aspiratori","9":"product_cat-soffiatori-a-batteria","10":"product_cat-soffiatori-a-motore","11":"sws-gruppo-macchinari-de","12":"sws-conto-ricavi-merci-rivendita-macchinari-de","13":"sws-gruppo-iva-iva81-de","15":"first","16":"instock","17":"shipping-taxable","18":"purchasable","19":"product-type-simple"},"_links":{"self":[{"href":"https:\/\/lucacastelli.com\/de\/wp-json\/wp\/v2\/product\/629051","targetHints":{"allow":["GET"]}}],"collection":[{"href":"https:\/\/lucacastelli.com\/de\/wp-json\/wp\/v2\/product"}],"about":[{"href":"https:\/\/lucacastelli.com\/de\/wp-json\/wp\/v2\/types\/product"}],"wp:featuredmedia":[{"embeddable":true,"href":"https:\/\/lucacastelli.com\/de\/wp-json\/wp\/v2\/media\/629030"}],"wp:attachment":[{"href":"https:\/\/lucacastelli.com\/de\/wp-json\/wp\/v2\/media?parent=629051"}],"wp:term":[{"taxonomy":"product_brand","embeddable":true,"href":"https:\/\/lucacastelli.com\/de\/wp-json\/wp\/v2\/product_brand?post=629051"},{"taxonomy":"product_cat","embeddable":true,"href":"https:\/\/lucacastelli.com\/de\/wp-json\/wp\/v2\/product_cat?post=629051"},{"taxonomy":"product_tag","embeddable":true,"href":"https:\/\/lucacastelli.com\/de\/wp-json\/wp\/v2\/product_tag?post=629051"}],"curies":[{"name":"wp","href":"https:\/\/api.w.org\/{rel}","templated":true}]}}