{"id":628966,"date":"2025-08-28T10:22:57","date_gmt":"2025-08-28T08:22:57","guid":{"rendered":"https:\/\/lucacastelli.com\/prodotto\/helly-hansen-mens-lifa-merino-midweight-logo\/"},"modified":"2026-04-01T01:51:27","modified_gmt":"2026-03-31T23:51:27","slug":"helly-hansen-mens-lifa-merino-midweight-logo","status":"publish","type":"product","link":"https:\/\/lucacastelli.com\/de\/produkt\/helly-hansen-mens-lifa-merino-midweight-logo\/","title":{"rendered":"HELLY HANSEN Men&#8217;s LIFA\u00ae Merino Midweight Logo"},"content":{"rendered":"<div class=\"productDetailsSection_productDescriptionSection__FDg0y\">\n<div class=\"productDescription_productDescription__sJIE6\" data-mt-type=\"product-description\">\n<div class=\"richtext_wrapper__Apw4P productDescription_productDescriptionContent__0A3VB\">Sch\u00fctzen Sie sich vor der K\u00e4lte mit unserem LIFA\u00ae Merino Midweight Logo f\u00fcr Herren, das f\u00fcr Skifahren, Wandern und den t\u00e4glichen Gebrauch im Schnee und in den kalten Monaten entwickelt wurde. Dieses lang\u00e4rmlige Baselayer kombiniert unsere LIFA\u00ae Merino-Technologie, die die Eigenschaften der Merinowolle nutzt, mit unserem LIFA\u00ae Baselayer, um Ihnen ein exzellentes technisches Kleidungsst\u00fcck zu bieten. Die innere Schicht leitet Schwei\u00df ab, w\u00e4hrend die \u00e4u\u00dfere Schicht aus Merinowolle f\u00fcr W\u00e4rme, Komfort und Geruchskontrolle sorgt. Dank flacher N\u00e4hte und einer 2-lagigen Konstruktion erhalten Sie ein Kleidungsst\u00fcck, das Ihnen maximalen Komfort ohne Juckreiz bietet.   <\/div>\n<\/div>\n<\/div>\n<div class=\"productCollapseSection_productCollapseSection__6fb5x\">\n<div class=\"productCollapseSection_productCollapseSectionTitle__1Vh_4\">\n<h2 class=\"heading_default__uXoxn heading_style--h3__iT44T\">Details<\/h2>\n<\/div>\n<div class=\"productCollapseSection_productCollapseSectionContent__VJCb7\">\n<div class=\"productDetails_productDetails__g_C4N\">\n<p>Faserzusammensetzung:<\/p>\n<div class=\"richtext_wrapper__Apw4P blocks_root__vE_15\">Au\u00dfenmaterial: 57% Merinowolle, 43% Polypropylen<\/div>\n<p>Pflegehinweise:<\/p>\n<div class=\"richtext_wrapper__Apw4P blocks_root__vE_15\">Wollwaschmittel verwenden. Keinen Weichsp\u00fcler verwenden. Auf links waschen. Nicht auswringen. <\/div>\n<div class=\"productDetails_productDetailsCols__K1qqI\">\n<div class=\"productDetails_productDetailsRow__bHp5_\">\n<div class=\"blocks_mobileInlineWrapper__N_Soc\">Gewicht:300g<\/div>\n<\/div>\n<\/div>\n<\/div>\n<\/div>\n<\/div>\n<div class=\"productCollapseSection_productCollapseSection__6fb5x productFeatures_root__BqPE9 productFeatures_twoColumnsList__vArq2\">\n<div class=\"productCollapseSection_productCollapseSectionTitle__1Vh_4\">\n<h2 class=\"heading_default__uXoxn heading_style--h3__iT44T\">Eigenschaften<\/h2>\n<\/div>\n<div class=\"productCollapseSection_productCollapseSectionContent__VJCb7\">\n<ul>\n<li>LIFA\u00ae MERINO<\/li>\n<li>Flatlock-N\u00e4hte mit Kontrastfarbe<\/li>\n<li>Gedrucktes HH\u00ae Logo<\/li>\n<li>HH Performance Streifen<\/li>\n<li>2-Lagen-Aufbau<\/li>\n<li>Anti-Juck-Stoff<\/li>\n<li>Dezentes Stoffetikett mit HH-Logo<\/li>\n<li>ZQ-zertifizierte Wolle<\/li>\n<\/ul>\n<\/div>\n<\/div>\n","protected":false},"excerpt":{"rendered":"<p>Sch\u00fctzen Sie sich vor der K\u00e4lte mit unserem LIFA\u00ae Merino Midweight Logo f\u00fcr Herren, das f\u00fcr Skifahren, Wandern und den<\/p>\n","protected":false},"featured_media":626591,"template":"","meta":{"_seopress_robots_primary_cat":"none","_seopress_titles_title":"","_seopress_titles_desc":"","_seopress_robots_index":""},"product_brand":[3425],"product_cat":[21,189,190],"product_tag":[],"class_list":{"0":"post-628966","1":"product","2":"type-product","3":"status-publish","4":"has-post-thumbnail","6":"product_brand-helly-hansen","7":"product_cat-abbigliamento","8":"product_cat-abbigliamento-per-il-tempo-libero","9":"product_cat-abbigliamento-da-uomo","10":"sws-gruppo-abb-libero-de","11":"sws-conto-ricavi-merci-rivendita-abbigliamento-de","12":"sws-gruppo-iva-iva81-de","14":"first","15":"instock","16":"shipping-taxable","17":"purchasable","18":"product-type-variable","19":"has-default-attributes"},"_links":{"self":[{"href":"https:\/\/lucacastelli.com\/de\/wp-json\/wp\/v2\/product\/628966","targetHints":{"allow":["GET"]}}],"collection":[{"href":"https:\/\/lucacastelli.com\/de\/wp-json\/wp\/v2\/product"}],"about":[{"href":"https:\/\/lucacastelli.com\/de\/wp-json\/wp\/v2\/types\/product"}],"wp:featuredmedia":[{"embeddable":true,"href":"https:\/\/lucacastelli.com\/de\/wp-json\/wp\/v2\/media\/626591"}],"wp:attachment":[{"href":"https:\/\/lucacastelli.com\/de\/wp-json\/wp\/v2\/media?parent=628966"}],"wp:term":[{"taxonomy":"product_brand","embeddable":true,"href":"https:\/\/lucacastelli.com\/de\/wp-json\/wp\/v2\/product_brand?post=628966"},{"taxonomy":"product_cat","embeddable":true,"href":"https:\/\/lucacastelli.com\/de\/wp-json\/wp\/v2\/product_cat?post=628966"},{"taxonomy":"product_tag","embeddable":true,"href":"https:\/\/lucacastelli.com\/de\/wp-json\/wp\/v2\/product_tag?post=628966"}],"curies":[{"name":"wp","href":"https:\/\/api.w.org\/{rel}","templated":true}]}}