{"id":628958,"date":"2025-09-04T19:41:16","date_gmt":"2025-09-04T17:41:16","guid":{"rendered":"https:\/\/lucacastelli.com\/prodotto\/stihl-bra-500-akku-geblaese-nur-maschine\/"},"modified":"2025-09-04T19:41:16","modified_gmt":"2025-09-04T17:41:16","slug":"stihl-bra-500-akku-geblaese-nur-maschine","status":"publish","type":"product","link":"https:\/\/lucacastelli.com\/de\/produkt\/stihl-bra-500-akku-geblaese-nur-maschine\/","title":{"rendered":"STIHL BRA 500 Akku-Gebl\u00e4se (nur Maschine)"},"content":{"rendered":"<h2 class=\"product-details__title\">Effiziente Reinigung von gro\u00dfen Fl\u00e4chen mit hoher Blaskraft<\/h2>\n<div class=\"product-details__description richtexteditor\">\n<p>Das <strong>leistungsstarke STIHL Akku-Handgebl\u00e4se BRA 500<\/strong> eignet sich besonders f\u00fcr professionelle Greenkeeper, Landschaftsg\u00e4rtner und Beh\u00f6rden zur effizienten Reinigung von gro\u00dfen Fl\u00e4chen in Parks, auf Rasenfl\u00e4chen, Wegen und Stra\u00dfen. Dank seiner <strong>extrem hohen Blaskraft von bis zu 32 N<\/strong> kann er auch nasses und schweres Laub, Gras- und Heckenschnitt oder M\u00fcll schnell beseitigen. Au\u00dferdem <strong>bleibt<\/strong> die Blasleistung des BRA 500 <strong>\u00fcber die gesamte Batterielebensdauer konstant<\/strong>, ohne dass die Leistung w\u00e4hrend des Einsatzes nachl\u00e4sst.  <\/p>\n<p>Dank der <strong>STIHL Ger\u00e4uschreduzierung<\/strong> l\u00e4uft der BRA 500 besonders leise und ist damit ideal f\u00fcr den Einsatz in <strong>l\u00e4rmempfindlichen Umgebungen<\/strong>. Die Reduzierung der hohen Frequenzen tr\u00e4gt au\u00dferdem zu einem angenehmeren Klang bei. <\/p>\n<p>Der nahezu verschlei\u00dffreie <strong>Hochleistungs-EC-Motor<\/strong> sorgt f\u00fcr einen ruhigen Lauf und geringe Vibrationen. Die f\u00fcr seine hohe Leistung ben\u00f6tigte Energie wird von <strong>2 STIHL AP-Akkus<\/strong> geliefert <strong>.<\/strong> F\u00fcr ein optimales Energiemanagement kannst du die Leistung \u00fcber das<strong>digitale Steuerger\u00e4t<\/strong> am multifunktionalen Einhandgriff einstellen und dabei aus <strong>4 vordefinierten<\/strong> Stufen (Stufen 1-3 und kontinuierlicher Boost-Modus) w\u00e4hlen. Auf dem Display werden au\u00dferdem n\u00fctzliche Informationen wie der Ladezustand des Akkus angezeigt.   <\/p>\n<p>Der BRA 500 ist serienm\u00e4\u00dfig mit dem <a href=\"https:\/\/www.stihl.it\/it\/professionisti\/soluzioni-digitali\/connected\"><strong>STIHL connected<\/strong><\/a>System ausgestattet, mit dem sich zum Beispiel der Energiesparmodus f\u00fcr weniger anstrengende Arbeiten per App aktivieren l\u00e4sst, wodurch die Reichweite deutlich erh\u00f6ht wird.<\/p>\n<p>Das <strong>schnell verstellbare Gebl\u00e4serohr<\/strong> l\u00e4sst sich f\u00fcr die Arbeit in engen R\u00e4umen in Sekundenschnelle verk\u00fcrzen und ebenso einfach wieder verl\u00e4ngern. Das Gewicht des Profi-Gebl\u00e4ses wird dank des <strong>ergonomischen Tragesystems<\/strong> mit S-f\u00f6rmigen Schultergurten und H\u00fcftgurt gleichm\u00e4\u00dfig und bequem auf den R\u00fccken verteilt. <\/p>\n<p>F\u00fcr maximale Leistung mit dem BRA 500 empfehlen wir die Verwendung von <strong>2 STIHL AP 500 S<\/strong>. F\u00fcr weniger anspruchsvolle Arbeiten kannst du auch <strong>2 STIHL AP 200 \/ AP 200 S<\/strong> oder <strong>2 STIHL AP 300 \/ AP 300 S<\/strong> verwenden. <\/p>\n<p>In unserem <a href=\"https:\/\/www.stihl.it\/it\/tecnologia-stihl\/carica-batteria-stihl\/durata-batterie-stihl\"><strong>p<\/strong><strong>einer \u00dcbersicht der Betriebszeiten<\/strong> <\/a>und Ladezeiten von STIHL Akkus kannst du sehen, wie <strong>lange du mit deinem STIHL BRA 500 Akku-Blasger\u00e4t arbeiten kannst<\/strong> und <strong>wie lange die Akkus zum Aufladen brauchen<\/strong>.<\/p>\n<p>Alle akkubetriebenen Ger\u00e4te des <a href=\"https:\/\/www.stihl.it\/it\/tecnologia-stihl\/carica-batteria-stihl\/stihl-sistema-ap\"><strong>STIHL AP-Systems<\/strong><\/a> sind f\u00fcr den regelm\u00e4\u00dfigen professionellen Einsatz auch unter schwierigen Wetterbedingungen konzipiert. Deshalb sind sie mit einem <strong>Spritzwasserschutz<\/strong> ausgestattet, der nach strengen hauseigenen Standards getestet wurde. Der Spritzwasserschutztest basiert unter anderem auf dem <strong>IPX4-Standard<\/strong>. F\u00fcr die BRA 500 wurde dieser Schutz <strong>offiziell nach IPX4 zertifiziert<\/strong>.   <\/p>\n<p>&nbsp;<\/p>\n<\/div>\n<table data-test-id=\"pdp-spec-tech-table\">\n<tbody>\n<tr>\n<td>Nennspannung<\/td>\n<td>72 V<\/td>\n<\/tr>\n<tr>\n<td>Batteriesystem<\/td>\n<td>AP<\/td>\n<\/tr>\n<tr>\n<td>Empfohlene<\/td>\n<p> Batterie<\/p>\n<td>AP 500 S<\/td>\n<\/tr>\n<tr>\n<td>Blaskraft mit Rundd\u00fcse<\/td>\n<td>32 N <sup>1<!-- --><\/sup> )<\/td>\n<\/tr>\n<tr>\n<td>Gewicht des Ger\u00e4tes ohne Akku<\/td>\n<td>10,5 kg<\/td>\n<\/tr>\n<tr>\n<td>IP-Schutzart<\/td>\n<td>IPX4<\/td>\n<\/tr>\n<tr>\n<td>Max. Luftgeschwindigkeit mit Rundd\u00fcse<\/td>\n<td>109 m\/s<\/td>\n<\/tr>\n<tr>\n<td>Max. Luftgeschwindigkeit mit Rundd\u00fcse<\/td>\n<td>244 mph<\/td>\n<\/tr>\n<tr>\n<td>Luftstrom mit Rundd\u00fcse<\/td>\n<td>1440 m\u00b3\/h<\/td>\n<\/tr>\n<tr>\n<td>Luftstrom mit Rundd\u00fcse<\/td>\n<td>848 cf\/min<\/td>\n<\/tr>\n<tr>\n<td>AP 200 Batteriebetriebszeit<\/td>\n<td>12 min <sup>2)<\/sup><\/td>\n<\/tr>\n<tr>\n<td>Maximale Betriebsdauer des AP 200-Akkus<\/td>\n<td>21 min <sup>2)<\/sup><\/td>\n<\/tr>\n<tr>\n<td>Mindestbetriebszeit des AP 200 S-Akkus<\/td>\n<td>13 min <sup>2)<\/sup><\/td>\n<\/tr>\n<tr>\n<td>Maximale Betriebsdauer des AP 200 S-Akkus<\/td>\n<td>22 min <sup>2)<\/sup><\/td>\n<\/tr>\n<tr>\n<td>Mindestbetriebszeit des AP 300-Akkus<\/td>\n<td>13 min <sup>2)<\/sup><\/td>\n<\/tr>\n<tr>\n<td>Maximale Betriebsdauer des AP 300-Akkus<\/td>\n<td>26 min <sup>2)<\/sup><\/td>\n<\/tr>\n<tr>\n<td>Mindestbetriebszeit der Batterie des AP 300 S<\/td>\n<td>16 min <sup>2)<\/sup><\/td>\n<\/tr>\n<tr>\n<td>Maximale Betriebsdauer des AP 300 S-Akkus<\/td>\n<td>32 min <sup>2)<\/sup><\/td>\n<\/tr>\n<tr>\n<td>Mindestbetriebszeit des AP 500 S-Akkus<\/td>\n<td>20 min <sup>2)<\/sup><\/td>\n<\/tr>\n<tr>\n<td>Maximale Betriebsdauer des AP 500 S-Akkus<\/td>\n<td>39 min <sup>2)<\/sup><\/td>\n<\/tr>\n<tr>\n<td>Schalldruckpegel<\/td>\n<td>84 dB(A) <sup>3)<\/sup><\/td>\n<\/tr>\n<tr>\n<td>Schalldruckpegel 15 m Entfernung<\/td>\n<td>64 dB(A) <sup>4)<\/sup><\/td>\n<\/tr>\n<tr>\n<td>Schallleistungspegel<\/td>\n<td>94 dB(A) <sup>3)<\/sup><\/td>\n<\/tr>\n<tr>\n<td>Rechter Schwingungswert<\/td>\n<td>0,2 m\/s\u00b2 <sup>5)<\/sup><\/td>\n<\/tr>\n<\/tbody>\n<\/table>\n","protected":false},"excerpt":{"rendered":"<p>Effiziente Reinigung von gro\u00dfen Fl\u00e4chen mit hoher Blaskraft Das leistungsstarke STIHL Akku-Handgebl\u00e4se BRA 500 eignet sich besonders f\u00fcr professionelle Greenkeeper,<\/p>\n","protected":false},"featured_media":628820,"template":"","meta":{"_seopress_robots_primary_cat":"none","_seopress_titles_title":"","_seopress_titles_desc":"","_seopress_robots_index":""},"product_brand":[3366],"product_cat":[29,485,489],"product_tag":[],"class_list":{"0":"post-628958","1":"product","2":"type-product","3":"status-publish","4":"has-post-thumbnail","6":"product_brand-stihl","7":"product_cat-macchinari","8":"product_cat-soffiatori-e-aspiratori","9":"product_cat-soffiatori-a-batteria","10":"sws-gruppo-macchinari-de","11":"sws-conto-ricavi-merci-rivendita-macchinari-de","12":"sws-gruppo-iva-iva81-de","14":"first","15":"instock","16":"shipping-taxable","17":"purchasable","18":"product-type-simple"},"_links":{"self":[{"href":"https:\/\/lucacastelli.com\/de\/wp-json\/wp\/v2\/product\/628958","targetHints":{"allow":["GET"]}}],"collection":[{"href":"https:\/\/lucacastelli.com\/de\/wp-json\/wp\/v2\/product"}],"about":[{"href":"https:\/\/lucacastelli.com\/de\/wp-json\/wp\/v2\/types\/product"}],"wp:featuredmedia":[{"embeddable":true,"href":"https:\/\/lucacastelli.com\/de\/wp-json\/wp\/v2\/media\/628820"}],"wp:attachment":[{"href":"https:\/\/lucacastelli.com\/de\/wp-json\/wp\/v2\/media?parent=628958"}],"wp:term":[{"taxonomy":"product_brand","embeddable":true,"href":"https:\/\/lucacastelli.com\/de\/wp-json\/wp\/v2\/product_brand?post=628958"},{"taxonomy":"product_cat","embeddable":true,"href":"https:\/\/lucacastelli.com\/de\/wp-json\/wp\/v2\/product_cat?post=628958"},{"taxonomy":"product_tag","embeddable":true,"href":"https:\/\/lucacastelli.com\/de\/wp-json\/wp\/v2\/product_tag?post=628958"}],"curies":[{"name":"wp","href":"https:\/\/api.w.org\/{rel}","templated":true}]}}