{"id":628942,"date":"2025-09-04T19:35:55","date_gmt":"2025-09-04T17:35:55","guid":{"rendered":"https:\/\/lucacastelli.com\/prodotto\/stihl-fsa-110-r-akku-freischneider-nur-maschine\/"},"modified":"2025-09-04T19:35:55","modified_gmt":"2025-09-04T17:35:55","slug":"stihl-fsa-110-r-akku-freischneider-nur-maschine","status":"publish","type":"product","link":"https:\/\/lucacastelli.com\/de\/produkt\/stihl-fsa-110-r-akku-freischneider-nur-maschine\/","title":{"rendered":"STIHL FSA 110 R Akku-Freischneider (nur Maschine)"},"content":{"rendered":"<p>Der leistungsstarke Akku-Freischneider STIHL FSA 110 R aus dem <a href=\"https:\/\/www.stihl.it\/it\/tecnologia-stihl\/carica-batteria-stihl\/stihl-sistema-ap\"><strong>STIHL AP-System<\/strong><\/a> eignet sich f\u00fcr professionelle M\u00e4harbeiten in kleinen Betrieben, z. B. im Geb\u00e4udemanagement, und f\u00fcr anspruchsvolle Arbeiten im privaten Bereich. Er \u00fcberzeugt durch seine Kombination aus guter Schnittleistung und geringem Gewicht, z. B. f\u00fcr <a href=\"https:\/\/www.stihl.it\/it\/diy-stihl\/giardino-fai-da-te\/cura-del-prato\/sfalciare-erba\"><strong>M\u00e4hen von Gras <\/strong><\/a>mittlerer H\u00f6he, zum Trimmen von schwer zug\u00e4nglichen Stellen und zum M\u00e4hen von Rasenkanten. Besonderen Komfort bietet der STIHL FSA 110 R mit seinem Rapid Click System, mit dem du den Schneidkopf schnell und einfach per Knopfdruck abnehmen kannst. Mit Advanced EasySpool kannst du das Seil bequem von Hand in den Schneidkopf einspulen.   <\/p>\n<p>Der b\u00fcrstenlose EC-Motor kann direkt am Griff \u00fcber eine variable Geschwindigkeitsregelung mit 2 Geschwindigkeitsstufen gesteuert werden. F\u00fcr einfachere Aufgaben, wie das Trimmen von Rasenkanten, w\u00e4hlst du im ECO-Modus (Stufe 1) eine niedrigere Geschwindigkeit. Dadurch wird der Energieverbrauch gesenkt und die Lebensdauer der Batterie verl\u00e4ngert. F\u00fcr anspruchsvollere Aufgaben, wie das M\u00e4hen von dichtem Gras, kannst du die maximale Geschwindigkeit nutzen, indem du einfach \u00fcber den Schiebeschalter auf Stufe 2 umschaltest. Die Geschwindigkeit passt sich automatisch an das montierte Schneidwerkzeug an und kann stufenlos eingestellt werden. Au\u00dferdem sorgt die intelligente Elektronik daf\u00fcr, dass der FSA 110 R unabh\u00e4ngig vom Ladezustand der Batterie kontinuierlich mit hoher Leistung l\u00e4uft.     <\/p>\n<p>Kompakt und gut ausbalanciert, erm\u00f6glicht der STIHL FSA 110 R dank seines Rundgriffs mit Weichkomponente flexibles Arbeiten mit viel Bewegungsfreiheit. Das macht sich besonders beim Trimmen auf engem Raum, beim M\u00e4hen zwischen B\u00e4umen und B\u00fcschen oder in anderen beengten Bereichen bemerkbar. Au\u00dferdem l\u00e4sst sich der werkzeuglos verstellbare Rundstiel leicht an deine K\u00f6rpergr\u00f6\u00dfe anpassen, so dass du jederzeit eine ergonomische Arbeitshaltung einnehmen kannst.  <\/p>\n<p>Der kabellose Freischneider FSA 110 R ist so leise, dass er ohne Geh\u00f6rschutz und sogar in l\u00e4rmempfindlichen Bereichen wie Schulen, Krankenh\u00e4usern oder Stadtparks eingesetzt werden kann.<\/p>\n<p>F\u00fcr M\u00e4harbeiten empfehlen wir die Verwendung von rundem Schneiddraht mit einem Durchmesser von 2,4 mm. Der STIHL PolyCut 12-2 Schneidkopf mit Kunststoffklingen ist ebenfalls als optionales Zubeh\u00f6r erh\u00e4ltlich und kann ohne Werkzeug ausgetauscht werden. Dank der praktischen Aufh\u00e4nge\u00f6se kannst du den STIHL FSA 110 R an die Wand h\u00e4ngen. <\/p>\n<p>In unserer <a href=\"https:\/\/www.stihl.it\/it\/tecnologia-stihl\/carica-batteria-stihl\/durata-batterie-stihl\"><strong>\u00dcbersicht der Akku-Lauf- und Ladezeiten<\/strong><\/a>kannst du sehen, wie lange du mit deinem STIHL FSA 110 R Akku-Freischneider arbeiten kannst und wie lange der Akku zum Aufladen braucht.<\/p>\n<p>Alle STIHL AP-Akkuger\u00e4te sind f\u00fcr den regelm\u00e4\u00dfigen professionellen Einsatz auch bei widrigen Witterungsbedingungen ausgelegt. Sie sind daher mit einem gepr\u00fcften Spritzwasserschutz ausgestattet. Ihre Wirksamkeit wird durch strenge interne Tests nachgewiesen. Der Spritzwassertest basiert u.a. auf dem IPX4-Standard. Der kabellose Freischneider FSA 110 R ist auch f\u00fcr Arbeiten im Regen geeignet.    <\/p>\n<p>F\u00fcr eine optimale Nutzung entnehmen Sie bitte unserer \u00dcbersicht <a href=\"https:\/\/www.stihl.it\/it\/tecnologia-stihl\/carica-batteria-stihl\/compatibilita-batterie\">\u00fcber die Akku-Kompatibilit\u00e4t.<\/a><\/p>\n<p>&nbsp;<\/p>\n<p>&nbsp;<\/p>\n<p>&nbsp;<\/p>\n<table data-test-id=\"pdp-spec-tech-table\">\n<tbody>\n<tr>\n<td>Nennspannung<\/td>\n<td>36 V<\/td>\n<\/tr>\n<tr>\n<td>Leistungsaufnahme<\/td>\n<td>1 kW<\/td>\n<\/tr>\n<tr>\n<td>Leistung<\/td>\n<td>0,80 kW <sup>1<!-- --><\/sup> )<\/td>\n<\/tr>\n<tr>\n<td>Batteriesystem<\/td>\n<td>AP<\/td>\n<\/tr>\n<tr>\n<td>Empfohlene Batterie<\/td>\n<td>AP 200 S<\/td>\n<\/tr>\n<tr>\n<td>Gewicht des Ger\u00e4ts ohne Batterie<\/td>\n<td>3,2 kg <sup>2)<\/sup><\/td>\n<\/tr>\n<tr>\n<td>Durchmesser des Schnittumfangs<\/td>\n<td>380 mm<\/td>\n<\/tr>\n<tr>\n<td>IP-Schutzart<\/td>\n<td>IPX4<\/td>\n<\/tr>\n<tr>\n<td>Minimale Akkulaufzeit AP 100 mit b\u00fcndigem Schneidkopf<\/td>\n<td>20 min <sup>3)<\/sup><\/td>\n<\/tr>\n<tr>\n<td>Maximale Akkulaufzeit AP 100 mit b\u00fcndigem Schneidkopf<\/td>\n<td>30 min <sup>3)<\/sup><\/td>\n<\/tr>\n<tr>\n<td>Minimale Akkulaufzeit AP 200 mit b\u00fcndigem Schneidkopf<\/td>\n<td>30 min <sup>3)<\/sup><\/td>\n<\/tr>\n<tr>\n<td>Maximale Akkulaufzeit AP 200 mit b\u00fcndigem Schneidkopf<\/td>\n<td>60 min <sup>3)<\/sup><\/td>\n<\/tr>\n<tr>\n<td>Minimale Akkulaufzeit AP 200 S mit b\u00fcndigem Schneidkopf<\/td>\n<td>30 min <sup>3)<\/sup><\/td>\n<\/tr>\n<tr>\n<td>Maximale Akkulaufzeit AP 200 S mit b\u00fcndigem Schneidkopf<\/td>\n<td>60 min <sup>3)<\/sup><\/td>\n<\/tr>\n<tr>\n<td>Minimale Akkulaufzeit AP 300 mit b\u00fcndigem Schneidkopf<\/td>\n<td>40 min <sup>3)<\/sup><\/td>\n<\/tr>\n<tr>\n<td>Maximale Akkulaufzeit AP 300 mit b\u00fcndigem Schneidkopf<\/td>\n<td>80 min <sup>3)<\/sup><\/td>\n<\/tr>\n<tr>\n<td>Minimale Akkulaufzeit AP 300 S mit b\u00fcndigem Schneidkopf<\/td>\n<td>50 min <sup>3)<\/sup><\/td>\n<\/tr>\n<tr>\n<td>Maximale Akkulaufzeit AP 300 S mit b\u00fcndigem Schneidkopf<\/td>\n<td>100 min <sup>3)<\/sup><\/td>\n<\/tr>\n<tr>\n<td>Minimale Akkulaufzeit AP 500 S mit b\u00fcndigem Schneidkopf<\/td>\n<td>60 min <sup>3)<\/sup><\/td>\n<\/tr>\n<tr>\n<td>Maximale Akkulaufzeit AP 500 S mit b\u00fcndigem Schneidkopf<\/td>\n<td>120 min <sup>3)<\/sup><\/td>\n<\/tr>\n<tr>\n<td>Minimale Batterielebensdauer AR 2000 L mit b\u00fcndigem Schneidkopf<\/td>\n<td>210 min <sup>3)<\/sup><\/td>\n<\/tr>\n<tr>\n<td>Maximale Akkulaufzeit AR 2000 L mit b\u00fcndigem Schneidkopf<\/td>\n<td>400 min <sup>3)<\/sup><\/td>\n<\/tr>\n<tr>\n<td>Minimale Batterielebensdauer AR 3000 L mit b\u00fcndigem Schneidkopf<\/td>\n<td>290 min <sup>3)<\/sup><\/td>\n<\/tr>\n<tr>\n<td>Maximale Akkulaufzeit AR 3000 L mit b\u00fcndigem Schneidkopf<\/td>\n<td>570 min <sup>3)<\/sup><\/td>\n<\/tr>\n<tr>\n<td>L\u00e4nge des Ger\u00e4ts ohne Schneidwerkzeug<\/td>\n<td>171 cm<\/td>\n<\/tr>\n<tr>\n<td>Schalldruckpegel<\/td>\n<td>76 dB(A) <sup>4)<\/sup><\/td>\n<\/tr>\n<tr>\n<td>Schallleistungspegel<\/td>\n<td>91 dB(A) <sup>4)<\/sup><\/td>\n<\/tr>\n<tr>\n<td>Linke Hand Vibrationswert mit rechter Hand<\/td>\n<td>4,9 m\/s\u00b2 <sup>5)<\/sup><\/td>\n<\/tr>\n<tr>\n<td>Linke Hand Vibrationswert mit rechter Hand<\/td>\n<td>3,8 m\/s\u00b2 <sup>5)<\/sup><\/td>\n<\/tr>\n<tr>\n<td>Wert f\u00fcr rechtsdrehende Vibration<\/td>\n<td>2 m\/s\u00b2 <sup>5)<\/sup><\/td>\n<\/tr>\n<tr>\n<td>Wert f\u00fcr rechtsdrehende Vibration<\/td>\n<td>2 m\/s\u00b2 <sup>5)<\/sup><\/td>\n<\/tr>\n<\/tbody>\n<\/table>\n","protected":false},"excerpt":{"rendered":"<p>Der leistungsstarke Akku-Freischneider STIHL FSA 110 R aus dem STIHL AP-System eignet sich f\u00fcr professionelle M\u00e4harbeiten in kleinen Betrieben, z.<\/p>\n","protected":false},"featured_media":628809,"template":"","meta":{"_seopress_robots_primary_cat":"","_seopress_titles_title":"","_seopress_titles_desc":"","_seopress_robots_index":""},"product_brand":[3366],"product_cat":[29,281],"product_tag":[],"class_list":{"0":"post-628942","1":"product","2":"type-product","3":"status-publish","4":"has-post-thumbnail","6":"product_brand-stihl","7":"product_cat-macchinari","8":"product_cat-decespugliatori-e-tagliabordi-a-batteria","9":"sws-gruppo-macchinari-de","10":"sws-conto-ricavi-merci-rivendita-macchinari-de","11":"sws-gruppo-iva-iva81-de","13":"first","14":"instock","15":"shipping-taxable","16":"purchasable","17":"product-type-simple"},"_links":{"self":[{"href":"https:\/\/lucacastelli.com\/de\/wp-json\/wp\/v2\/product\/628942","targetHints":{"allow":["GET"]}}],"collection":[{"href":"https:\/\/lucacastelli.com\/de\/wp-json\/wp\/v2\/product"}],"about":[{"href":"https:\/\/lucacastelli.com\/de\/wp-json\/wp\/v2\/types\/product"}],"wp:featuredmedia":[{"embeddable":true,"href":"https:\/\/lucacastelli.com\/de\/wp-json\/wp\/v2\/media\/628809"}],"wp:attachment":[{"href":"https:\/\/lucacastelli.com\/de\/wp-json\/wp\/v2\/media?parent=628942"}],"wp:term":[{"taxonomy":"product_brand","embeddable":true,"href":"https:\/\/lucacastelli.com\/de\/wp-json\/wp\/v2\/product_brand?post=628942"},{"taxonomy":"product_cat","embeddable":true,"href":"https:\/\/lucacastelli.com\/de\/wp-json\/wp\/v2\/product_cat?post=628942"},{"taxonomy":"product_tag","embeddable":true,"href":"https:\/\/lucacastelli.com\/de\/wp-json\/wp\/v2\/product_tag?post=628942"}],"curies":[{"name":"wp","href":"https:\/\/api.w.org\/{rel}","templated":true}]}}